{"id":1098,"date":"2016-06-09T08:39:48","date_gmt":"2016-06-09T08:39:48","guid":{"rendered":"https:\/\/www.ambpower.com\/?page_id=1098"},"modified":"2025-12-08T17:42:58","modified_gmt":"2025-12-08T15:42:58","slug":"https-www-empuron-com-index-php-de-zertifikate","status":"publish","type":"page","link":"https:\/\/www.empuron.com\/index.php\/de\/https-www-empuron-com-index-php-de-zertifikate\/","title":{"rendered":"ZERTIFIKATE"},"content":{"rendered":"<div id=\"pl-1098\"  class=\"panel-layout\" ><div id=\"pg-1098-0\"  class=\"panel-grid panel-has-style\" ><div class=\"so-parallax siteorigin-panels-stretch panel-row-style panel-row-style-for-1098-0\" data-stretch-type=\"full\" ><img fetchpriority=\"high\" decoding=\"async\" width=\"1600\" height=\"500\" src=\"https:\/\/www.empuron.com\/wp-content\/uploads\/2016\/06\/Empuron_Tisch.jpg\" class=\"attachment-full size-full\" alt=\"\" data-siteorigin-parallax=\"true\" loading=\"eager\" srcset=\"https:\/\/www.empuron.com\/wp-content\/uploads\/2016\/06\/Empuron_Tisch.jpg 1600w, https:\/\/www.empuron.com\/wp-content\/uploads\/2016\/06\/Empuron_Tisch-300x94.jpg 300w, https:\/\/www.empuron.com\/wp-content\/uploads\/2016\/06\/Empuron_Tisch-1024x320.jpg 1024w\" sizes=\"(max-width: 1600px) 100vw, 1600px\" \/><div id=\"pgc-1098-0-0\"  class=\"panel-grid-cell\" ><div id=\"panel-1098-0-0-0\" class=\"so-panel widget_sow-editor panel-first-child panel-last-child\" data-index=\"0\" ><div\n\t\t\t\n\t\t\tclass=\"so-widget-sow-editor so-widget-sow-editor-base\"\n\t\t\t\n\t\t>\n<div class=\"siteorigin-widget-tinymce textwidget\">\n\t<h1 style=\"text-align: center;\"><span style=\"color: #212e3a;\"><img loading=\"lazy\" decoding=\"async\" class=\"alignnone wp-image-2054 size-full\" src=\"https:\/\/www.empuron.com\/wp-content\/uploads\/2017\/05\/Emp_Logo.png\" width=\"80\" height=\"80\" \/><br \/>\nZERTIFIKATE<br \/>\n<\/span><\/h1>\n<\/div>\n<\/div><\/div><\/div><\/div><\/div><div id=\"pg-1098-1\"  class=\"panel-grid panel-has-style\" ><div class=\"siteorigin-panels-stretch panel-row-style panel-row-style-for-1098-1\" data-stretch-type=\"full\" ><div id=\"pgc-1098-1-0\"  class=\"panel-grid-cell\" ><div id=\"panel-1098-1-0-0\" class=\"so-panel widget_sow-editor panel-first-child panel-last-child\" data-index=\"1\" ><div\n\t\t\t\n\t\t\tclass=\"so-widget-sow-editor so-widget-sow-editor-base\"\n\t\t\t\n\t\t>\n<div class=\"siteorigin-widget-tinymce textwidget\">\n\t<h2>ISO 9001<\/h2>\n<p style=\"text-align: left;\">Zertifiziert nach ISO 9001 -\u00a0Made in Germany definiert zuammen mit der <a href=\"https:\/\/de.wikipedia.org\/wiki\/Qualit%C3%A4tsmanagementnorm\">ISO 9001<\/a> Norm einen hohen Anspruch an die EMPURON-Produkte.\u00a0Die stetig wachsende Qualit\u00e4t unserer Produkte ist das Ergebnis umfassender Qualit\u00e4tsma\u00dfnahmen und unserer Unternehmenspolitik.\u00a0Die EMPURON AG verf\u00fcgt mit der Einf\u00fchrung ihres ISO 9001 Systems \u00fcber Vorgehensweisen, die zu hochqualitativen <a href=\"https:\/\/www.empuron.com\/index.php\/de\/produkte\/\">Produkten<\/a> f\u00fchren.<\/p>\n<\/div>\n<\/div><\/div><\/div><\/div><\/div><div id=\"pg-1098-2\"  class=\"panel-grid panel-has-style\" ><div class=\"siteorigin-panels-stretch panel-row-style panel-row-style-for-1098-2\" data-stretch-type=\"full\" ><div id=\"pgc-1098-2-0\"  class=\"panel-grid-cell\" ><div id=\"panel-1098-2-0-0\" class=\"so-panel widget_sow-image panel-first-child panel-last-child\" data-index=\"2\" ><div\n\t\t\t\n\t\t\tclass=\"so-widget-sow-image so-widget-sow-image-default-c67d20f9f743-1098\"\n\t\t\t data-overlay-enabled=\"1\" data-overlay-settings=\"{&quot;enabled_for_widgets&quot;:[&quot;sow-image&quot;,&quot;sow-image-grid&quot;,&quot;sow-simple-masonry&quot;],&quot;theme&quot;:&quot;&quot;,&quot;show_delay&quot;:300,&quot;overlay_color&quot;:&quot;#000000&quot;,&quot;overlay_opacity&quot;:0.8,&quot;overlay_position&quot;:&quot;bottom&quot;,&quot;overlay_size&quot;:0.3,&quot;desktop_show_trigger&quot;:&quot;hover&quot;,&quot;touch_show_trigger&quot;:&quot;touch&quot;,&quot;responsive_breakpoint&quot;:&quot;1024px&quot;,&quot;responsive_breakpoint_unit&quot;:&quot;px&quot;,&quot;overlay_animation&quot;:&quot;fade&quot;,&quot;overlay_animation_onscreen&quot;:false,&quot;font_family&quot;:&quot;&quot;,&quot;text_size&quot;:&quot;15px&quot;,&quot;text_size_unit&quot;:&quot;px&quot;,&quot;text_color&quot;:&quot;#fff&quot;,&quot;text_padding&quot;:&quot;22px 22px 22px 22px&quot;,&quot;text_position&quot;:&quot;middle&quot;,&quot;text_align&quot;:&quot;left&quot;,&quot;text_animation&quot;:&quot;&quot;}\"\n\t\t>\n<div class=\"sow-image-container\">\n\t\t<img \n\tsrc=\"https:\/\/www.empuron.com\/wp-content\/uploads\/2025\/12\/ISO9001_EAG_DE-719x1024.jpg\" width=\"719\" height=\"1024\" srcset=\"https:\/\/www.empuron.com\/wp-content\/uploads\/2025\/12\/ISO9001_EAG_DE-719x1024.jpg 719w, https:\/\/www.empuron.com\/wp-content\/uploads\/2025\/12\/ISO9001_EAG_DE-211x300.jpg 211w, https:\/\/www.empuron.com\/wp-content\/uploads\/2025\/12\/ISO9001_EAG_DE-1079x1536.jpg 1079w, https:\/\/www.empuron.com\/wp-content\/uploads\/2025\/12\/ISO9001_EAG_DE-1439x2048.jpg 1439w, https:\/\/www.empuron.com\/wp-content\/uploads\/2025\/12\/ISO9001_EAG_DE-scaled.jpg 1798w\" sizes=\"(max-width: 719px) 100vw, 719px\" title=\"DIN EN ISO 9001 Zertifikat\" alt=\"DIN EN ISO 9001 Zertifikat\" \t\tclass=\"so-widget-image\"\/>\n\t<\/div>\n\n<\/div><\/div><\/div><\/div><\/div><\/div>","protected":false},"excerpt":{"rendered":"<p>ZERTIFIKATE ISO 9001 Zertifiziert nach ISO 9001 &#8211;\u00a0Made in Germany definiert zuammen mit der ISO 9001 Norm einen hohen Anspruch an die EMPURON-Produkte.\u00a0Die stetig wachsende Qualit\u00e4t unserer Produkte ist das Ergebnis umfassender Qualit\u00e4tsma\u00dfnahmen und unserer Unternehmenspolitik.\u00a0Die EMPURON AG verf\u00fcgt mit der Einf\u00fchrung ihres ISO 9001 Systems \u00fcber Vorgehensweisen, die zu hochqualitativen Produkten f\u00fchren.<\/p>\n","protected":false},"author":2,"featured_media":0,"parent":0,"menu_order":0,"comment_status":"closed","ping_status":"closed","template":"","meta":{"om_disable_all_campaigns":false,"footnotes":""},"class_list":["post-1098","page","type-page","status-publish","hentry"],"yoast_head":"<!-- This site is optimized with the Yoast SEO Premium plugin v18.5 (Yoast SEO v27.3) - https:\/\/yoast.com\/product\/yoast-seo-premium-wordpress\/ -->\n<title>EMPURON ZERTIFIKATE DIN EN ISO 9001, DIN EN ISO 50001: 2018<\/title>\n<meta name=\"description\" content=\"Die Firma EMPURON ist nach DIN EN ISO 9001 zertifiziert, unsere Software EMPURON EVE nach DIN EN ISO 50001: 2018 und Bafa-f\u00f6rderf\u00e4hig!\" \/>\n<meta name=\"robots\" content=\"index, follow, max-snippet:-1, max-image-preview:large, max-video-preview:-1\" \/>\n<link rel=\"canonical\" href=\"https:\/\/www.empuron.com\/index.php\/de\/https-www-empuron-com-index-php-de-zertifikate\/\" \/>\n<meta property=\"og:locale\" content=\"de_DE\" \/>\n<meta property=\"og:type\" content=\"article\" \/>\n<meta property=\"og:title\" content=\"ZERTIFIKATE\" \/>\n<meta property=\"og:description\" content=\"Die Firma EMPURON ist nach DIN EN ISO 9001 zertifiziert, unsere Software EMPURON EVE nach DIN EN ISO 50001: 2018 und Bafa-f\u00f6rderf\u00e4hig!\" \/>\n<meta property=\"og:url\" content=\"https:\/\/www.empuron.com\/index.php\/de\/https-www-empuron-com-index-php-de-zertifikate\/\" \/>\n<meta property=\"og:site_name\" content=\"EMPURON\" \/>\n<meta property=\"article:modified_time\" content=\"2025-12-08T15:42:58+00:00\" \/>\n<meta property=\"og:image\" content=\"https:\/\/www.empuron.com\/wp-content\/uploads\/2016\/06\/Empuron_Tisch.jpg\" \/>\n<meta name=\"twitter:card\" content=\"summary_large_image\" \/>\n<meta name=\"twitter:label1\" content=\"Gesch\u00e4tzte Lesezeit\" \/>\n\t<meta name=\"twitter:data1\" content=\"1\u00a0Minute\" \/>\n<script type=\"application\/ld+json\" class=\"yoast-schema-graph\">{\"@context\":\"https:\\\/\\\/schema.org\",\"@graph\":[{\"@type\":\"WebPage\",\"@id\":\"https:\\\/\\\/www.empuron.com\\\/index.php\\\/de\\\/https-www-empuron-com-index-php-de-zertifikate\\\/\",\"url\":\"https:\\\/\\\/www.empuron.com\\\/index.php\\\/de\\\/https-www-empuron-com-index-php-de-zertifikate\\\/\",\"name\":\"EMPURON ZERTIFIKATE DIN EN ISO 9001, DIN EN ISO 50001: 2018\",\"isPartOf\":{\"@id\":\"https:\\\/\\\/www.empuron.com\\\/#website\"},\"primaryImageOfPage\":{\"@id\":\"https:\\\/\\\/www.empuron.com\\\/index.php\\\/de\\\/https-www-empuron-com-index-php-de-zertifikate\\\/#primaryimage\"},\"image\":{\"@id\":\"https:\\\/\\\/www.empuron.com\\\/index.php\\\/de\\\/https-www-empuron-com-index-php-de-zertifikate\\\/#primaryimage\"},\"thumbnailUrl\":\"https:\\\/\\\/www.empuron.com\\\/wp-content\\\/uploads\\\/2016\\\/06\\\/Empuron_Tisch.jpg\",\"datePublished\":\"2016-06-09T08:39:48+00:00\",\"dateModified\":\"2025-12-08T15:42:58+00:00\",\"description\":\"Die Firma EMPURON ist nach DIN EN ISO 9001 zertifiziert, unsere Software EMPURON EVE nach DIN EN ISO 50001: 2018 und Bafa-f\u00f6rderf\u00e4hig!\",\"breadcrumb\":{\"@id\":\"https:\\\/\\\/www.empuron.com\\\/index.php\\\/de\\\/https-www-empuron-com-index-php-de-zertifikate\\\/#breadcrumb\"},\"inLanguage\":\"de\",\"potentialAction\":[{\"@type\":\"ReadAction\",\"target\":[\"https:\\\/\\\/www.empuron.com\\\/index.php\\\/de\\\/https-www-empuron-com-index-php-de-zertifikate\\\/\"]}]},{\"@type\":\"ImageObject\",\"inLanguage\":\"de\",\"@id\":\"https:\\\/\\\/www.empuron.com\\\/index.php\\\/de\\\/https-www-empuron-com-index-php-de-zertifikate\\\/#primaryimage\",\"url\":\"https:\\\/\\\/www.empuron.com\\\/wp-content\\\/uploads\\\/2016\\\/06\\\/Empuron_Tisch.jpg\",\"contentUrl\":\"https:\\\/\\\/www.empuron.com\\\/wp-content\\\/uploads\\\/2016\\\/06\\\/Empuron_Tisch.jpg\",\"width\":1600,\"height\":500},{\"@type\":\"BreadcrumbList\",\"@id\":\"https:\\\/\\\/www.empuron.com\\\/index.php\\\/de\\\/https-www-empuron-com-index-php-de-zertifikate\\\/#breadcrumb\",\"itemListElement\":[{\"@type\":\"ListItem\",\"position\":1,\"name\":\"Startseite\",\"item\":\"https:\\\/\\\/www.empuron.com\\\/index.php\\\/de\\\/https-www-empuron-com-index-php-de-https-www-empuron-com-index-php-de-empuron-ueberlegenes-energiemanagement\\\/\"},{\"@type\":\"ListItem\",\"position\":2,\"name\":\"ZERTIFIKATE\"}]},{\"@type\":\"WebSite\",\"@id\":\"https:\\\/\\\/www.empuron.com\\\/#website\",\"url\":\"https:\\\/\\\/www.empuron.com\\\/\",\"name\":\"EMPURON\",\"description\":\"Specialised in Energy Intelligence Solutions\",\"publisher\":{\"@id\":\"https:\\\/\\\/www.empuron.com\\\/#organization\"},\"potentialAction\":[{\"@type\":\"SearchAction\",\"target\":{\"@type\":\"EntryPoint\",\"urlTemplate\":\"https:\\\/\\\/www.empuron.com\\\/?s={search_term_string}\"},\"query-input\":{\"@type\":\"PropertyValueSpecification\",\"valueRequired\":true,\"valueName\":\"search_term_string\"}}],\"inLanguage\":\"de\"},{\"@type\":\"Organization\",\"@id\":\"https:\\\/\\\/www.empuron.com\\\/#organization\",\"name\":\"EMPURON AG\",\"url\":\"https:\\\/\\\/www.empuron.com\\\/\",\"logo\":{\"@type\":\"ImageObject\",\"inLanguage\":\"de\",\"@id\":\"https:\\\/\\\/www.empuron.com\\\/#\\\/schema\\\/logo\\\/image\\\/\",\"url\":\"https:\\\/\\\/www.empuron.com\\\/wp-content\\\/uploads\\\/2017\\\/05\\\/Emp_Logo.png\",\"contentUrl\":\"https:\\\/\\\/www.empuron.com\\\/wp-content\\\/uploads\\\/2017\\\/05\\\/Emp_Logo.png\",\"width\":80,\"height\":80,\"caption\":\"EMPURON AG\"},\"image\":{\"@id\":\"https:\\\/\\\/www.empuron.com\\\/#\\\/schema\\\/logo\\\/image\\\/\"},\"sameAs\":[\"https:\\\/\\\/www.linkedin.com\\\/company\\\/2127395\\\/\"]}]}<\/script>\n<!-- \/ Yoast SEO Premium plugin. -->","yoast_head_json":{"title":"EMPURON ZERTIFIKATE DIN EN ISO 9001, DIN EN ISO 50001: 2018","description":"Die Firma EMPURON ist nach DIN EN ISO 9001 zertifiziert, unsere Software EMPURON EVE nach DIN EN ISO 50001: 2018 und Bafa-f\u00f6rderf\u00e4hig!","robots":{"index":"index","follow":"follow","max-snippet":"max-snippet:-1","max-image-preview":"max-image-preview:large","max-video-preview":"max-video-preview:-1"},"canonical":"https:\/\/www.empuron.com\/index.php\/de\/https-www-empuron-com-index-php-de-zertifikate\/","og_locale":"de_DE","og_type":"article","og_title":"ZERTIFIKATE","og_description":"Die Firma EMPURON ist nach DIN EN ISO 9001 zertifiziert, unsere Software EMPURON EVE nach DIN EN ISO 50001: 2018 und Bafa-f\u00f6rderf\u00e4hig!","og_url":"https:\/\/www.empuron.com\/index.php\/de\/https-www-empuron-com-index-php-de-zertifikate\/","og_site_name":"EMPURON","article_modified_time":"2025-12-08T15:42:58+00:00","og_image":[{"url":"https:\/\/www.empuron.com\/wp-content\/uploads\/2016\/06\/Empuron_Tisch.jpg","type":"","width":"","height":""}],"twitter_card":"summary_large_image","twitter_misc":{"Gesch\u00e4tzte Lesezeit":"1\u00a0Minute"},"schema":{"@context":"https:\/\/schema.org","@graph":[{"@type":"WebPage","@id":"https:\/\/www.empuron.com\/index.php\/de\/https-www-empuron-com-index-php-de-zertifikate\/","url":"https:\/\/www.empuron.com\/index.php\/de\/https-www-empuron-com-index-php-de-zertifikate\/","name":"EMPURON ZERTIFIKATE DIN EN ISO 9001, DIN EN ISO 50001: 2018","isPartOf":{"@id":"https:\/\/www.empuron.com\/#website"},"primaryImageOfPage":{"@id":"https:\/\/www.empuron.com\/index.php\/de\/https-www-empuron-com-index-php-de-zertifikate\/#primaryimage"},"image":{"@id":"https:\/\/www.empuron.com\/index.php\/de\/https-www-empuron-com-index-php-de-zertifikate\/#primaryimage"},"thumbnailUrl":"https:\/\/www.empuron.com\/wp-content\/uploads\/2016\/06\/Empuron_Tisch.jpg","datePublished":"2016-06-09T08:39:48+00:00","dateModified":"2025-12-08T15:42:58+00:00","description":"Die Firma EMPURON ist nach DIN EN ISO 9001 zertifiziert, unsere Software EMPURON EVE nach DIN EN ISO 50001: 2018 und Bafa-f\u00f6rderf\u00e4hig!","breadcrumb":{"@id":"https:\/\/www.empuron.com\/index.php\/de\/https-www-empuron-com-index-php-de-zertifikate\/#breadcrumb"},"inLanguage":"de","potentialAction":[{"@type":"ReadAction","target":["https:\/\/www.empuron.com\/index.php\/de\/https-www-empuron-com-index-php-de-zertifikate\/"]}]},{"@type":"ImageObject","inLanguage":"de","@id":"https:\/\/www.empuron.com\/index.php\/de\/https-www-empuron-com-index-php-de-zertifikate\/#primaryimage","url":"https:\/\/www.empuron.com\/wp-content\/uploads\/2016\/06\/Empuron_Tisch.jpg","contentUrl":"https:\/\/www.empuron.com\/wp-content\/uploads\/2016\/06\/Empuron_Tisch.jpg","width":1600,"height":500},{"@type":"BreadcrumbList","@id":"https:\/\/www.empuron.com\/index.php\/de\/https-www-empuron-com-index-php-de-zertifikate\/#breadcrumb","itemListElement":[{"@type":"ListItem","position":1,"name":"Startseite","item":"https:\/\/www.empuron.com\/index.php\/de\/https-www-empuron-com-index-php-de-https-www-empuron-com-index-php-de-empuron-ueberlegenes-energiemanagement\/"},{"@type":"ListItem","position":2,"name":"ZERTIFIKATE"}]},{"@type":"WebSite","@id":"https:\/\/www.empuron.com\/#website","url":"https:\/\/www.empuron.com\/","name":"EMPURON","description":"Specialised in Energy Intelligence Solutions","publisher":{"@id":"https:\/\/www.empuron.com\/#organization"},"potentialAction":[{"@type":"SearchAction","target":{"@type":"EntryPoint","urlTemplate":"https:\/\/www.empuron.com\/?s={search_term_string}"},"query-input":{"@type":"PropertyValueSpecification","valueRequired":true,"valueName":"search_term_string"}}],"inLanguage":"de"},{"@type":"Organization","@id":"https:\/\/www.empuron.com\/#organization","name":"EMPURON AG","url":"https:\/\/www.empuron.com\/","logo":{"@type":"ImageObject","inLanguage":"de","@id":"https:\/\/www.empuron.com\/#\/schema\/logo\/image\/","url":"https:\/\/www.empuron.com\/wp-content\/uploads\/2017\/05\/Emp_Logo.png","contentUrl":"https:\/\/www.empuron.com\/wp-content\/uploads\/2017\/05\/Emp_Logo.png","width":80,"height":80,"caption":"EMPURON AG"},"image":{"@id":"https:\/\/www.empuron.com\/#\/schema\/logo\/image\/"},"sameAs":["https:\/\/www.linkedin.com\/company\/2127395\/"]}]}},"_links":{"self":[{"href":"https:\/\/www.empuron.com\/index.php\/wp-json\/wp\/v2\/pages\/1098","targetHints":{"allow":["GET"]}}],"collection":[{"href":"https:\/\/www.empuron.com\/index.php\/wp-json\/wp\/v2\/pages"}],"about":[{"href":"https:\/\/www.empuron.com\/index.php\/wp-json\/wp\/v2\/types\/page"}],"author":[{"embeddable":true,"href":"https:\/\/www.empuron.com\/index.php\/wp-json\/wp\/v2\/users\/2"}],"replies":[{"embeddable":true,"href":"https:\/\/www.empuron.com\/index.php\/wp-json\/wp\/v2\/comments?post=1098"}],"version-history":[{"count":52,"href":"https:\/\/www.empuron.com\/index.php\/wp-json\/wp\/v2\/pages\/1098\/revisions"}],"predecessor-version":[{"id":6668,"href":"https:\/\/www.empuron.com\/index.php\/wp-json\/wp\/v2\/pages\/1098\/revisions\/6668"}],"wp:attachment":[{"href":"https:\/\/www.empuron.com\/index.php\/wp-json\/wp\/v2\/media?parent=1098"}],"curies":[{"name":"wp","href":"https:\/\/api.w.org\/{rel}","templated":true}]}}