{"id":1608,"date":"2016-07-05T20:22:36","date_gmt":"2016-07-05T20:22:36","guid":{"rendered":"https:\/\/www.ambpower.com\/?page_id=1608"},"modified":"2020-03-09T14:41:44","modified_gmt":"2020-03-09T12:41:44","slug":"agb-und-lizenzierung-von-empuron-loesungen","status":"publish","type":"page","link":"https:\/\/www.empuron.com\/index.php\/de\/agb-und-lizenzierung-von-empuron-loesungen\/","title":{"rendered":"AGB UND LIZENZIERUNG"},"content":{"rendered":"<div id=\"pl-1608\"  class=\"panel-layout\" ><div id=\"pg-1608-0\"  class=\"panel-grid panel-has-style\" ><div class=\"so-parallax siteorigin-panels-stretch panel-row-style panel-row-style-for-1608-0\" data-stretch-type=\"full\" ><img fetchpriority=\"high\" decoding=\"async\" width=\"1600\" height=\"500\" src=\"https:\/\/www.empuron.com\/wp-content\/uploads\/2016\/06\/Empuron_Tisch.jpg\" class=\"attachment-full size-full\" alt=\"\" data-siteorigin-parallax=\"true\" loading=\"eager\" srcset=\"https:\/\/www.empuron.com\/wp-content\/uploads\/2016\/06\/Empuron_Tisch.jpg 1600w, https:\/\/www.empuron.com\/wp-content\/uploads\/2016\/06\/Empuron_Tisch-300x94.jpg 300w, https:\/\/www.empuron.com\/wp-content\/uploads\/2016\/06\/Empuron_Tisch-1024x320.jpg 1024w\" sizes=\"(max-width: 1600px) 100vw, 1600px\" \/><div id=\"pgc-1608-0-0\"  class=\"panel-grid-cell\" ><div id=\"panel-1608-0-0-0\" class=\"so-panel widget_sow-editor panel-first-child panel-last-child\" data-index=\"0\" ><div\n\t\t\t\n\t\t\tclass=\"so-widget-sow-editor so-widget-sow-editor-base\"\n\t\t\t\n\t\t>\n<div class=\"siteorigin-widget-tinymce textwidget\">\n\t<h2 style=\"text-align: center;\"><img loading=\"lazy\" decoding=\"async\" class=\"aligncenter wp-image-1372 size-full\" src=\"https:\/\/www.empuron.com\/wp-content\/uploads\/2016\/06\/Emp_Logo.png\" alt=\"Emp_Logo AGBs\" width=\"80\" height=\"80\" \/>AGB und Lizenzierung von EMPURON-L\u00f6sungen<\/h2>\n<\/div>\n<\/div><\/div><\/div><\/div><\/div><div id=\"pg-1608-1\"  class=\"panel-grid panel-no-style\" ><div id=\"pgc-1608-1-0\"  class=\"panel-grid-cell\" ><div id=\"panel-1608-1-0-0\" class=\"so-panel widget_sow-editor panel-first-child\" data-index=\"1\" ><div\n\t\t\t\n\t\t\tclass=\"so-widget-sow-editor so-widget-sow-editor-base\"\n\t\t\t\n\t\t>\n<div class=\"siteorigin-widget-tinymce textwidget\">\n\t<p style=\"text-align: left;\">Im Zusammenhang mit Auftr\u00e4gen an EMPURON gelten als AGBs generell die Gr\u00fcnen Lieferbedingungen des <a href=\"https:\/\/www.zvei.org\/\">ZVEI<\/a> (Zentralverband der Elektroindustrie Deutschlands) in der jeweils aktuellen Fassung. Gerne k\u00f6nnen Sie diese von EMPURON oder dem ZVEI beziehen.<\/p>\n<p style=\"text-align: left;\">Der Einsatz von EMPURON-L\u00f6sungen ist generell nur im Rahmen der Lizenzbedingungen von EMPURON m\u00f6glich. Diese liegen als Standardlizenzbedingung vor. Abweichend kann der Einsatz von <a href=\"https:\/\/www.empuron.com\/index.php\/de\/produkte\/\">EMPURON-L\u00f6sungen<\/a> einzelvertraglich geregelt werden.<\/p>\n<\/div>\n<\/div><\/div><div id=\"panel-1608-1-0-1\" class=\"so-panel widget_sow-button\" data-index=\"2\" ><div\n\t\t\t\n\t\t\tclass=\"so-widget-sow-button so-widget-sow-button-atom-f54c0409268f-1608\"\n\t\t\t\n\t\t><div class=\"ow-button-base ow-button-align-center\"\n>\n\t\t\t<a\n\t\t\t\t\thref=\"https:\/\/www.empuron.com\/wp-content\/uploads\/2020\/03\/TermsofUse-DE.pdf\"\n\t\t\t\t\tclass=\"sowb-button ow-icon-placement-left ow-button-hover\" \t>\n\t\t<span>\n\t\t\t\n\t\t\tNutzungsrechte\t\t<\/span>\n\t\t\t<\/a>\n\t<\/div>\n<\/div><\/div><div id=\"panel-1608-1-0-2\" class=\"so-panel widget_sow-button panel-last-child\" data-index=\"3\" ><div\n\t\t\t\n\t\t\tclass=\"so-widget-sow-button so-widget-sow-button-atom-f54c0409268f-1608\"\n\t\t\t\n\t\t><div class=\"ow-button-base ow-button-align-center\"\n>\n\t\t\t<a\n\t\t\t\t\thref=\"https:\/\/www.empuron.com\/wp-content\/uploads\/2020\/03\/GL-ZVEI-DE-EMPURON.pdf\"\n\t\t\t\t\tclass=\"sowb-button ow-icon-placement-left ow-button-hover\" \t>\n\t\t<span>\n\t\t\t\n\t\t\tAllg. Lieferbedingungen ZVEI\t\t<\/span>\n\t\t\t<\/a>\n\t<\/div>\n<\/div><\/div><\/div><\/div><\/div>","protected":false},"excerpt":{"rendered":"<p>AGB und Lizenzierung von EMPURON-L\u00f6sungen Im Zusammenhang mit Auftr\u00e4gen an EMPURON gelten als AGBs generell die Gr\u00fcnen Lieferbedingungen des ZVEI (Zentralverband der Elektroindustrie Deutschlands) in der jeweils aktuellen Fassung. Gerne k\u00f6nnen Sie diese von EMPURON oder dem ZVEI beziehen. Der Einsatz von EMPURON-L\u00f6sungen ist generell nur im Rahmen der Lizenzbedingungen von EMPURON m\u00f6glich. Diese liegen [&hellip;]<\/p>\n","protected":false},"author":3,"featured_media":0,"parent":0,"menu_order":0,"comment_status":"closed","ping_status":"closed","template":"","meta":{"om_disable_all_campaigns":false,"footnotes":""},"class_list":["post-1608","page","type-page","status-publish","hentry"],"yoast_head":"<!-- This site is optimized with the Yoast SEO Premium plugin v18.5 (Yoast SEO v27.3) - https:\/\/yoast.com\/product\/yoast-seo-premium-wordpress\/ -->\n<title>AGB UND LIZENZIERUNG &#8226; EMPURON Lieferbedingungen<\/title>\n<meta name=\"description\" content=\"Es gelten generell die Gr\u00fcnen Lieferbedingungen des ZVEI (Zentralverband der Elektroindustrie Deutschlands) in der jeweils aktuellen Fassung.\" \/>\n<meta name=\"robots\" content=\"index, follow, max-snippet:-1, max-image-preview:large, max-video-preview:-1\" \/>\n<link rel=\"canonical\" href=\"https:\/\/www.empuron.com\/index.php\/de\/agb-und-lizenzierung-von-empuron-loesungen\/\" \/>\n<meta property=\"og:locale\" content=\"de_DE\" \/>\n<meta property=\"og:type\" content=\"article\" \/>\n<meta property=\"og:title\" content=\"AGB UND LIZENZIERUNG\" \/>\n<meta property=\"og:description\" content=\"Es gelten generell die Gr\u00fcnen Lieferbedingungen des ZVEI (Zentralverband der Elektroindustrie Deutschlands) in der jeweils aktuellen Fassung.\" \/>\n<meta property=\"og:url\" content=\"https:\/\/www.empuron.com\/index.php\/de\/agb-und-lizenzierung-von-empuron-loesungen\/\" \/>\n<meta property=\"og:site_name\" content=\"EMPURON\" \/>\n<meta property=\"article:modified_time\" content=\"2020-03-09T12:41:44+00:00\" \/>\n<meta property=\"og:image\" content=\"https:\/\/www.empuron.com\/wp-content\/uploads\/2016\/06\/Emp_Logo.png\" \/>\n<meta name=\"twitter:card\" content=\"summary_large_image\" \/>\n<script type=\"application\/ld+json\" class=\"yoast-schema-graph\">{\"@context\":\"https:\\\/\\\/schema.org\",\"@graph\":[{\"@type\":\"WebPage\",\"@id\":\"https:\\\/\\\/www.empuron.com\\\/index.php\\\/de\\\/agb-und-lizenzierung-von-empuron-loesungen\\\/\",\"url\":\"https:\\\/\\\/www.empuron.com\\\/index.php\\\/de\\\/agb-und-lizenzierung-von-empuron-loesungen\\\/\",\"name\":\"AGB UND LIZENZIERUNG &#8226; EMPURON Lieferbedingungen\",\"isPartOf\":{\"@id\":\"https:\\\/\\\/www.empuron.com\\\/#website\"},\"primaryImageOfPage\":{\"@id\":\"https:\\\/\\\/www.empuron.com\\\/index.php\\\/de\\\/agb-und-lizenzierung-von-empuron-loesungen\\\/#primaryimage\"},\"image\":{\"@id\":\"https:\\\/\\\/www.empuron.com\\\/index.php\\\/de\\\/agb-und-lizenzierung-von-empuron-loesungen\\\/#primaryimage\"},\"thumbnailUrl\":\"https:\\\/\\\/www.empuron.com\\\/wp-content\\\/uploads\\\/2016\\\/06\\\/Emp_Logo.png\",\"datePublished\":\"2016-07-05T20:22:36+00:00\",\"dateModified\":\"2020-03-09T12:41:44+00:00\",\"description\":\"Es gelten generell die Gr\u00fcnen Lieferbedingungen des ZVEI (Zentralverband der Elektroindustrie Deutschlands) in der jeweils aktuellen Fassung.\",\"breadcrumb\":{\"@id\":\"https:\\\/\\\/www.empuron.com\\\/index.php\\\/de\\\/agb-und-lizenzierung-von-empuron-loesungen\\\/#breadcrumb\"},\"inLanguage\":\"de\",\"potentialAction\":[{\"@type\":\"ReadAction\",\"target\":[\"https:\\\/\\\/www.empuron.com\\\/index.php\\\/de\\\/agb-und-lizenzierung-von-empuron-loesungen\\\/\"]}]},{\"@type\":\"ImageObject\",\"inLanguage\":\"de\",\"@id\":\"https:\\\/\\\/www.empuron.com\\\/index.php\\\/de\\\/agb-und-lizenzierung-von-empuron-loesungen\\\/#primaryimage\",\"url\":\"https:\\\/\\\/www.empuron.com\\\/wp-content\\\/uploads\\\/2016\\\/06\\\/Emp_Logo.png\",\"contentUrl\":\"https:\\\/\\\/www.empuron.com\\\/wp-content\\\/uploads\\\/2016\\\/06\\\/Emp_Logo.png\",\"width\":80,\"height\":80},{\"@type\":\"BreadcrumbList\",\"@id\":\"https:\\\/\\\/www.empuron.com\\\/index.php\\\/de\\\/agb-und-lizenzierung-von-empuron-loesungen\\\/#breadcrumb\",\"itemListElement\":[{\"@type\":\"ListItem\",\"position\":1,\"name\":\"Startseite\",\"item\":\"https:\\\/\\\/www.empuron.com\\\/index.php\\\/de\\\/https-www-empuron-com-index-php-de-https-www-empuron-com-index-php-de-empuron-ueberlegenes-energiemanagement\\\/\"},{\"@type\":\"ListItem\",\"position\":2,\"name\":\"AGB UND LIZENZIERUNG\"}]},{\"@type\":\"WebSite\",\"@id\":\"https:\\\/\\\/www.empuron.com\\\/#website\",\"url\":\"https:\\\/\\\/www.empuron.com\\\/\",\"name\":\"EMPURON\",\"description\":\"Specialised in Energy Intelligence Solutions\",\"publisher\":{\"@id\":\"https:\\\/\\\/www.empuron.com\\\/#organization\"},\"potentialAction\":[{\"@type\":\"SearchAction\",\"target\":{\"@type\":\"EntryPoint\",\"urlTemplate\":\"https:\\\/\\\/www.empuron.com\\\/?s={search_term_string}\"},\"query-input\":{\"@type\":\"PropertyValueSpecification\",\"valueRequired\":true,\"valueName\":\"search_term_string\"}}],\"inLanguage\":\"de\"},{\"@type\":\"Organization\",\"@id\":\"https:\\\/\\\/www.empuron.com\\\/#organization\",\"name\":\"EMPURON AG\",\"url\":\"https:\\\/\\\/www.empuron.com\\\/\",\"logo\":{\"@type\":\"ImageObject\",\"inLanguage\":\"de\",\"@id\":\"https:\\\/\\\/www.empuron.com\\\/#\\\/schema\\\/logo\\\/image\\\/\",\"url\":\"https:\\\/\\\/www.empuron.com\\\/wp-content\\\/uploads\\\/2017\\\/05\\\/Emp_Logo.png\",\"contentUrl\":\"https:\\\/\\\/www.empuron.com\\\/wp-content\\\/uploads\\\/2017\\\/05\\\/Emp_Logo.png\",\"width\":80,\"height\":80,\"caption\":\"EMPURON AG\"},\"image\":{\"@id\":\"https:\\\/\\\/www.empuron.com\\\/#\\\/schema\\\/logo\\\/image\\\/\"},\"sameAs\":[\"https:\\\/\\\/www.linkedin.com\\\/company\\\/2127395\\\/\"]}]}<\/script>\n<!-- \/ Yoast SEO Premium plugin. -->","yoast_head_json":{"title":"AGB UND LIZENZIERUNG &#8226; EMPURON Lieferbedingungen","description":"Es gelten generell die Gr\u00fcnen Lieferbedingungen des ZVEI (Zentralverband der Elektroindustrie Deutschlands) in der jeweils aktuellen Fassung.","robots":{"index":"index","follow":"follow","max-snippet":"max-snippet:-1","max-image-preview":"max-image-preview:large","max-video-preview":"max-video-preview:-1"},"canonical":"https:\/\/www.empuron.com\/index.php\/de\/agb-und-lizenzierung-von-empuron-loesungen\/","og_locale":"de_DE","og_type":"article","og_title":"AGB UND LIZENZIERUNG","og_description":"Es gelten generell die Gr\u00fcnen Lieferbedingungen des ZVEI (Zentralverband der Elektroindustrie Deutschlands) in der jeweils aktuellen Fassung.","og_url":"https:\/\/www.empuron.com\/index.php\/de\/agb-und-lizenzierung-von-empuron-loesungen\/","og_site_name":"EMPURON","article_modified_time":"2020-03-09T12:41:44+00:00","og_image":[{"url":"https:\/\/www.empuron.com\/wp-content\/uploads\/2016\/06\/Emp_Logo.png","type":"","width":"","height":""}],"twitter_card":"summary_large_image","schema":{"@context":"https:\/\/schema.org","@graph":[{"@type":"WebPage","@id":"https:\/\/www.empuron.com\/index.php\/de\/agb-und-lizenzierung-von-empuron-loesungen\/","url":"https:\/\/www.empuron.com\/index.php\/de\/agb-und-lizenzierung-von-empuron-loesungen\/","name":"AGB UND LIZENZIERUNG &#8226; EMPURON Lieferbedingungen","isPartOf":{"@id":"https:\/\/www.empuron.com\/#website"},"primaryImageOfPage":{"@id":"https:\/\/www.empuron.com\/index.php\/de\/agb-und-lizenzierung-von-empuron-loesungen\/#primaryimage"},"image":{"@id":"https:\/\/www.empuron.com\/index.php\/de\/agb-und-lizenzierung-von-empuron-loesungen\/#primaryimage"},"thumbnailUrl":"https:\/\/www.empuron.com\/wp-content\/uploads\/2016\/06\/Emp_Logo.png","datePublished":"2016-07-05T20:22:36+00:00","dateModified":"2020-03-09T12:41:44+00:00","description":"Es gelten generell die Gr\u00fcnen Lieferbedingungen des ZVEI (Zentralverband der Elektroindustrie Deutschlands) in der jeweils aktuellen Fassung.","breadcrumb":{"@id":"https:\/\/www.empuron.com\/index.php\/de\/agb-und-lizenzierung-von-empuron-loesungen\/#breadcrumb"},"inLanguage":"de","potentialAction":[{"@type":"ReadAction","target":["https:\/\/www.empuron.com\/index.php\/de\/agb-und-lizenzierung-von-empuron-loesungen\/"]}]},{"@type":"ImageObject","inLanguage":"de","@id":"https:\/\/www.empuron.com\/index.php\/de\/agb-und-lizenzierung-von-empuron-loesungen\/#primaryimage","url":"https:\/\/www.empuron.com\/wp-content\/uploads\/2016\/06\/Emp_Logo.png","contentUrl":"https:\/\/www.empuron.com\/wp-content\/uploads\/2016\/06\/Emp_Logo.png","width":80,"height":80},{"@type":"BreadcrumbList","@id":"https:\/\/www.empuron.com\/index.php\/de\/agb-und-lizenzierung-von-empuron-loesungen\/#breadcrumb","itemListElement":[{"@type":"ListItem","position":1,"name":"Startseite","item":"https:\/\/www.empuron.com\/index.php\/de\/https-www-empuron-com-index-php-de-https-www-empuron-com-index-php-de-empuron-ueberlegenes-energiemanagement\/"},{"@type":"ListItem","position":2,"name":"AGB UND LIZENZIERUNG"}]},{"@type":"WebSite","@id":"https:\/\/www.empuron.com\/#website","url":"https:\/\/www.empuron.com\/","name":"EMPURON","description":"Specialised in Energy Intelligence Solutions","publisher":{"@id":"https:\/\/www.empuron.com\/#organization"},"potentialAction":[{"@type":"SearchAction","target":{"@type":"EntryPoint","urlTemplate":"https:\/\/www.empuron.com\/?s={search_term_string}"},"query-input":{"@type":"PropertyValueSpecification","valueRequired":true,"valueName":"search_term_string"}}],"inLanguage":"de"},{"@type":"Organization","@id":"https:\/\/www.empuron.com\/#organization","name":"EMPURON AG","url":"https:\/\/www.empuron.com\/","logo":{"@type":"ImageObject","inLanguage":"de","@id":"https:\/\/www.empuron.com\/#\/schema\/logo\/image\/","url":"https:\/\/www.empuron.com\/wp-content\/uploads\/2017\/05\/Emp_Logo.png","contentUrl":"https:\/\/www.empuron.com\/wp-content\/uploads\/2017\/05\/Emp_Logo.png","width":80,"height":80,"caption":"EMPURON AG"},"image":{"@id":"https:\/\/www.empuron.com\/#\/schema\/logo\/image\/"},"sameAs":["https:\/\/www.linkedin.com\/company\/2127395\/"]}]}},"_links":{"self":[{"href":"https:\/\/www.empuron.com\/index.php\/wp-json\/wp\/v2\/pages\/1608","targetHints":{"allow":["GET"]}}],"collection":[{"href":"https:\/\/www.empuron.com\/index.php\/wp-json\/wp\/v2\/pages"}],"about":[{"href":"https:\/\/www.empuron.com\/index.php\/wp-json\/wp\/v2\/types\/page"}],"author":[{"embeddable":true,"href":"https:\/\/www.empuron.com\/index.php\/wp-json\/wp\/v2\/users\/3"}],"replies":[{"embeddable":true,"href":"https:\/\/www.empuron.com\/index.php\/wp-json\/wp\/v2\/comments?post=1608"}],"version-history":[{"count":25,"href":"https:\/\/www.empuron.com\/index.php\/wp-json\/wp\/v2\/pages\/1608\/revisions"}],"predecessor-version":[{"id":5492,"href":"https:\/\/www.empuron.com\/index.php\/wp-json\/wp\/v2\/pages\/1608\/revisions\/5492"}],"wp:attachment":[{"href":"https:\/\/www.empuron.com\/index.php\/wp-json\/wp\/v2\/media?parent=1608"}],"curies":[{"name":"wp","href":"https:\/\/api.w.org\/{rel}","templated":true}]}}