{"id":1614,"date":"2016-07-05T20:37:14","date_gmt":"2016-07-05T20:37:14","guid":{"rendered":"https:\/\/www.ambpower.com\/?page_id=1614"},"modified":"2020-02-26T12:54:36","modified_gmt":"2020-02-26T10:54:36","slug":"datenschutz","status":"publish","type":"page","link":"https:\/\/www.empuron.com\/index.php\/de\/datenschutz\/","title":{"rendered":"DATENSCHUTZ"},"content":{"rendered":"<div id=\"pl-1614\"  class=\"panel-layout\" ><div id=\"pg-1614-0\"  class=\"panel-grid panel-has-style\" ><div class=\"so-parallax siteorigin-panels-stretch iw-show-l panel-row-style panel-row-style-for-1614-0\" data-stretch-type=\"full\" ><img fetchpriority=\"high\" decoding=\"async\" width=\"1600\" height=\"500\" src=\"https:\/\/www.empuron.com\/wp-content\/uploads\/2016\/06\/Empuron_Tisch.jpg\" class=\"attachment-full size-full\" alt=\"\" data-siteorigin-parallax=\"true\" loading=\"eager\" srcset=\"https:\/\/www.empuron.com\/wp-content\/uploads\/2016\/06\/Empuron_Tisch.jpg 1600w, https:\/\/www.empuron.com\/wp-content\/uploads\/2016\/06\/Empuron_Tisch-300x94.jpg 300w, https:\/\/www.empuron.com\/wp-content\/uploads\/2016\/06\/Empuron_Tisch-1024x320.jpg 1024w\" sizes=\"(max-width: 1600px) 100vw, 1600px\" \/><div id=\"pgc-1614-0-0\"  class=\"panel-grid-cell\" ><div id=\"panel-1614-0-0-0\" class=\"so-panel widget_sow-editor panel-first-child panel-last-child\" data-index=\"0\" ><div\n\t\t\t\n\t\t\tclass=\"so-widget-sow-editor so-widget-sow-editor-base\"\n\t\t\t\n\t\t>\n<div class=\"siteorigin-widget-tinymce textwidget\">\n\t<p><script>\/\/ < ![CDATA[\n  (function(i,s,o,g,r,a,m){i['GoogleAnalyticsObject']=r;i[r]=i[r]||function(){\n  (i[r].q=i[r].q||[]).push(arguments)},i[r].l=1*new Date();a=s.createElement(o),\n  m=s.getElementsByTagName(o)[0];a.async=1;a.src=g;m.parentNode.insertBefore(a,m)\n  })(window,document,'script','https:\/\/www.google-analytics.com\/analytics.js','ga');\n\n  ga('create', 'UA-72778852-6', 'auto');\n  ga('send', 'pageview');\n\/\/ ]]><\/script><\/p>\n<h1 style=\"text-align: center;\"><img loading=\"lazy\" decoding=\"async\" class=\"alignnone size-full wp-image-1372 aligncenter\" src=\"https:\/\/www.empuron.com\/wp-content\/uploads\/2016\/06\/Emp_Logo.png\" alt=\"Emp_Logo\" width=\"80\" height=\"80\" \/>Datenschutz<\/h1>\n<\/div>\n<\/div><\/div><\/div><\/div><\/div><div id=\"pg-1614-1\"  class=\"panel-grid panel-no-style\" ><div id=\"pgc-1614-1-0\"  class=\"panel-grid-cell\" ><div id=\"panel-1614-1-0-0\" class=\"so-panel widget_sow-editor panel-first-child panel-last-child\" data-index=\"1\" ><div\n\t\t\t\n\t\t\tclass=\"so-widget-sow-editor so-widget-sow-editor-base\"\n\t\t\t\n\t\t>\n<div class=\"siteorigin-widget-tinymce textwidget\">\n\t<p style=\"text-align: left;\">Wir freuen uns \u00fcber Ihr Interesse an unserer Homepage. Der Schutz Ihrer personenbezogenen Daten bei der Erhebung, Verarbeitung und Nutzung anl\u00e4sslich Ihres Besuchs auf unserer Homepage ist uns ein wichtiges Anliegen. Um sicherzustellen, dass die Vorschriften \u00fcber den Datenschutz sowohl von uns, als auch von externen Dienstleistern beachtet werden, haben wir technische und organisatorische Ma\u00dfnahmen getroffen.<\/p>\n<p style=\"text-align: left;\">Wir m\u00f6chten Sie vorliegend \u00fcber Art, Umfang und Zweck der Erhebung und Verwendung Ihrer uns zur Verf\u00fcgung gestellten pers\u00f6nlichen Daten, sowie \u00fcber deren Verarbeitung und Nutzung, informieren.<\/p>\n<h2 style=\"text-align: left;\">Datenschutzerkl\u00e4rung<\/h2>\n<div style=\"text-align: left;\">Verantwortliche Stelle im Sinne der Datenschutzgesetze, insbesondere der EU-Datenschutzgrundverordnung (DSGVO), ist: EMPURON AG<\/div>\n<h3 style=\"text-align: left;\">Ihre Betroffenenrechte<\/h3>\n<div style=\"text-align: left;\">Unter den angegebenen Kontaktdaten unseres Datenschutzbeauftragten k\u00f6nnen Sie jederzeit folgende Rechte aus\u00fcben:<\/div>\n<ul>\n<li style=\"text-align: left;\">Auskunft \u00fcber Ihre bei uns gespeicherten Daten und deren Verarbeitung,<\/li>\n<li style=\"text-align: left;\">Berichtigung unrichtiger personenbezogener Daten,<\/li>\n<li style=\"text-align: left;\">L\u00f6schung Ihrer bei uns gespeicherten Daten,<\/li>\n<li style=\"text-align: left;\">Einschr\u00e4nkung der Datenverarbeitung, sofern wir Ihre Daten aufgrund gesetzlicher Pflichten noch nicht l\u00f6schen d\u00fcrfen,<\/li>\n<li style=\"text-align: left;\">Widerspruch gegen die Verarbeitung Ihrer Daten bei uns und<\/li>\n<li style=\"text-align: left;\">Daten\u00fcbertragbarkeit, sofern Sie in die Datenverarbeitung eingewilligt haben oder einen Vertrag mit uns abgeschlossen haben.<\/li>\n<\/ul>\n<div style=\"text-align: left;\">Sofern Sie uns eine Einwilligung erteilt haben, k\u00f6nnen Sie diese jederzeit mit Wirkung f\u00fcr die Zukunft widerrufen. Sie k\u00f6nnen sich jederzeit mit einer Beschwerde an die f\u00fcr Sie zust\u00e4ndige Aufsichtsbeh\u00f6rde wenden. Ihre zust\u00e4ndige Aufsichtsbeh\u00f6rde richtet sich nach dem Bundesland Ihres Wohnsitzes, Ihrer Arbeit oder der mutma\u00dflichen Verletzung. Eine Liste der Aufsichtsbeh\u00f6rden (f\u00fcr den nicht\u00f6ffentlichen Bereich) mit Anschrift finden Sie unter: <a href=\"https:\/\/www.bfdi.bund.de\/DE\/Infothek\/Anschriften_Links\/anschriften_links-node.html\">https:\/\/www.bfdi.bund.de\/DE\/Infothek\/Anschriften_Links\/anschriften_links-node.html<\/a>.<\/div>\n<h3 style=\"text-align: left;\">Zwecke der Datenverarbeitung durch die verantwortliche Stelle und Dritte<\/h3>\n<div style=\"text-align: left;\">Wir verarbeiten Ihre personenbezogenen Daten nur zu den in dieser Datenschutzerkl\u00e4rung genannten Zwecken. Eine \u00dcbermittlung Ihrer pers\u00f6nlichen Daten an Dritte zu anderen als den genannten Zwecken findet nicht statt. Wir geben Ihre pers\u00f6nlichen Daten nur an Dritte weiter, wenn:<\/div>\n<ul>\n<li style=\"text-align: left;\">Sie Ihre ausdr\u00fcckliche Einwilligung dazu erteilt haben,<\/li>\n<li style=\"text-align: left;\">die Verarbeitung zur Abwicklung eines Vertrags mit Ihnen erforderlich ist,<\/li>\n<li style=\"text-align: left;\">die Verarbeitung zur Erf\u00fcllung einer rechtlichen Verpflichtung erforderlich ist,<\/li>\n<li style=\"text-align: left;\">die Verarbeitung zur Wahrung berechtigter Interessen erforderlich ist und kein Grund zur Annahme besteht, dass Sie ein \u00fcberwiegendes schutzw\u00fcrdiges Interesse an der Nichtweitergabe Ihrer Daten haben.<\/li>\n<\/ul>\n<h3 style=\"text-align: left;\">Cookies<\/h3>\n<div style=\"text-align: left;\">Wie viele andere Webseiten verwenden wir auch so genannte \u201eCookies\u201c. Cookies sind kleine Textdateien, die von einem Websiteserver auf Ihre Festplatte \u00fcbertragen werden. Hierdurch erhalten wir automatisch bestimmte Daten wie z. B. IP-Adresse, verwendeter Browser, Betriebssystem und Ihre Verbindung zum Internet.<\/div>\n<div style=\"text-align: left;\">Cookies k\u00f6nnen nicht verwendet werden, um Programme zu starten oder Viren auf einen Computer zu \u00fcbertragen. Anhand der in Cookies enthaltenen Informationen k\u00f6nnen wir Ihnen die Navigation erleichtern und die korrekte Anzeige unserer Webseiten erm\u00f6glichen.<\/div>\n<div style=\"text-align: left;\">In keinem Fall werden die von uns erfassten Daten an Dritte weitergegeben oder ohne Ihre Einwilligung eine Verkn\u00fcpfung mit personenbezogenen Daten hergestellt.<\/div>\n<div style=\"text-align: left;\">Nat\u00fcrlich k\u00f6nnen Sie unsere Website grunds\u00e4tzlich auch ohne Cookies betrachten. Internet-Browser sind regelm\u00e4\u00dfig so eingestellt, dass sie Cookies akzeptieren. Im Allgemeinen k\u00f6nnen Sie die Verwendung von Cookies jederzeit \u00fcber die Einstellungen Ihres Browsers deaktivieren. Bitte verwenden Sie die Hilfefunktionen Ihres Internetbrowsers, um zu erfahren, wie Sie diese Einstellungen \u00e4ndern k\u00f6nnen. Bitte beachten Sie, dass einzelne Funktionen unserer Website m\u00f6glicherweise nicht funktionieren, wenn Sie die Verwendung von Cookies deaktiviert haben.<\/div>\n<h3 style=\"text-align: left;\">Erbringung kostenpflichtiger Leistungen<\/h3>\n<div style=\"text-align: left;\">Zur Erbringung kostenpflichtiger Leistungen werden von uns zus\u00e4tzliche Daten erfragt, wie z.B. Zahlungsangaben, um Ihre Bestellung ausf\u00fchren zu k\u00f6nnen. Wir speichern diese Daten in unseren Systemen bis die gesetzlichen Aufbewahrungsfristen abgelaufen sind.<\/div>\n<h3 style=\"text-align: left;\">SSL-Verschl\u00fcsselung<\/h3>\n<div style=\"text-align: left;\">Um die Sicherheit Ihrer Daten bei der \u00dcbertragung zu sch\u00fctzen, verwenden wir dem aktuellen Stand der Technik entsprechende Verschl\u00fcsselungsverfahren (z. B. SSL) \u00fcber HTTPS.<\/div>\n<h3 style=\"text-align: left;\">Kontaktformular<\/h3>\n<div style=\"text-align: left;\">Treten Sie bzgl. Fragen jeglicher Art per E-Mail oder <a href=\"https:\/\/www.empuron.com\/index.php\/de\/kontaktformular\/\">Kontaktformular<\/a> mit uns in Kontakt, erteilen Sie uns zum Zwecke der Kontaktaufnahme Ihre freiwillige Einwilligung. Hierf\u00fcr ist die Angabe einer validen E-Mail-Adresse erforderlich. Diese dient der Zuordnung der Anfrage und der anschlie\u00dfenden Beantwortung derselben. Die Angabe weiterer Daten ist optional. Die von Ihnen gemachten Angaben werden zum Zwecke der Bearbeitung der Anfrage sowie f\u00fcr m\u00f6gliche Anschlussfragen gespeichert. Nach Erledigung der von Ihnen gestellten Anfrage werden personenbezogene Daten automatisch gel\u00f6scht.<\/div>\n<h3 style=\"text-align: left;\">Verwendung von Google Analytics<\/h3>\n<div style=\"text-align: left;\">Diese Website benutzt Google Analytics, einen Webanalysedienst der Google Inc. (folgend: Google). Google Analytics verwendet sog. \u201eCookies\u201c, also Textdateien, die auf Ihrem Computer gespeichert werden und die eine Analyse der Benutzung der Webseite durch Sie erm\u00f6glichen. Die durch das Cookie erzeugten Informationen \u00fcber Ihre Benutzung dieser Webseite werden in der Regel an einen Server von Google in den USA \u00fcbertragen und dort gespeichert. Aufgrund der Aktivierung der IP-Anonymisierung auf diesen Webseiten, wird Ihre IP-Adresse von Google jedoch innerhalb von Mitgliedstaaten der Europ\u00e4ischen Union oder in anderen Vertragsstaaten des Abkommens \u00fcber den Europ\u00e4ischen Wirtschaftsraum zuvor gek\u00fcrzt. Nur in Ausnahmef\u00e4llen wird die volle IP-Adresse an einen Server von Google in den USA \u00fcbertragen und dort gek\u00fcrzt. Im Auftrag des Betreibers dieser Website wird Google diese Informationen benutzen, um Ihre Nutzung der Webseite auszuwerten, um Reports \u00fcber die Webseitenaktivit\u00e4ten zusammenzustellen und um weitere mit der Websitenutzung und der Internetnutzung verbundene Dienstleistungen gegen\u00fcber dem Webseitenbetreiber zu erbringen. Die im Rahmen von Google Analytics von Ihrem Browser \u00fcbermittelte IP-Adresse wird nicht mit anderen Daten von Google zusammengef\u00fchrt.<\/div>\n<div style=\"text-align: left;\">Die Zwecke der Datenverarbeitung liegen in der Auswertung der Nutzung der Website und in der Zusammenstellung von Reports \u00fcber Aktivit\u00e4ten auf der Website. Auf Grundlage der Nutzung der Website und des Internets sollen dann weitere verbundene Dienstleistungen erbracht werden. Die Verarbeitung beruht auf dem berechtigten Interesse des Webseitenbetreibers.<\/div>\n<div style=\"text-align: left;\">Sie k\u00f6nnen die Speicherung der Cookies durch eine entsprechende Einstellung Ihrer Browser-Software verhindern; wir weisen Sie jedoch darauf hin, dass Sie in diesem Fall gegebenenfalls nicht s\u00e4mtliche Funktionen dieser Website vollumf\u00e4nglich werden nutzen k\u00f6nnen. Sie k\u00f6nnen dar\u00fcber hinaus die Erfassung der durch das Cookie erzeugten und auf Ihre Nutzung der Webseite bezogenen Daten (inkl. Ihrer IP-Adresse) an Google sowie die Verarbeitung dieser Daten durch Google verhindern, indem sie das unter dem folgenden Link verf\u00fcgbare Browser-Plugin herunterladen und installieren: <a href=\"https:\/\/tools.google.com\/dlpage\/gaoptout?hl=de\">Browser Add On zur Deaktivierung von Google Analytics<\/a>.<\/div>\n<div style=\"text-align: left;\">Zus\u00e4tzlich oder als Alternative zum Browser-Add-On k\u00f6nnen Sie das Tracking durch Google Analytics auf unseren Seiten unterbinden, indem Sie <a title=\"Google Analytics Opt-Out-Cookie setzen\" href=\"https:\/\/www.activemind.de\/datenschutz\/datenschutzhinweis-generator\/ergebnis\/#\">diesen Link anklicken<\/a>. Dabei wird ein Opt-Out-Cookie auf Ihrem Ger\u00e4t installiert. Damit wird die Erfassung durch Google Analytics f\u00fcr diese Website und f\u00fcr diesen Browser zuk\u00fcnftig verhindert, so lange das Cookie in Ihrem Browser installiert bleibt.<\/div>\n<h3 style=\"text-align: left;\">Verwendung von Google Maps<\/h3>\n<div style=\"text-align: left;\">Diese Webseite verwendet Google Maps API, um geographische Informationen visuell darzustellen. Bei der Nutzung von Google Maps werden von Google auch Daten \u00fcber die Nutzung der Kartenfunktionen durch Besucher erhoben, verarbeitet und genutzt. N\u00e4here Informationen \u00fcber die Datenverarbeitung durch Google k\u00f6nnen Sie <a href=\"https:\/\/www.google.com\/privacypolicy.html\">den Google-Datenschutzhinweisen<\/a> entnehmen. Dort k\u00f6nnen Sie im Datenschutzcenter auch Ihre pers\u00f6nlichen Datenschutz-Einstellungen ver\u00e4ndern.<\/div>\n<div style=\"text-align: left;\">Ausf\u00fchrliche Anleitungen zur Verwaltung der eigenen Daten im Zusammenhang mit Google-Produkten <a href=\"https:\/\/www.dataliberation.org\/\">finden Sie hier<\/a>.<\/div>\n<h3 style=\"text-align: left;\">Eingebettete YouTube-Videos<\/h3>\n<div style=\"text-align: left;\">Auf einigen unserer Webseiten betten wir Youtube-Videos ein. Betreiber der entsprechenden Plugins ist die YouTube, LLC, 901 Cherry Ave., San Bruno, CA 94066, USA. Wenn Sie eine Seite mit dem YouTube-Plugin besuchen, wird eine Verbindung zu Servern von Youtube hergestellt. Dabei wird Youtube mitgeteilt, welche Seiten Sie besuchen. Wenn Sie in Ihrem Youtube-Account eingeloggt sind, kann Youtube Ihr Surfverhalten Ihnen pers\u00f6nlich zuzuordnen. Dies verhindern Sie, indem Sie sich vorher aus Ihrem Youtube-Account ausloggen.<\/div>\n<div style=\"text-align: left;\">Wird ein Youtube-Video gestartet, setzt der Anbieter Cookies ein, die Hinweise \u00fcber das Nutzerverhalten sammeln.<\/div>\n<div style=\"text-align: left;\">Wer das Speichern von Cookies f\u00fcr das Google-Ad-Programm deaktiviert hat, wird auch beim Anschauen von Youtube-Videos mit keinen solchen Cookies rechnen m\u00fcssen. Youtube legt aber auch in anderen Cookies nicht-personenbezogene Nutzungsinformationen ab. M\u00f6chten Sie dies verhindern, so m\u00fcssen Sie das Speichern von Cookies im Browser blockieren.<\/div>\n<div style=\"text-align: left;\">Weitere Informationen zum Datenschutz bei \u201eYoutube\u201c finden Sie in der Datenschutzerkl\u00e4rung des Anbieters unter: <a href=\"https:\/\/www.google.de\/intl\/de\/policies\/privacy\/\">https:\/\/www.google.de\/intl\/de\/policies\/privacy\/<\/a><\/div>\n<h3 style=\"text-align: left;\">\u00c4nderung unserer Datenschutzbestimmungen<\/h3>\n<div style=\"text-align: left;\">Wir behalten uns vor, diese Datenschutzerkl\u00e4rung anzupassen, damit sie stets den aktuellen rechtlichen Anforderungen entspricht oder um \u00c4nderungen unserer Leistungen in der Datenschutzerkl\u00e4rung umzusetzen, z.B. bei der Einf\u00fchrung neuer Services. F\u00fcr Ihren erneuten Besuch gilt dann die neue Datenschutzerkl\u00e4rung.<\/div>\n<h3 style=\"text-align: left;\">Fragen an den Datenschutzbeauftragten<\/h3>\n<div style=\"text-align: left;\">Wenn Sie Fragen zum Datenschutz haben, schreiben Sie uns bitte eine E-Mail oder wenden Sie sich direkt an die f\u00fcr den Datenschutz verantwortliche Person in unserer Organisation: Hubert.Medl(at)empuron.com<\/div>\n<p>&nbsp;<\/p>\n<\/div>\n<\/div><\/div><\/div><\/div><div id=\"pg-1614-2\"  class=\"panel-grid panel-no-style\" ><div id=\"pgc-1614-2-0\"  class=\"panel-grid-cell\" ><div id=\"panel-1614-2-0-0\" class=\"so-panel widget_sow-editor panel-first-child panel-last-child\" data-index=\"2\" ><div\n\t\t\t\n\t\t\tclass=\"so-widget-sow-editor so-widget-sow-editor-base\"\n\t\t\t\n\t\t>\n<div class=\"siteorigin-widget-tinymce textwidget\">\n\t<p><!-- Global site tag (gtag.js) - Google Ads: 720993198 --><br \/>\n<script async src=\"https:\/\/www.googletagmanager.com\/gtag\/js?id=AW-720993198\"><\/script><br \/>\n<script>\n  window.dataLayer = window.dataLayer || [];\n  function gtag(){dataLayer.push(arguments);}\n  gtag('js', new Date());<\/p>\n<p>  gtag('config', 'AW-720993198');\n<\/script><\/p>\n<\/div>\n<\/div><\/div><\/div><\/div><\/div>","protected":false},"excerpt":{"rendered":"<p>Datenschutz Wir freuen uns \u00fcber Ihr Interesse an unserer Homepage. Der Schutz Ihrer personenbezogenen Daten bei der Erhebung, Verarbeitung und Nutzung anl\u00e4sslich Ihres Besuchs auf unserer Homepage ist uns ein wichtiges Anliegen. Um sicherzustellen, dass die Vorschriften \u00fcber den Datenschutz sowohl von uns, als auch von externen Dienstleistern beachtet werden, haben wir technische und organisatorische [&hellip;]<\/p>\n","protected":false},"author":3,"featured_media":0,"parent":0,"menu_order":0,"comment_status":"closed","ping_status":"closed","template":"","meta":{"om_disable_all_campaigns":false,"footnotes":""},"class_list":["post-1614","page","type-page","status-publish","hentry"],"yoast_head":"<!-- This site is optimized with the Yoast SEO Premium plugin v18.5 (Yoast SEO v27.3) - https:\/\/yoast.com\/product\/yoast-seo-premium-wordpress\/ -->\n<title>DATENSCHUTZ &#8226; EMPURON<\/title>\n<meta name=\"description\" content=\"Art, Umfang und Zweck der Erhebung und Verwendung, Verarbeitung und Nutzung Ihrer uns zur Verf\u00fcgung gestellten pers\u00f6nlichen Daten. Datenschutz.\" \/>\n<meta name=\"robots\" content=\"index, follow, max-snippet:-1, max-image-preview:large, max-video-preview:-1\" \/>\n<link rel=\"canonical\" href=\"https:\/\/www.empuron.com\/index.php\/de\/datenschutz\/\" \/>\n<meta property=\"og:locale\" content=\"de_DE\" \/>\n<meta property=\"og:type\" content=\"article\" \/>\n<meta property=\"og:title\" content=\"DATENSCHUTZ\" \/>\n<meta property=\"og:description\" content=\"Art, Umfang und Zweck der Erhebung und Verwendung, Verarbeitung und Nutzung Ihrer uns zur Verf\u00fcgung gestellten pers\u00f6nlichen Daten. Datenschutz.\" \/>\n<meta property=\"og:url\" content=\"https:\/\/www.empuron.com\/index.php\/de\/datenschutz\/\" \/>\n<meta property=\"og:site_name\" content=\"EMPURON\" \/>\n<meta property=\"article:modified_time\" content=\"2020-02-26T10:54:36+00:00\" \/>\n<meta property=\"og:image\" content=\"https:\/\/www.empuron.com\/wp-content\/uploads\/2016\/06\/Emp_Logo.png\" \/>\n<meta name=\"twitter:card\" content=\"summary_large_image\" \/>\n<meta name=\"twitter:label1\" content=\"Gesch\u00e4tzte Lesezeit\" \/>\n\t<meta name=\"twitter:data1\" content=\"7\u00a0Minuten\" \/>\n<script type=\"application\/ld+json\" class=\"yoast-schema-graph\">{\"@context\":\"https:\\\/\\\/schema.org\",\"@graph\":[{\"@type\":\"WebPage\",\"@id\":\"https:\\\/\\\/www.empuron.com\\\/index.php\\\/de\\\/datenschutz\\\/\",\"url\":\"https:\\\/\\\/www.empuron.com\\\/index.php\\\/de\\\/datenschutz\\\/\",\"name\":\"DATENSCHUTZ &#8226; EMPURON\",\"isPartOf\":{\"@id\":\"https:\\\/\\\/www.empuron.com\\\/#website\"},\"primaryImageOfPage\":{\"@id\":\"https:\\\/\\\/www.empuron.com\\\/index.php\\\/de\\\/datenschutz\\\/#primaryimage\"},\"image\":{\"@id\":\"https:\\\/\\\/www.empuron.com\\\/index.php\\\/de\\\/datenschutz\\\/#primaryimage\"},\"thumbnailUrl\":\"https:\\\/\\\/www.empuron.com\\\/wp-content\\\/uploads\\\/2016\\\/06\\\/Emp_Logo.png\",\"datePublished\":\"2016-07-05T20:37:14+00:00\",\"dateModified\":\"2020-02-26T10:54:36+00:00\",\"description\":\"Art, Umfang und Zweck der Erhebung und Verwendung, Verarbeitung und Nutzung Ihrer uns zur Verf\u00fcgung gestellten pers\u00f6nlichen Daten. Datenschutz.\",\"breadcrumb\":{\"@id\":\"https:\\\/\\\/www.empuron.com\\\/index.php\\\/de\\\/datenschutz\\\/#breadcrumb\"},\"inLanguage\":\"de\",\"potentialAction\":[{\"@type\":\"ReadAction\",\"target\":[\"https:\\\/\\\/www.empuron.com\\\/index.php\\\/de\\\/datenschutz\\\/\"]}]},{\"@type\":\"ImageObject\",\"inLanguage\":\"de\",\"@id\":\"https:\\\/\\\/www.empuron.com\\\/index.php\\\/de\\\/datenschutz\\\/#primaryimage\",\"url\":\"https:\\\/\\\/www.empuron.com\\\/wp-content\\\/uploads\\\/2016\\\/06\\\/Emp_Logo.png\",\"contentUrl\":\"https:\\\/\\\/www.empuron.com\\\/wp-content\\\/uploads\\\/2016\\\/06\\\/Emp_Logo.png\",\"width\":80,\"height\":80},{\"@type\":\"BreadcrumbList\",\"@id\":\"https:\\\/\\\/www.empuron.com\\\/index.php\\\/de\\\/datenschutz\\\/#breadcrumb\",\"itemListElement\":[{\"@type\":\"ListItem\",\"position\":1,\"name\":\"Startseite\",\"item\":\"https:\\\/\\\/www.empuron.com\\\/index.php\\\/de\\\/https-www-empuron-com-index-php-de-https-www-empuron-com-index-php-de-empuron-ueberlegenes-energiemanagement\\\/\"},{\"@type\":\"ListItem\",\"position\":2,\"name\":\"DATENSCHUTZ\"}]},{\"@type\":\"WebSite\",\"@id\":\"https:\\\/\\\/www.empuron.com\\\/#website\",\"url\":\"https:\\\/\\\/www.empuron.com\\\/\",\"name\":\"EMPURON\",\"description\":\"Specialised in Energy Intelligence Solutions\",\"publisher\":{\"@id\":\"https:\\\/\\\/www.empuron.com\\\/#organization\"},\"potentialAction\":[{\"@type\":\"SearchAction\",\"target\":{\"@type\":\"EntryPoint\",\"urlTemplate\":\"https:\\\/\\\/www.empuron.com\\\/?s={search_term_string}\"},\"query-input\":{\"@type\":\"PropertyValueSpecification\",\"valueRequired\":true,\"valueName\":\"search_term_string\"}}],\"inLanguage\":\"de\"},{\"@type\":\"Organization\",\"@id\":\"https:\\\/\\\/www.empuron.com\\\/#organization\",\"name\":\"EMPURON AG\",\"url\":\"https:\\\/\\\/www.empuron.com\\\/\",\"logo\":{\"@type\":\"ImageObject\",\"inLanguage\":\"de\",\"@id\":\"https:\\\/\\\/www.empuron.com\\\/#\\\/schema\\\/logo\\\/image\\\/\",\"url\":\"https:\\\/\\\/www.empuron.com\\\/wp-content\\\/uploads\\\/2017\\\/05\\\/Emp_Logo.png\",\"contentUrl\":\"https:\\\/\\\/www.empuron.com\\\/wp-content\\\/uploads\\\/2017\\\/05\\\/Emp_Logo.png\",\"width\":80,\"height\":80,\"caption\":\"EMPURON AG\"},\"image\":{\"@id\":\"https:\\\/\\\/www.empuron.com\\\/#\\\/schema\\\/logo\\\/image\\\/\"},\"sameAs\":[\"https:\\\/\\\/www.linkedin.com\\\/company\\\/2127395\\\/\"]}]}<\/script>\n<!-- \/ Yoast SEO Premium plugin. -->","yoast_head_json":{"title":"DATENSCHUTZ &#8226; EMPURON","description":"Art, Umfang und Zweck der Erhebung und Verwendung, Verarbeitung und Nutzung Ihrer uns zur Verf\u00fcgung gestellten pers\u00f6nlichen Daten. Datenschutz.","robots":{"index":"index","follow":"follow","max-snippet":"max-snippet:-1","max-image-preview":"max-image-preview:large","max-video-preview":"max-video-preview:-1"},"canonical":"https:\/\/www.empuron.com\/index.php\/de\/datenschutz\/","og_locale":"de_DE","og_type":"article","og_title":"DATENSCHUTZ","og_description":"Art, Umfang und Zweck der Erhebung und Verwendung, Verarbeitung und Nutzung Ihrer uns zur Verf\u00fcgung gestellten pers\u00f6nlichen Daten. Datenschutz.","og_url":"https:\/\/www.empuron.com\/index.php\/de\/datenschutz\/","og_site_name":"EMPURON","article_modified_time":"2020-02-26T10:54:36+00:00","og_image":[{"url":"https:\/\/www.empuron.com\/wp-content\/uploads\/2016\/06\/Emp_Logo.png","type":"","width":"","height":""}],"twitter_card":"summary_large_image","twitter_misc":{"Gesch\u00e4tzte Lesezeit":"7\u00a0Minuten"},"schema":{"@context":"https:\/\/schema.org","@graph":[{"@type":"WebPage","@id":"https:\/\/www.empuron.com\/index.php\/de\/datenschutz\/","url":"https:\/\/www.empuron.com\/index.php\/de\/datenschutz\/","name":"DATENSCHUTZ &#8226; EMPURON","isPartOf":{"@id":"https:\/\/www.empuron.com\/#website"},"primaryImageOfPage":{"@id":"https:\/\/www.empuron.com\/index.php\/de\/datenschutz\/#primaryimage"},"image":{"@id":"https:\/\/www.empuron.com\/index.php\/de\/datenschutz\/#primaryimage"},"thumbnailUrl":"https:\/\/www.empuron.com\/wp-content\/uploads\/2016\/06\/Emp_Logo.png","datePublished":"2016-07-05T20:37:14+00:00","dateModified":"2020-02-26T10:54:36+00:00","description":"Art, Umfang und Zweck der Erhebung und Verwendung, Verarbeitung und Nutzung Ihrer uns zur Verf\u00fcgung gestellten pers\u00f6nlichen Daten. Datenschutz.","breadcrumb":{"@id":"https:\/\/www.empuron.com\/index.php\/de\/datenschutz\/#breadcrumb"},"inLanguage":"de","potentialAction":[{"@type":"ReadAction","target":["https:\/\/www.empuron.com\/index.php\/de\/datenschutz\/"]}]},{"@type":"ImageObject","inLanguage":"de","@id":"https:\/\/www.empuron.com\/index.php\/de\/datenschutz\/#primaryimage","url":"https:\/\/www.empuron.com\/wp-content\/uploads\/2016\/06\/Emp_Logo.png","contentUrl":"https:\/\/www.empuron.com\/wp-content\/uploads\/2016\/06\/Emp_Logo.png","width":80,"height":80},{"@type":"BreadcrumbList","@id":"https:\/\/www.empuron.com\/index.php\/de\/datenschutz\/#breadcrumb","itemListElement":[{"@type":"ListItem","position":1,"name":"Startseite","item":"https:\/\/www.empuron.com\/index.php\/de\/https-www-empuron-com-index-php-de-https-www-empuron-com-index-php-de-empuron-ueberlegenes-energiemanagement\/"},{"@type":"ListItem","position":2,"name":"DATENSCHUTZ"}]},{"@type":"WebSite","@id":"https:\/\/www.empuron.com\/#website","url":"https:\/\/www.empuron.com\/","name":"EMPURON","description":"Specialised in Energy Intelligence Solutions","publisher":{"@id":"https:\/\/www.empuron.com\/#organization"},"potentialAction":[{"@type":"SearchAction","target":{"@type":"EntryPoint","urlTemplate":"https:\/\/www.empuron.com\/?s={search_term_string}"},"query-input":{"@type":"PropertyValueSpecification","valueRequired":true,"valueName":"search_term_string"}}],"inLanguage":"de"},{"@type":"Organization","@id":"https:\/\/www.empuron.com\/#organization","name":"EMPURON AG","url":"https:\/\/www.empuron.com\/","logo":{"@type":"ImageObject","inLanguage":"de","@id":"https:\/\/www.empuron.com\/#\/schema\/logo\/image\/","url":"https:\/\/www.empuron.com\/wp-content\/uploads\/2017\/05\/Emp_Logo.png","contentUrl":"https:\/\/www.empuron.com\/wp-content\/uploads\/2017\/05\/Emp_Logo.png","width":80,"height":80,"caption":"EMPURON AG"},"image":{"@id":"https:\/\/www.empuron.com\/#\/schema\/logo\/image\/"},"sameAs":["https:\/\/www.linkedin.com\/company\/2127395\/"]}]}},"_links":{"self":[{"href":"https:\/\/www.empuron.com\/index.php\/wp-json\/wp\/v2\/pages\/1614","targetHints":{"allow":["GET"]}}],"collection":[{"href":"https:\/\/www.empuron.com\/index.php\/wp-json\/wp\/v2\/pages"}],"about":[{"href":"https:\/\/www.empuron.com\/index.php\/wp-json\/wp\/v2\/types\/page"}],"author":[{"embeddable":true,"href":"https:\/\/www.empuron.com\/index.php\/wp-json\/wp\/v2\/users\/3"}],"replies":[{"embeddable":true,"href":"https:\/\/www.empuron.com\/index.php\/wp-json\/wp\/v2\/comments?post=1614"}],"version-history":[{"count":15,"href":"https:\/\/www.empuron.com\/index.php\/wp-json\/wp\/v2\/pages\/1614\/revisions"}],"predecessor-version":[{"id":4896,"href":"https:\/\/www.empuron.com\/index.php\/wp-json\/wp\/v2\/pages\/1614\/revisions\/4896"}],"wp:attachment":[{"href":"https:\/\/www.empuron.com\/index.php\/wp-json\/wp\/v2\/media?parent=1614"}],"curies":[{"name":"wp","href":"https:\/\/api.w.org\/{rel}","templated":true}]}}