{"id":35,"date":"2016-04-20T18:30:52","date_gmt":"2016-04-20T18:30:52","guid":{"rendered":"https:\/\/www.ambpower.com\/?page_id=35"},"modified":"2020-12-15T11:58:40","modified_gmt":"2020-12-15T09:58:40","slug":"https-www-empuron-com-index-php-de-produkte","status":"publish","type":"page","link":"https:\/\/www.empuron.com\/index.php\/de\/https-www-empuron-com-index-php-de-produkte\/","title":{"rendered":"PRODUKTE"},"content":{"rendered":"<div id=\"pl-35\"  class=\"panel-layout\" ><div id=\"pg-35-0\"  class=\"panel-grid panel-has-style\" ><div class=\"so-parallax siteorigin-panels-stretch panel-row-style panel-row-style-for-35-0\" data-stretch-type=\"full\" ><img fetchpriority=\"high\" decoding=\"async\" width=\"1600\" height=\"600\" src=\"https:\/\/www.empuron.com\/wp-content\/uploads\/2016\/04\/Produkte_Header.jpg\" class=\"attachment-full size-full\" alt=\"\" data-siteorigin-parallax=\"true\" loading=\"eager\" srcset=\"https:\/\/www.empuron.com\/wp-content\/uploads\/2016\/04\/Produkte_Header.jpg 1600w, https:\/\/www.empuron.com\/wp-content\/uploads\/2016\/04\/Produkte_Header-300x113.jpg 300w, https:\/\/www.empuron.com\/wp-content\/uploads\/2016\/04\/Produkte_Header-1024x384.jpg 1024w\" sizes=\"(max-width: 1600px) 100vw, 1600px\" \/><div id=\"pgc-35-0-0\"  class=\"panel-grid-cell\" ><div id=\"panel-35-0-0-0\" class=\"so-panel widget_sow-editor panel-first-child panel-last-child\" data-index=\"0\" ><div\n\t\t\t\n\t\t\tclass=\"so-widget-sow-editor so-widget-sow-editor-base\"\n\t\t\t\n\t\t>\n<div class=\"siteorigin-widget-tinymce textwidget\">\n\t<h1 style=\"text-align: center;\"><span style=\"color: #ffffff;\"><img loading=\"lazy\" decoding=\"async\" class=\"alignnone wp-image-1322 size-full\" src=\"https:\/\/www.empuron.com\/wp-content\/uploads\/2016\/04\/Emp_Produkte.png\" width=\"80\" height=\"80\" \/><br \/>\nPRODUKTE &amp; L\u00d6SUNGEN<\/span><\/h1>\n<\/div>\n<\/div><\/div><\/div><\/div><\/div><div id=\"pg-35-1\"  class=\"panel-grid panel-no-style\" ><div id=\"pgc-35-1-0\"  class=\"panel-grid-cell\" ><div id=\"panel-35-1-0-0\" class=\"so-panel widget_sow-editor panel-first-child panel-last-child\" data-index=\"1\" ><div\n\t\t\t\n\t\t\tclass=\"so-widget-sow-editor so-widget-sow-editor-base\"\n\t\t\t\n\t\t>\n<div class=\"siteorigin-widget-tinymce textwidget\">\n\t<p style=\"text-align: left;\"><strong>EMPURON Produkte bestehen aus leistungsstarken Komponenten, die perfekt abgestimmt sind.<\/strong>\u00a0Mit dem durchg\u00e4ngigen Adresssystem lassen sich Informationen an beliebigen Stellen\u00a0homogen in unterschiedlichen Modulen verwenden.<\/p>\n<\/div>\n<\/div><\/div><\/div><\/div><div id=\"pg-35-2\"  class=\"panel-grid panel-has-style\" ><div class=\"siteorigin-panels-stretch panel-row-style panel-row-style-for-35-2\" data-stretch-type=\"full\" ><div id=\"pgc-35-2-0\"  class=\"panel-grid-cell\" ><div id=\"panel-35-2-0-0\" class=\"so-panel widget_sow-editor panel-first-child panel-last-child\" data-index=\"2\" ><div\n\t\t\t\n\t\t\tclass=\"so-widget-sow-editor so-widget-sow-editor-base\"\n\t\t\t\n\t\t>\n<div class=\"siteorigin-widget-tinymce textwidget\">\n\t<p><a href=\"https:\/\/www.empuron.com\/index.php\/de\/eve-empuron-visual-efficiency\/\"><img loading=\"lazy\" decoding=\"async\" class=\"aligncenter wp-image-912 size-full\" src=\"https:\/\/www.empuron.com\/wp-content\/uploads\/2016\/06\/EMP_EVE.png\" alt=\"EMP_EVE\" width=\"220\" height=\"220\" \/><\/a><\/p>\n<h4 style=\"text-align: center;\"><span style=\"color: #00ace9;\">F\u00dcR INDUSTRIE UND LIEGENSCHAFTEN<\/span><\/h4>\n<p style=\"text-align: center;\"><span style=\"color: #00ace9;\"><b>Energie effizient\u00a0<\/b>einsetzen<br \/>\nund <strong>Instandhaltung<\/strong> unterst\u00fctzen<br \/>\n<\/span><\/p>\n<p style=\"text-align: center;\"><span style=\"color: #00ace9;\"><strong>\u2022 DIN EN ISO 50001 |\u00a016247<br \/>\n\u2022 Integrationsstark<br \/>\n<\/strong><strong>\u2022 Prognose und\u00a0<\/strong><strong>Analyse mit<\/strong><strong>\u00a0K\u00fcnstlicher\u00a0<\/strong><strong>\u00a0Intelligenz<\/strong><\/span><\/p>\n<p><span style=\"color: #00ace9;\">\u00a0<\/span><\/p>\n<\/div>\n<\/div><\/div><\/div><div id=\"pgc-35-2-1\"  class=\"panel-grid-cell\" ><div id=\"panel-35-2-1-0\" class=\"so-panel widget_sow-editor panel-first-child panel-last-child\" data-index=\"3\" ><div\n\t\t\t\n\t\t\tclass=\"so-widget-sow-editor so-widget-sow-editor-base\"\n\t\t\t\n\t\t>\n<div class=\"siteorigin-widget-tinymce textwidget\">\n\t<p><a href=\"https:\/\/www.empuron.com\/index.php\/de\/empuron-crtan\/\"><img loading=\"lazy\" decoding=\"async\" class=\"size-full wp-image-5943 aligncenter\" src=\"https:\/\/www.empuron.com\/wp-content\/uploads\/2020\/07\/Cartan_Logo_220.png\" alt=\"\" width=\"220\" height=\"220\" srcset=\"https:\/\/www.empuron.com\/wp-content\/uploads\/2020\/07\/Cartan_Logo_220.png 220w, https:\/\/www.empuron.com\/wp-content\/uploads\/2020\/07\/Cartan_Logo_220-150x150.png 150w\" sizes=\"auto, (max-width: 220px) 100vw, 220px\" \/><\/a><\/p>\n<h4 style=\"text-align: center;\"><span style=\"color: #ea5904;\">F\u00dcR EMPRO UND EMLOG VON PHOENIX CONTACT<\/span><\/h4>\n<p style=\"text-align: center;\"><span class=\"fontstyle0\" style=\"color: #ea5904;\"><strong> Monitoring und Analyse<\/strong> von Z\u00e4hlwerten in <strong>Echtzeit<\/strong><\/span><\/p>\n<p style=\"text-align: center;\"><strong><span style=\"color: #ea5904;\">\u2022 Z\u00e4hler automatisch erfassen<\/span><\/strong><br \/>\n<strong><span style=\"color: #ea5904;\">\u2022 Integration auf unterschiedlichsten Plattformen<\/span><\/strong><br \/>\n<strong><span style=\"color: #ea5904;\">\u2022 Zeitnaher \u00dcberblick \u00fcber Energieverbrauch und Kosten<\/span><\/strong><\/p>\n<p style=\"text-align: center;\">\n<\/div>\n<\/div><\/div><\/div><div id=\"pgc-35-2-2\"  class=\"panel-grid-cell\" ><div id=\"panel-35-2-2-0\" class=\"so-panel widget_sow-editor panel-first-child panel-last-child\" data-index=\"4\" ><div\n\t\t\t\n\t\t\tclass=\"so-widget-sow-editor so-widget-sow-editor-base\"\n\t\t\t\n\t\t>\n<div class=\"siteorigin-widget-tinymce textwidget\">\n\t<p><a href=\"https:\/\/www.empuron.com\/index.php\/de\/3e-empuron-fuer-erneuerbare-energien\/\"><img loading=\"lazy\" decoding=\"async\" class=\"aligncenter wp-image-758 size-full\" src=\"https:\/\/www.empuron.com\/wp-content\/uploads\/2016\/05\/EMP_Icons2.png\" alt=\"EMP_Icons2 Netzbetreiber\" width=\"220\" height=\"220\" srcset=\"https:\/\/www.empuron.com\/wp-content\/uploads\/2016\/05\/EMP_Icons2.png 220w, https:\/\/www.empuron.com\/wp-content\/uploads\/2016\/05\/EMP_Icons2-150x150.png 150w\" sizes=\"auto, (max-width: 220px) 100vw, 220px\" \/><\/a><\/p>\n<h4 style=\"text-align: center;\"><span style=\"color: #d2d200;\">F\u00dcR ANLAGEN- UND NETZBETREIBER<\/span><\/h4>\n<p style=\"text-align: center;\"><span style=\"color: #d2d200;\"><b>Anlagen der erneuerbaren Energien<\/b>\u00a0optimal betreiben und Fehlerbehebung unterst\u00fctzen<\/span><\/p>\n<p style=\"text-align: center;\"><span style=\"color: #d2d200;\"><strong>\u2022 Die herstellerunabh\u00e4ngige<br \/>\nPlattform<br \/>\n<\/strong><\/span><span style=\"color: #d2d200;\"><strong>\u2022 Sekundenschnelle<br \/>\nReaktionszeiten<br \/>\n<\/strong><\/span><span style=\"color: #d2d200;\"><strong>\u2022 Stark in der Analyse\u00a0von Fehlerf\u00e4llen<\/strong><\/span><\/p>\n<\/div>\n<\/div><\/div><\/div><div id=\"pgc-35-2-3\"  class=\"panel-grid-cell\" ><div id=\"panel-35-2-3-0\" class=\"so-panel widget_sow-editor panel-first-child panel-last-child\" data-index=\"5\" ><div\n\t\t\t\n\t\t\tclass=\"so-widget-sow-editor so-widget-sow-editor-base\"\n\t\t\t\n\t\t>\n<div class=\"siteorigin-widget-tinymce textwidget\">\n\t<p><a href=\"https:\/\/www.empuron.com\/index.php\/de\/app-energiemanagement-mit-applikationen\/\"><img loading=\"lazy\" decoding=\"async\" class=\"aligncenter wp-image-1488 size-full\" src=\"https:\/\/www.empuron.com\/wp-content\/uploads\/2016\/04\/APP_Icon.png\" alt=\"APP_Icon Netzbetreiber\" width=\"220\" height=\"220\" srcset=\"https:\/\/www.empuron.com\/wp-content\/uploads\/2016\/04\/APP_Icon.png 220w, https:\/\/www.empuron.com\/wp-content\/uploads\/2016\/04\/APP_Icon-150x150.png 150w\" sizes=\"auto, (max-width: 220px) 100vw, 220px\" \/><\/a><\/p>\n<h4 style=\"text-align: center;\"><span style=\"color: #e6a000;\">F\u00dcR ANLAGEN- UND NETZBETREIBER<\/span><\/h4>\n<p style=\"text-align: center;\"><span style=\"color: #e6a000;\"><b>Energiemanagement mit Applikationen<br \/>\n<\/b>erg\u00e4nzen und optimieren<\/span><\/p>\n<p style=\"text-align: center;\"><span style=\"color: #e6a000;\"><strong>\u2022 Modulares Energiemanagement<\/strong><\/span><br \/>\n<span style=\"color: #e6a000;\"><strong>\u2022 Einfache Modellbildung<\/strong><\/span><br \/>\n<span style=\"color: #e6a000;\"><strong>\u2022 Einsatz von k\u00fcnstlicher Intelligenz<\/strong><\/span><\/p>\n<\/div>\n<\/div><\/div><\/div><div id=\"pgc-35-2-4\"  class=\"panel-grid-cell\" ><div id=\"panel-35-2-4-0\" class=\"so-panel widget_sow-editor panel-first-child panel-last-child\" data-index=\"6\" ><div\n\t\t\t\n\t\t\tclass=\"so-widget-sow-editor so-widget-sow-editor-base\"\n\t\t\t\n\t\t>\n<div class=\"siteorigin-widget-tinymce textwidget\">\n\t<p><a href=\"https:\/\/www.empuron.com\/index.php\/de\/den-einsatz-von-energieanlagen-im-smart-grid-optimieren\/\"><img loading=\"lazy\" decoding=\"async\" class=\"aligncenter wp-image-760 size-full\" src=\"https:\/\/www.empuron.com\/wp-content\/uploads\/2016\/05\/EMP_Icons4.png\" alt=\"EMP_Icons4 Netzbetreiber\" width=\"220\" height=\"220\" srcset=\"https:\/\/www.empuron.com\/wp-content\/uploads\/2016\/05\/EMP_Icons4.png 220w, https:\/\/www.empuron.com\/wp-content\/uploads\/2016\/05\/EMP_Icons4-150x150.png 150w\" sizes=\"auto, (max-width: 220px) 100vw, 220px\" \/><\/a><\/p>\n<h4 style=\"text-align: center;\"><span style=\"color: #96b4c8;\">F\u00dcR ANLAGEN- UND NETZBETREIBER<\/span><\/h4>\n<p style=\"text-align: center;\"><span style=\"color: #96b4c8;\"><b>Den Einsatz von Energieanlagen<br \/>\n<\/b>im Smart Grid optimieren<\/span><\/p>\n<p style=\"text-align: center;\"><span style=\"color: #96b4c8;\"><strong>\u2022 Optimierung f\u00fcr\u00a0Smart Grids<\/strong><\/span><br \/>\n<span style=\"color: #96b4c8;\"><strong>\u2022 Flexibel einsetzbar<\/strong><\/span><br \/>\n<span style=\"color: #96b4c8;\"><strong>\u2022 K\u00fcnstliche Intelligenz\u00a0kombiniert mit\u00a0Optimierung<\/strong><\/span><\/p>\n<p><span style=\"color: #96b4c8;\">\u00a0<\/span><\/p>\n<\/div>\n<\/div><\/div><\/div><\/div><\/div><div id=\"pg-35-3\"  class=\"panel-grid panel-has-style\" ><div class=\"so-parallax siteorigin-panels-stretch panel-row-style panel-row-style-for-35-3\" id=\"Technik\" data-stretch-type=\"full\" ><img decoding=\"async\" width=\"1600\" height=\"800\" src=\"https:\/\/www.empuron.com\/wp-content\/uploads\/2016\/06\/Empuron_Kompetenzen_03.jpg\" class=\"attachment-full size-full\" alt=\"\" data-siteorigin-parallax=\"true\" loading=\"eager\" srcset=\"https:\/\/www.empuron.com\/wp-content\/uploads\/2016\/06\/Empuron_Kompetenzen_03.jpg 1600w, https:\/\/www.empuron.com\/wp-content\/uploads\/2016\/06\/Empuron_Kompetenzen_03-300x150.jpg 300w, https:\/\/www.empuron.com\/wp-content\/uploads\/2016\/06\/Empuron_Kompetenzen_03-1024x512.jpg 1024w\" sizes=\"(max-width: 1600px) 100vw, 1600px\" \/><div id=\"pgc-35-3-0\"  class=\"panel-grid-cell\" ><div id=\"panel-35-3-0-0\" class=\"so-panel widget_sow-editor panel-first-child\" data-index=\"7\" ><div\n\t\t\t\n\t\t\tclass=\"so-widget-sow-editor so-widget-sow-editor-base\"\n\t\t\t\n\t\t>\n<div class=\"siteorigin-widget-tinymce textwidget\">\n\t<h2 style=\"text-align: center;\"><span style=\"color: #ffffff;\">Bew\u00e4hrte Basistechnologien in der EMPURON Plattform<\/span><\/h2>\n<\/div>\n<\/div><\/div><div id=\"panel-35-3-0-1\" class=\"so-panel widget_sow-editor\" data-index=\"8\" ><div\n\t\t\t\n\t\t\tclass=\"so-widget-sow-editor so-widget-sow-editor-base\"\n\t\t\t\n\t\t>\n<div class=\"siteorigin-widget-tinymce textwidget\">\n\t<p><span style=\"color: #ffffff;\"><img loading=\"lazy\" decoding=\"async\" class=\"alignleft wp-image-1739 size-full\" src=\"https:\/\/www.empuron.com\/wp-content\/uploads\/2016\/04\/EMP_Basis_klein.png\" alt=\"EMP_Basis_klein\" width=\"140\" height=\"140\" \/><\/span><\/p>\n<p style=\"text-align: left;\"><span style=\"color: #ffffff;\"><strong><br \/>\nEMPURON Process-Data-Warehouse:<\/strong> Wahlweise verwendbare Plattformen: MS-SQL, ORACLE, PostgreSQL. Das Process-Data-Warehouse ist auf technische Daten, Zeitreihen, Statusinformationen und technische Meldungen spezialisiert und beherrscht Big-Data. Hohe zeitliche Datenaufl\u00f6sung der Werte, Millionen von Zeitreihen im Data-Warehouse und Aufnahme beliebiger Zeitreihen, auch ohne vorausgehenden Parametrierungsaufwand.<\/span><\/p>\n<p style=\"text-align: left;\"><span style=\"color: #ffffff;\">\u00a0<\/span><\/p>\n<\/div>\n<\/div><\/div><div id=\"panel-35-3-0-2\" class=\"so-panel widget_sow-editor\" data-index=\"9\" ><div\n\t\t\t\n\t\t\tclass=\"so-widget-sow-editor so-widget-sow-editor-base\"\n\t\t\t\n\t\t>\n<div class=\"siteorigin-widget-tinymce textwidget\">\n\t<p style=\"text-align: left;\"><span style=\"color: #ffffff;\"><strong><img loading=\"lazy\" decoding=\"async\" class=\"alignleft wp-image-1740 size-full\" src=\"https:\/\/www.empuron.com\/wp-content\/uploads\/2016\/04\/EMP_Basis_klein2.png\" alt=\"EMP_Basis_klein2\" width=\"140\" height=\"140\" \/><\/strong><\/span><\/p>\n<p>&nbsp;<\/p>\n<p style=\"text-align: left;\"><span style=\"color: #ffffff;\"><strong>K\u00fcnstliche Intelligenz:<\/strong> Einsatz der EMPURON Technologie auf Basis k\u00fcnstlicher Neuronaler Netze. Auf Basis der EMPURON-Technologie entstehen vollst\u00e4ndig neue M\u00f6glichkeiten f\u00fcr die Aufbereitung von Information im betrieblichen Alltag.<\/span><\/p>\n<\/div>\n<\/div><\/div><div id=\"panel-35-3-0-3\" class=\"so-panel widget_sow-editor\" data-index=\"10\" ><div\n\t\t\t\n\t\t\tclass=\"so-widget-sow-editor so-widget-sow-editor-base\"\n\t\t\t\n\t\t>\n<div class=\"siteorigin-widget-tinymce textwidget\">\n\t<p style=\"text-align: left;\"><img loading=\"lazy\" decoding=\"async\" class=\"alignleft wp-image-1741 size-full\" src=\"https:\/\/www.empuron.com\/wp-content\/uploads\/2016\/04\/EMP_Basis_klein3.png\" alt=\"EMP_Basis_klein3\" width=\"140\" height=\"140\" \/><\/p>\n<p>&nbsp;<\/p>\n<p style=\"text-align: left;\"><span style=\"color: #ffffff;\"><strong>Interfaces:<\/strong> Herstellerunabh\u00e4ngige Datenintegration f\u00fcr nahezu alle Interfaces am Energiemarkt, in Unternehmen und Geb\u00e4uden.<\/span><\/p>\n<\/div>\n<\/div><\/div><div id=\"panel-35-3-0-4\" class=\"so-panel widget_sow-editor panel-last-child\" data-index=\"11\" ><div\n\t\t\t\n\t\t\tclass=\"so-widget-sow-editor so-widget-sow-editor-base\"\n\t\t\t\n\t\t>\n<div class=\"siteorigin-widget-tinymce textwidget\">\n\t<p style=\"text-align: left;\"><img loading=\"lazy\" decoding=\"async\" class=\"alignleft wp-image-1742 size-full\" src=\"https:\/\/www.empuron.com\/wp-content\/uploads\/2016\/04\/EMP_Basis_klein4.png\" alt=\"EMP_Basis_klein4\" width=\"140\" height=\"140\" \/><\/p>\n<p>&nbsp;<\/p>\n<p style=\"text-align: left;\"><span style=\"color: #ffffff;\"><strong>Reporting:<\/strong> Dialogfunktionen mit Charting und SVG Oberfl\u00e4chen, frei definierbar und \u00fcber automatisch generierte Reports.<\/span><\/p>\n<\/div>\n<\/div><\/div><\/div><\/div><\/div><div id=\"pg-35-4\"  class=\"panel-grid panel-no-style\" ><div id=\"pgc-35-4-0\"  class=\"panel-grid-cell\" ><div id=\"panel-35-4-0-0\" class=\"so-panel widget_sow-editor panel-first-child panel-last-child\" data-index=\"12\" ><div\n\t\t\t\n\t\t\tclass=\"so-widget-sow-editor so-widget-sow-editor-base\"\n\t\t\t\n\t\t>\n<div class=\"siteorigin-widget-tinymce textwidget\">\n\t<p><!-- Global site tag (gtag.js) - Google Ads: 720993198 --><br \/>\n<script async src=\"https:\/\/www.googletagmanager.com\/gtag\/js?id=AW-720993198\"><\/script><br \/>\n<script>\n  window.dataLayer = window.dataLayer || [];\n  function gtag(){dataLayer.push(arguments);}\n  gtag('js', new Date());<\/p>\n<p>  gtag('config', 'AW-720993198');\n<\/script><\/p>\n<\/div>\n<\/div><\/div><\/div><\/div><\/div>","protected":false},"excerpt":{"rendered":"<p>PRODUKTE &amp; L\u00d6SUNGEN EMPURON Produkte bestehen aus leistungsstarken Komponenten, die perfekt abgestimmt sind.\u00a0Mit dem durchg\u00e4ngigen Adresssystem lassen sich Informationen an beliebigen Stellen\u00a0homogen in unterschiedlichen Modulen verwenden.<\/p>\n","protected":false},"author":2,"featured_media":0,"parent":0,"menu_order":0,"comment_status":"closed","ping_status":"closed","template":"","meta":{"om_disable_all_campaigns":false,"footnotes":""},"class_list":["post-35","page","type-page","status-publish","hentry"],"yoast_head":"<!-- This site is optimized with the Yoast SEO Premium plugin v18.5 (Yoast SEO v27.3) - https:\/\/yoast.com\/product\/yoast-seo-premium-wordpress\/ -->\n<title>EMPURON Produkte und L\u00f6sungen f\u00fcr Industrie, Liegenschaften u.a.<\/title>\n<meta name=\"description\" content=\"Finden Sie hier Produkte und L\u00f6sungen f\u00fcr intelligentes Energiemanagement, flexibel und individuell anpassbar an die Anforderungen Ihrer Prozesse.\" \/>\n<meta name=\"robots\" content=\"index, follow, max-snippet:-1, max-image-preview:large, max-video-preview:-1\" \/>\n<link rel=\"canonical\" href=\"https:\/\/www.empuron.com\/index.php\/de\/https-www-empuron-com-index-php-de-produkte\/\" \/>\n<meta property=\"og:locale\" content=\"de_DE\" \/>\n<meta property=\"og:type\" content=\"article\" \/>\n<meta property=\"og:title\" content=\"PRODUKTE\" \/>\n<meta property=\"og:description\" content=\"Finden Sie hier Produkte und L\u00f6sungen f\u00fcr intelligentes Energiemanagement, flexibel und individuell anpassbar an die Anforderungen Ihrer Prozesse.\" \/>\n<meta property=\"og:url\" content=\"https:\/\/www.empuron.com\/index.php\/de\/https-www-empuron-com-index-php-de-produkte\/\" \/>\n<meta property=\"og:site_name\" content=\"EMPURON\" \/>\n<meta property=\"article:modified_time\" content=\"2020-12-15T09:58:40+00:00\" \/>\n<meta property=\"og:image\" content=\"https:\/\/www.empuron.com\/wp-content\/uploads\/2016\/04\/Emp_Produkte.png\" \/>\n<meta name=\"twitter:card\" content=\"summary_large_image\" \/>\n<meta name=\"twitter:label1\" content=\"Gesch\u00e4tzte Lesezeit\" \/>\n\t<meta name=\"twitter:data1\" content=\"4\u00a0Minuten\" \/>\n<script type=\"application\/ld+json\" class=\"yoast-schema-graph\">{\"@context\":\"https:\\\/\\\/schema.org\",\"@graph\":[{\"@type\":\"WebPage\",\"@id\":\"https:\\\/\\\/www.empuron.com\\\/index.php\\\/de\\\/https-www-empuron-com-index-php-de-produkte\\\/\",\"url\":\"https:\\\/\\\/www.empuron.com\\\/index.php\\\/de\\\/https-www-empuron-com-index-php-de-produkte\\\/\",\"name\":\"EMPURON Produkte und L\u00f6sungen f\u00fcr Industrie, Liegenschaften u.a.\",\"isPartOf\":{\"@id\":\"https:\\\/\\\/www.empuron.com\\\/#website\"},\"primaryImageOfPage\":{\"@id\":\"https:\\\/\\\/www.empuron.com\\\/index.php\\\/de\\\/https-www-empuron-com-index-php-de-produkte\\\/#primaryimage\"},\"image\":{\"@id\":\"https:\\\/\\\/www.empuron.com\\\/index.php\\\/de\\\/https-www-empuron-com-index-php-de-produkte\\\/#primaryimage\"},\"thumbnailUrl\":\"https:\\\/\\\/www.empuron.com\\\/wp-content\\\/uploads\\\/2016\\\/04\\\/Emp_Produkte.png\",\"datePublished\":\"2016-04-20T18:30:52+00:00\",\"dateModified\":\"2020-12-15T09:58:40+00:00\",\"description\":\"Finden Sie hier Produkte und L\u00f6sungen f\u00fcr intelligentes Energiemanagement, flexibel und individuell anpassbar an die Anforderungen Ihrer Prozesse.\",\"breadcrumb\":{\"@id\":\"https:\\\/\\\/www.empuron.com\\\/index.php\\\/de\\\/https-www-empuron-com-index-php-de-produkte\\\/#breadcrumb\"},\"inLanguage\":\"de\",\"potentialAction\":[{\"@type\":\"ReadAction\",\"target\":[\"https:\\\/\\\/www.empuron.com\\\/index.php\\\/de\\\/https-www-empuron-com-index-php-de-produkte\\\/\"]}]},{\"@type\":\"ImageObject\",\"inLanguage\":\"de\",\"@id\":\"https:\\\/\\\/www.empuron.com\\\/index.php\\\/de\\\/https-www-empuron-com-index-php-de-produkte\\\/#primaryimage\",\"url\":\"https:\\\/\\\/www.empuron.com\\\/wp-content\\\/uploads\\\/2016\\\/04\\\/Emp_Produkte.png\",\"contentUrl\":\"https:\\\/\\\/www.empuron.com\\\/wp-content\\\/uploads\\\/2016\\\/04\\\/Emp_Produkte.png\",\"width\":80,\"height\":80},{\"@type\":\"BreadcrumbList\",\"@id\":\"https:\\\/\\\/www.empuron.com\\\/index.php\\\/de\\\/https-www-empuron-com-index-php-de-produkte\\\/#breadcrumb\",\"itemListElement\":[{\"@type\":\"ListItem\",\"position\":1,\"name\":\"Startseite\",\"item\":\"https:\\\/\\\/www.empuron.com\\\/index.php\\\/de\\\/https-www-empuron-com-index-php-de-https-www-empuron-com-index-php-de-empuron-ueberlegenes-energiemanagement\\\/\"},{\"@type\":\"ListItem\",\"position\":2,\"name\":\"PRODUKTE\"}]},{\"@type\":\"WebSite\",\"@id\":\"https:\\\/\\\/www.empuron.com\\\/#website\",\"url\":\"https:\\\/\\\/www.empuron.com\\\/\",\"name\":\"EMPURON\",\"description\":\"Specialised in Energy Intelligence Solutions\",\"publisher\":{\"@id\":\"https:\\\/\\\/www.empuron.com\\\/#organization\"},\"potentialAction\":[{\"@type\":\"SearchAction\",\"target\":{\"@type\":\"EntryPoint\",\"urlTemplate\":\"https:\\\/\\\/www.empuron.com\\\/?s={search_term_string}\"},\"query-input\":{\"@type\":\"PropertyValueSpecification\",\"valueRequired\":true,\"valueName\":\"search_term_string\"}}],\"inLanguage\":\"de\"},{\"@type\":\"Organization\",\"@id\":\"https:\\\/\\\/www.empuron.com\\\/#organization\",\"name\":\"EMPURON AG\",\"url\":\"https:\\\/\\\/www.empuron.com\\\/\",\"logo\":{\"@type\":\"ImageObject\",\"inLanguage\":\"de\",\"@id\":\"https:\\\/\\\/www.empuron.com\\\/#\\\/schema\\\/logo\\\/image\\\/\",\"url\":\"https:\\\/\\\/www.empuron.com\\\/wp-content\\\/uploads\\\/2017\\\/05\\\/Emp_Logo.png\",\"contentUrl\":\"https:\\\/\\\/www.empuron.com\\\/wp-content\\\/uploads\\\/2017\\\/05\\\/Emp_Logo.png\",\"width\":80,\"height\":80,\"caption\":\"EMPURON AG\"},\"image\":{\"@id\":\"https:\\\/\\\/www.empuron.com\\\/#\\\/schema\\\/logo\\\/image\\\/\"},\"sameAs\":[\"https:\\\/\\\/www.linkedin.com\\\/company\\\/2127395\\\/\"]}]}<\/script>\n<!-- \/ Yoast SEO Premium plugin. -->","yoast_head_json":{"title":"EMPURON Produkte und L\u00f6sungen f\u00fcr Industrie, Liegenschaften u.a.","description":"Finden Sie hier Produkte und L\u00f6sungen f\u00fcr intelligentes Energiemanagement, flexibel und individuell anpassbar an die Anforderungen Ihrer Prozesse.","robots":{"index":"index","follow":"follow","max-snippet":"max-snippet:-1","max-image-preview":"max-image-preview:large","max-video-preview":"max-video-preview:-1"},"canonical":"https:\/\/www.empuron.com\/index.php\/de\/https-www-empuron-com-index-php-de-produkte\/","og_locale":"de_DE","og_type":"article","og_title":"PRODUKTE","og_description":"Finden Sie hier Produkte und L\u00f6sungen f\u00fcr intelligentes Energiemanagement, flexibel und individuell anpassbar an die Anforderungen Ihrer Prozesse.","og_url":"https:\/\/www.empuron.com\/index.php\/de\/https-www-empuron-com-index-php-de-produkte\/","og_site_name":"EMPURON","article_modified_time":"2020-12-15T09:58:40+00:00","og_image":[{"url":"https:\/\/www.empuron.com\/wp-content\/uploads\/2016\/04\/Emp_Produkte.png","type":"","width":"","height":""}],"twitter_card":"summary_large_image","twitter_misc":{"Gesch\u00e4tzte Lesezeit":"4\u00a0Minuten"},"schema":{"@context":"https:\/\/schema.org","@graph":[{"@type":"WebPage","@id":"https:\/\/www.empuron.com\/index.php\/de\/https-www-empuron-com-index-php-de-produkte\/","url":"https:\/\/www.empuron.com\/index.php\/de\/https-www-empuron-com-index-php-de-produkte\/","name":"EMPURON Produkte und L\u00f6sungen f\u00fcr Industrie, Liegenschaften u.a.","isPartOf":{"@id":"https:\/\/www.empuron.com\/#website"},"primaryImageOfPage":{"@id":"https:\/\/www.empuron.com\/index.php\/de\/https-www-empuron-com-index-php-de-produkte\/#primaryimage"},"image":{"@id":"https:\/\/www.empuron.com\/index.php\/de\/https-www-empuron-com-index-php-de-produkte\/#primaryimage"},"thumbnailUrl":"https:\/\/www.empuron.com\/wp-content\/uploads\/2016\/04\/Emp_Produkte.png","datePublished":"2016-04-20T18:30:52+00:00","dateModified":"2020-12-15T09:58:40+00:00","description":"Finden Sie hier Produkte und L\u00f6sungen f\u00fcr intelligentes Energiemanagement, flexibel und individuell anpassbar an die Anforderungen Ihrer Prozesse.","breadcrumb":{"@id":"https:\/\/www.empuron.com\/index.php\/de\/https-www-empuron-com-index-php-de-produkte\/#breadcrumb"},"inLanguage":"de","potentialAction":[{"@type":"ReadAction","target":["https:\/\/www.empuron.com\/index.php\/de\/https-www-empuron-com-index-php-de-produkte\/"]}]},{"@type":"ImageObject","inLanguage":"de","@id":"https:\/\/www.empuron.com\/index.php\/de\/https-www-empuron-com-index-php-de-produkte\/#primaryimage","url":"https:\/\/www.empuron.com\/wp-content\/uploads\/2016\/04\/Emp_Produkte.png","contentUrl":"https:\/\/www.empuron.com\/wp-content\/uploads\/2016\/04\/Emp_Produkte.png","width":80,"height":80},{"@type":"BreadcrumbList","@id":"https:\/\/www.empuron.com\/index.php\/de\/https-www-empuron-com-index-php-de-produkte\/#breadcrumb","itemListElement":[{"@type":"ListItem","position":1,"name":"Startseite","item":"https:\/\/www.empuron.com\/index.php\/de\/https-www-empuron-com-index-php-de-https-www-empuron-com-index-php-de-empuron-ueberlegenes-energiemanagement\/"},{"@type":"ListItem","position":2,"name":"PRODUKTE"}]},{"@type":"WebSite","@id":"https:\/\/www.empuron.com\/#website","url":"https:\/\/www.empuron.com\/","name":"EMPURON","description":"Specialised in Energy Intelligence Solutions","publisher":{"@id":"https:\/\/www.empuron.com\/#organization"},"potentialAction":[{"@type":"SearchAction","target":{"@type":"EntryPoint","urlTemplate":"https:\/\/www.empuron.com\/?s={search_term_string}"},"query-input":{"@type":"PropertyValueSpecification","valueRequired":true,"valueName":"search_term_string"}}],"inLanguage":"de"},{"@type":"Organization","@id":"https:\/\/www.empuron.com\/#organization","name":"EMPURON AG","url":"https:\/\/www.empuron.com\/","logo":{"@type":"ImageObject","inLanguage":"de","@id":"https:\/\/www.empuron.com\/#\/schema\/logo\/image\/","url":"https:\/\/www.empuron.com\/wp-content\/uploads\/2017\/05\/Emp_Logo.png","contentUrl":"https:\/\/www.empuron.com\/wp-content\/uploads\/2017\/05\/Emp_Logo.png","width":80,"height":80,"caption":"EMPURON AG"},"image":{"@id":"https:\/\/www.empuron.com\/#\/schema\/logo\/image\/"},"sameAs":["https:\/\/www.linkedin.com\/company\/2127395\/"]}]}},"_links":{"self":[{"href":"https:\/\/www.empuron.com\/index.php\/wp-json\/wp\/v2\/pages\/35","targetHints":{"allow":["GET"]}}],"collection":[{"href":"https:\/\/www.empuron.com\/index.php\/wp-json\/wp\/v2\/pages"}],"about":[{"href":"https:\/\/www.empuron.com\/index.php\/wp-json\/wp\/v2\/types\/page"}],"author":[{"embeddable":true,"href":"https:\/\/www.empuron.com\/index.php\/wp-json\/wp\/v2\/users\/2"}],"replies":[{"embeddable":true,"href":"https:\/\/www.empuron.com\/index.php\/wp-json\/wp\/v2\/comments?post=35"}],"version-history":[{"count":120,"href":"https:\/\/www.empuron.com\/index.php\/wp-json\/wp\/v2\/pages\/35\/revisions"}],"predecessor-version":[{"id":6513,"href":"https:\/\/www.empuron.com\/index.php\/wp-json\/wp\/v2\/pages\/35\/revisions\/6513"}],"wp:attachment":[{"href":"https:\/\/www.empuron.com\/index.php\/wp-json\/wp\/v2\/media?parent=35"}],"curies":[{"name":"wp","href":"https:\/\/api.w.org\/{rel}","templated":true}]}}