{"id":41,"date":"2016-04-20T18:31:24","date_gmt":"2016-04-20T18:31:24","guid":{"rendered":"https:\/\/www.ambpower.com\/?page_id=41"},"modified":"2024-08-15T10:39:04","modified_gmt":"2024-08-15T08:39:04","slug":"broschueren","status":"publish","type":"page","link":"https:\/\/www.empuron.com\/index.php\/de\/broschueren\/","title":{"rendered":"BROSCH\u00dcREN"},"content":{"rendered":"<div id=\"pl-41\"  class=\"panel-layout\" ><div id=\"pg-41-0\"  class=\"panel-grid panel-has-style\" ><div class=\"so-parallax siteorigin-panels-stretch panel-row-style panel-row-style-for-41-0\" data-stretch-type=\"full\" ><img fetchpriority=\"high\" decoding=\"async\" width=\"1600\" height=\"600\" src=\"https:\/\/www.empuron.com\/wp-content\/uploads\/2016\/04\/Produkt_Header.jpg\" class=\"attachment-full size-full\" alt=\"\" data-siteorigin-parallax=\"true\" loading=\"eager\" srcset=\"https:\/\/www.empuron.com\/wp-content\/uploads\/2016\/04\/Produkt_Header.jpg 1600w, https:\/\/www.empuron.com\/wp-content\/uploads\/2016\/04\/Produkt_Header-300x113.jpg 300w, https:\/\/www.empuron.com\/wp-content\/uploads\/2016\/04\/Produkt_Header-1024x384.jpg 1024w\" sizes=\"(max-width: 1600px) 100vw, 1600px\" \/><div id=\"pgc-41-0-0\"  class=\"panel-grid-cell\" ><div id=\"panel-41-0-0-0\" class=\"so-panel widget_sow-editor panel-first-child panel-last-child\" data-index=\"0\" ><div\n\t\t\t\n\t\t\tclass=\"so-widget-sow-editor so-widget-sow-editor-base\"\n\t\t\t\n\t\t>\n<div class=\"siteorigin-widget-tinymce textwidget\">\n\t<p><!-- Global site tag (gtag.js) - Google Ads: 720993198 --><br \/>\n<script async src=\"https:\/\/www.googletagmanager.com\/gtag\/js?id=AW-720993198\"><\/script><br \/>\n<script>\n  window.dataLayer = window.dataLayer || [];\n  function gtag(){dataLayer.push(arguments);}\n  gtag('js', new Date());<\/p>\n<p>  gtag('config', 'AW-720993198');\n<\/script><\/p>\n<h1 style=\"text-align: center;\"><span style=\"color: #ffffff;\"><img loading=\"lazy\" decoding=\"async\" class=\"alignnone wp-image-2054 size-full\" src=\"https:\/\/www.empuron.com\/wp-content\/uploads\/2017\/05\/Emp_Logo.png\" width=\"80\" height=\"80\" \/><br \/>\nBROSCH\u00dcREN<\/span><\/h1>\n<\/div>\n<\/div><\/div><\/div><\/div><\/div><div id=\"pg-41-1\"  class=\"panel-grid panel-no-style\" ><div id=\"pgc-41-1-0\"  class=\"panel-grid-cell\" ><div id=\"panel-41-1-0-0\" class=\"so-panel widget_sow-editor panel-first-child panel-last-child\" data-index=\"1\" ><div\n\t\t\t\n\t\t\tclass=\"so-widget-sow-editor so-widget-sow-editor-base\"\n\t\t\t\n\t\t>\n<div class=\"siteorigin-widget-tinymce textwidget\">\n\t<p style=\"text-align: center;\">Hier finden Sie Brosch\u00fcren \u00fcber unsere <a href=\"https:\/\/www.empuron.com\/index.php\/de\/produkte\/\">Produkte<\/a> und Dienstleistungen zum Download.<\/p>\n<\/div>\n<\/div><\/div><\/div><\/div><div id=\"pg-41-2\"  class=\"panel-grid panel-no-style\" ><div id=\"pgc-41-2-0\"  class=\"panel-grid-cell\" ><div id=\"panel-41-2-0-0\" class=\"so-panel widget_sow-image panel-first-child\" data-index=\"2\" ><div\n\t\t\t\n\t\t\tclass=\"so-widget-sow-image so-widget-sow-image-default-4e6925654b7a-41\"\n\t\t\t data-overlay-enabled=\"1\" data-overlay-settings=\"{&quot;enabled_for_widgets&quot;:[&quot;sow-image&quot;,&quot;sow-image-grid&quot;,&quot;sow-simple-masonry&quot;],&quot;theme&quot;:&quot;&quot;,&quot;show_delay&quot;:300,&quot;overlay_color&quot;:&quot;#000000&quot;,&quot;overlay_opacity&quot;:0.8,&quot;overlay_position&quot;:&quot;bottom&quot;,&quot;overlay_size&quot;:0.3,&quot;desktop_show_trigger&quot;:&quot;hover&quot;,&quot;touch_show_trigger&quot;:&quot;touch&quot;,&quot;responsive_breakpoint&quot;:&quot;1024px&quot;,&quot;responsive_breakpoint_unit&quot;:&quot;px&quot;,&quot;overlay_animation&quot;:&quot;fade&quot;,&quot;overlay_animation_onscreen&quot;:false,&quot;font_family&quot;:&quot;&quot;,&quot;text_size&quot;:&quot;15px&quot;,&quot;text_size_unit&quot;:&quot;px&quot;,&quot;text_color&quot;:&quot;#fff&quot;,&quot;text_padding&quot;:&quot;22px 22px 22px 22px&quot;,&quot;text_position&quot;:&quot;middle&quot;,&quot;text_align&quot;:&quot;left&quot;,&quot;text_animation&quot;:&quot;&quot;}\"\n\t\t>\n<div class=\"sow-image-container\">\n\t\t<img \n\tsrc=\"https:\/\/www.empuron.com\/wp-content\/uploads\/2016\/05\/EMP_Icons.png\" width=\"150\" height=\"150\" srcset=\"https:\/\/www.empuron.com\/wp-content\/uploads\/2016\/05\/EMP_Icons.png 220w, https:\/\/www.empuron.com\/wp-content\/uploads\/2016\/05\/EMP_Icons-150x150.png 150w\" sizes=\"(max-width: 150px) 100vw, 150px\" alt=\"EVE Brosch\u00fcren\" \t\tclass=\"so-widget-image\"\/>\n\t<\/div>\n\n<\/div><\/div><div id=\"panel-41-2-0-1\" class=\"so-panel widget_sow-editor panel-last-child\" data-index=\"3\" ><div\n\t\t\t\n\t\t\tclass=\"so-widget-sow-editor so-widget-sow-editor-base\"\n\t\t\t\n\t\t>\n<div class=\"siteorigin-widget-tinymce textwidget\">\n\t<p style=\"text-align: left;\"><a href=\"https:\/\/www.empuron.com\/wp-content\/uploads\/2020\/03\/EMPURON_EVE.2.X_DE.pdf\">EVE 2.X Brosch\u00fcre<\/a><\/p>\n<p style=\"text-align: left;\"><a href=\"https:\/\/www.empuron.com\/wp-content\/uploads\/2016\/09\/EMPURON_EVE.2.X_SANKEY_DE.pdf\">EVE 2.X Sankey Diagramme<\/a><\/p>\n<p style=\"text-align: left;\">\n<p style=\"text-align: left;\">\n<\/div>\n<\/div><\/div><\/div><div id=\"pgc-41-2-1\"  class=\"panel-grid-cell\" ><div id=\"panel-41-2-1-0\" class=\"so-panel widget_sow-image panel-first-child\" data-index=\"4\" ><div\n\t\t\t\n\t\t\tclass=\"so-widget-sow-image so-widget-sow-image-default-8b5b6f678277-41\"\n\t\t\t data-overlay-enabled=\"1\" data-overlay-settings=\"{&quot;enabled_for_widgets&quot;:[&quot;sow-image&quot;,&quot;sow-image-grid&quot;,&quot;sow-simple-masonry&quot;],&quot;theme&quot;:&quot;&quot;,&quot;show_delay&quot;:300,&quot;overlay_color&quot;:&quot;#000000&quot;,&quot;overlay_opacity&quot;:0.8,&quot;overlay_position&quot;:&quot;bottom&quot;,&quot;overlay_size&quot;:0.3,&quot;desktop_show_trigger&quot;:&quot;hover&quot;,&quot;touch_show_trigger&quot;:&quot;touch&quot;,&quot;responsive_breakpoint&quot;:&quot;1024px&quot;,&quot;responsive_breakpoint_unit&quot;:&quot;px&quot;,&quot;overlay_animation&quot;:&quot;fade&quot;,&quot;overlay_animation_onscreen&quot;:false,&quot;font_family&quot;:&quot;&quot;,&quot;text_size&quot;:&quot;15px&quot;,&quot;text_size_unit&quot;:&quot;px&quot;,&quot;text_color&quot;:&quot;#fff&quot;,&quot;text_padding&quot;:&quot;22px 22px 22px 22px&quot;,&quot;text_position&quot;:&quot;middle&quot;,&quot;text_align&quot;:&quot;left&quot;,&quot;text_animation&quot;:&quot;&quot;}\"\n\t\t>\n<div class=\"sow-image-container\">\n\t\t<img \n\tsrc=\"https:\/\/www.empuron.com\/wp-content\/uploads\/2020\/07\/Cartan_Logo_220.png\" width=\"150\" height=\"150\" srcset=\"https:\/\/www.empuron.com\/wp-content\/uploads\/2020\/07\/Cartan_Logo_220.png 220w, https:\/\/www.empuron.com\/wp-content\/uploads\/2020\/07\/Cartan_Logo_220-150x150.png 150w\" sizes=\"(max-width: 150px) 100vw, 150px\" alt=\"\" \t\tclass=\"so-widget-image\"\/>\n\t<\/div>\n\n<\/div><\/div><div id=\"panel-41-2-1-1\" class=\"so-panel widget_sow-editor panel-last-child\" data-index=\"5\" ><div\n\t\t\t\n\t\t\tclass=\"so-widget-sow-editor so-widget-sow-editor-base\"\n\t\t\t\n\t\t>\n<div class=\"siteorigin-widget-tinymce textwidget\">\n\t<p><a href=\"https:\/\/www.empuron.com\/wp-content\/uploads\/2024\/08\/EMPURON_C@RTAN.pdf\">EMPURON C@RTAN<\/a><\/p>\n<\/div>\n<\/div><\/div><\/div><div id=\"pgc-41-2-2\"  class=\"panel-grid-cell\" ><div id=\"panel-41-2-2-0\" class=\"so-panel widget_sow-image panel-first-child\" data-index=\"6\" ><div\n\t\t\t\n\t\t\tclass=\"so-widget-sow-image so-widget-sow-image-default-4e6925654b7a-41\"\n\t\t\t data-overlay-enabled=\"1\" data-overlay-settings=\"{&quot;enabled_for_widgets&quot;:[&quot;sow-image&quot;,&quot;sow-image-grid&quot;,&quot;sow-simple-masonry&quot;],&quot;theme&quot;:&quot;&quot;,&quot;show_delay&quot;:300,&quot;overlay_color&quot;:&quot;#000000&quot;,&quot;overlay_opacity&quot;:0.8,&quot;overlay_position&quot;:&quot;bottom&quot;,&quot;overlay_size&quot;:0.3,&quot;desktop_show_trigger&quot;:&quot;hover&quot;,&quot;touch_show_trigger&quot;:&quot;touch&quot;,&quot;responsive_breakpoint&quot;:&quot;1024px&quot;,&quot;responsive_breakpoint_unit&quot;:&quot;px&quot;,&quot;overlay_animation&quot;:&quot;fade&quot;,&quot;overlay_animation_onscreen&quot;:false,&quot;font_family&quot;:&quot;&quot;,&quot;text_size&quot;:&quot;15px&quot;,&quot;text_size_unit&quot;:&quot;px&quot;,&quot;text_color&quot;:&quot;#fff&quot;,&quot;text_padding&quot;:&quot;22px 22px 22px 22px&quot;,&quot;text_position&quot;:&quot;middle&quot;,&quot;text_align&quot;:&quot;left&quot;,&quot;text_animation&quot;:&quot;&quot;}\"\n\t\t>\n<div class=\"sow-image-container\">\n\t\t<img \n\tsrc=\"https:\/\/www.empuron.com\/wp-content\/uploads\/2016\/04\/APP_Icon.png\" width=\"150\" height=\"150\" srcset=\"https:\/\/www.empuron.com\/wp-content\/uploads\/2016\/04\/APP_Icon.png 220w, https:\/\/www.empuron.com\/wp-content\/uploads\/2016\/04\/APP_Icon-150x150.png 150w\" sizes=\"(max-width: 150px) 100vw, 150px\" alt=\"APP Brosch\u00fcren\" \t\tclass=\"so-widget-image\"\/>\n\t<\/div>\n\n<\/div><\/div><div id=\"panel-41-2-2-1\" class=\"so-panel widget_sow-editor panel-last-child\" data-index=\"7\" ><div\n\t\t\t\n\t\t\tclass=\"so-widget-sow-editor so-widget-sow-editor-base\"\n\t\t\t\n\t\t>\n<div class=\"siteorigin-widget-tinymce textwidget\">\n\t<p style=\"text-align: left;\"><a href=\"https:\/\/www.empuron.com\/wp-content\/uploads\/2016\/05\/9a_empuron_HTTP_Server_DE.pdf\">EMPURON HTTP Server f\u00fcr Siemens SINAUT Spectrum and Siemens Spectrum Power<\/a><\/p>\n<p style=\"text-align: left;\"><a href=\"https:\/\/www.empuron.com\/wp-content\/uploads\/2016\/05\/15_EMPURON_GGateway_DE.pdf\">EMPURON Grid Gateway<\/a><\/p>\n<p style=\"text-align: left;\"><a href=\"https:\/\/www.empuron.com\/wp-content\/uploads\/2016\/05\/16_empuron_atlas_DE.pdf\">EMPURON ATLAS - Modulares RTU<\/a><\/p>\n<p style=\"text-align: left;\"><a href=\"https:\/\/www.empuron.com\/wp-content\/uploads\/2016\/05\/14_empuron_display_solutions_DE_2.pdf\">EMPURON DISPLAY SOLUTIONS<\/a><\/p>\n<\/div>\n<\/div><\/div><\/div><div id=\"pgc-41-2-3\"  class=\"panel-grid-cell\" ><div id=\"panel-41-2-3-0\" class=\"so-panel widget_sow-image panel-first-child\" data-index=\"8\" ><div\n\t\t\t\n\t\t\tclass=\"so-widget-sow-image so-widget-sow-image-default-4e6925654b7a-41\"\n\t\t\t data-overlay-enabled=\"1\" data-overlay-settings=\"{&quot;enabled_for_widgets&quot;:[&quot;sow-image&quot;,&quot;sow-image-grid&quot;,&quot;sow-simple-masonry&quot;],&quot;theme&quot;:&quot;&quot;,&quot;show_delay&quot;:300,&quot;overlay_color&quot;:&quot;#000000&quot;,&quot;overlay_opacity&quot;:0.8,&quot;overlay_position&quot;:&quot;bottom&quot;,&quot;overlay_size&quot;:0.3,&quot;desktop_show_trigger&quot;:&quot;hover&quot;,&quot;touch_show_trigger&quot;:&quot;touch&quot;,&quot;responsive_breakpoint&quot;:&quot;1024px&quot;,&quot;responsive_breakpoint_unit&quot;:&quot;px&quot;,&quot;overlay_animation&quot;:&quot;fade&quot;,&quot;overlay_animation_onscreen&quot;:false,&quot;font_family&quot;:&quot;&quot;,&quot;text_size&quot;:&quot;15px&quot;,&quot;text_size_unit&quot;:&quot;px&quot;,&quot;text_color&quot;:&quot;#fff&quot;,&quot;text_padding&quot;:&quot;22px 22px 22px 22px&quot;,&quot;text_position&quot;:&quot;middle&quot;,&quot;text_align&quot;:&quot;left&quot;,&quot;text_animation&quot;:&quot;&quot;}\"\n\t\t>\n<div class=\"sow-image-container\">\n\t\t<img \n\tsrc=\"https:\/\/www.empuron.com\/wp-content\/uploads\/2016\/05\/EMP_Icons4.png\" width=\"150\" height=\"150\" srcset=\"https:\/\/www.empuron.com\/wp-content\/uploads\/2016\/05\/EMP_Icons4.png 220w, https:\/\/www.empuron.com\/wp-content\/uploads\/2016\/05\/EMP_Icons4-150x150.png 150w\" sizes=\"(max-width: 150px) 100vw, 150px\" alt=\"EDM Brosch\u00fcren\" \t\tclass=\"so-widget-image\"\/>\n\t<\/div>\n\n<\/div><\/div><div id=\"panel-41-2-3-1\" class=\"so-panel widget_sow-editor panel-last-child\" data-index=\"9\" ><div\n\t\t\t\n\t\t\tclass=\"so-widget-sow-editor so-widget-sow-editor-base\"\n\t\t\t\n\t\t>\n<div class=\"siteorigin-widget-tinymce textwidget\">\n\t<p style=\"text-align: left;\"><a href=\"https:\/\/www.empuron.com\/wp-content\/uploads\/2019\/02\/empuron_REMOS_DE.pdf\">EMPURON Regelenergie-Monitoring<\/a><\/p>\n<p style=\"text-align: left;\"><a href=\"https:\/\/www.empuron.com\/wp-content\/uploads\/2016\/05\/EMPURON-PA_DE.pdf\">EMPURON PREDICTIVE ANALYSIS<\/a><\/p>\n<\/div>\n<\/div><\/div><\/div><div id=\"pgc-41-2-4\"  class=\"panel-grid-cell\" ><div id=\"panel-41-2-4-0\" class=\"so-panel widget_sow-image panel-first-child\" data-index=\"10\" ><div\n\t\t\t\n\t\t\tclass=\"so-widget-sow-image so-widget-sow-image-default-4e6925654b7a-41\"\n\t\t\t data-overlay-enabled=\"1\" data-overlay-settings=\"{&quot;enabled_for_widgets&quot;:[&quot;sow-image&quot;,&quot;sow-image-grid&quot;,&quot;sow-simple-masonry&quot;],&quot;theme&quot;:&quot;&quot;,&quot;show_delay&quot;:300,&quot;overlay_color&quot;:&quot;#000000&quot;,&quot;overlay_opacity&quot;:0.8,&quot;overlay_position&quot;:&quot;bottom&quot;,&quot;overlay_size&quot;:0.3,&quot;desktop_show_trigger&quot;:&quot;hover&quot;,&quot;touch_show_trigger&quot;:&quot;touch&quot;,&quot;responsive_breakpoint&quot;:&quot;1024px&quot;,&quot;responsive_breakpoint_unit&quot;:&quot;px&quot;,&quot;overlay_animation&quot;:&quot;fade&quot;,&quot;overlay_animation_onscreen&quot;:false,&quot;font_family&quot;:&quot;&quot;,&quot;text_size&quot;:&quot;15px&quot;,&quot;text_size_unit&quot;:&quot;px&quot;,&quot;text_color&quot;:&quot;#fff&quot;,&quot;text_padding&quot;:&quot;22px 22px 22px 22px&quot;,&quot;text_position&quot;:&quot;middle&quot;,&quot;text_align&quot;:&quot;left&quot;,&quot;text_animation&quot;:&quot;&quot;}\"\n\t\t>\n<div class=\"sow-image-container\">\n\t\t<img \n\tsrc=\"https:\/\/www.empuron.com\/wp-content\/uploads\/2016\/05\/EMP_Icons2.png\" width=\"150\" height=\"150\" srcset=\"https:\/\/www.empuron.com\/wp-content\/uploads\/2016\/05\/EMP_Icons2.png 220w, https:\/\/www.empuron.com\/wp-content\/uploads\/2016\/05\/EMP_Icons2-150x150.png 150w\" sizes=\"(max-width: 150px) 100vw, 150px\" alt=\"3E Brosch\u00fcren\" \t\tclass=\"so-widget-image\"\/>\n\t<\/div>\n\n<\/div><\/div><div id=\"panel-41-2-4-1\" class=\"so-panel widget_sow-editor panel-last-child\" data-index=\"11\" ><div\n\t\t\t\n\t\t\tclass=\"so-widget-sow-editor so-widget-sow-editor-base\"\n\t\t\t\n\t\t>\n<div class=\"siteorigin-widget-tinymce textwidget\">\n\t<p style=\"text-align: left;\"><a href=\"https:\/\/www.empuron.com\/wp-content\/uploads\/2016\/05\/1_Empuron_Faltblatt_A4_DE.pdf\">\u00dcber EMPURON<\/a><\/p>\n<p style=\"text-align: left;\"><a href=\"https:\/\/www.empuron.com\/wp-content\/uploads\/2016\/05\/3_empuron_supervise_PV_DE.pdf\">EMPURON SUPERVISE PV<\/a><\/p>\n<p style=\"text-align: left;\"><a href=\"https:\/\/www.empuron.com\/wp-content\/uploads\/2016\/05\/4_empuron_visual_windfarm_DE.pdf\">EMPURON VISUAL Windkraft<\/a><\/p>\n<p style=\"text-align: left;\"><a href=\"https:\/\/www.empuron.com\/wp-content\/uploads\/2016\/05\/EMPURON-PA_DE.pdf\">EMPURON PREDICTIVE ANALYSIS<\/a><\/p>\n<p style=\"text-align: left;\"><a href=\"https:\/\/www.empuron.com\/wp-content\/uploads\/2016\/05\/7_empuron_SCADA_DE.pdf\">EMPURON Renewables SCADA<\/a><\/p>\n<\/div>\n<\/div><\/div><\/div><\/div><\/div>","protected":false},"excerpt":{"rendered":"<p>BROSCH\u00dcREN Hier finden Sie Brosch\u00fcren \u00fcber unsere Produkte und Dienstleistungen zum Download.<\/p>\n","protected":false},"author":2,"featured_media":0,"parent":0,"menu_order":0,"comment_status":"closed","ping_status":"closed","template":"","meta":{"om_disable_all_campaigns":false,"footnotes":""},"class_list":["post-41","page","type-page","status-publish","hentry"],"yoast_head":"<!-- This site is optimized with the Yoast SEO Premium plugin v18.5 (Yoast SEO v27.3) - https:\/\/yoast.com\/product\/yoast-seo-premium-wordpress\/ -->\n<title>Brosch\u00fcren der EMPURON Systeme zum Download<\/title>\n<meta name=\"description\" content=\"Brosch\u00fcren der EMPURON Systeme f\u00fcr EVE - EMPURON VISUAL EFFICIENCY, C@RTAN, 3E, APP und EDM - Systembeschreibungen zum Download.\" \/>\n<meta name=\"robots\" content=\"index, follow, max-snippet:-1, max-image-preview:large, max-video-preview:-1\" \/>\n<link rel=\"canonical\" href=\"https:\/\/www.empuron.com\/index.php\/de\/broschueren\/\" \/>\n<meta property=\"og:locale\" content=\"de_DE\" \/>\n<meta property=\"og:type\" content=\"article\" \/>\n<meta property=\"og:title\" content=\"BROSCH\u00dcREN\" \/>\n<meta property=\"og:description\" content=\"Brosch\u00fcren der EMPURON Systeme f\u00fcr EVE - EMPURON VISUAL EFFICIENCY, C@RTAN, 3E, APP und EDM - Systembeschreibungen zum Download.\" \/>\n<meta property=\"og:url\" content=\"https:\/\/www.empuron.com\/index.php\/de\/broschueren\/\" \/>\n<meta property=\"og:site_name\" content=\"EMPURON\" \/>\n<meta property=\"article:modified_time\" content=\"2024-08-15T08:39:04+00:00\" \/>\n<meta property=\"og:image\" content=\"https:\/\/www.empuron.com\/wp-content\/uploads\/2016\/04\/Produkt_Header.jpg\" \/>\n<meta name=\"twitter:card\" content=\"summary_large_image\" \/>\n<meta name=\"twitter:label1\" content=\"Gesch\u00e4tzte Lesezeit\" \/>\n\t<meta name=\"twitter:data1\" content=\"2\u00a0Minuten\" \/>\n<script type=\"application\/ld+json\" class=\"yoast-schema-graph\">{\"@context\":\"https:\\\/\\\/schema.org\",\"@graph\":[{\"@type\":\"WebPage\",\"@id\":\"https:\\\/\\\/www.empuron.com\\\/index.php\\\/de\\\/broschueren\\\/\",\"url\":\"https:\\\/\\\/www.empuron.com\\\/index.php\\\/de\\\/broschueren\\\/\",\"name\":\"Brosch\u00fcren der EMPURON Systeme zum Download\",\"isPartOf\":{\"@id\":\"https:\\\/\\\/www.empuron.com\\\/#website\"},\"primaryImageOfPage\":{\"@id\":\"https:\\\/\\\/www.empuron.com\\\/index.php\\\/de\\\/broschueren\\\/#primaryimage\"},\"image\":{\"@id\":\"https:\\\/\\\/www.empuron.com\\\/index.php\\\/de\\\/broschueren\\\/#primaryimage\"},\"thumbnailUrl\":\"https:\\\/\\\/www.empuron.com\\\/wp-content\\\/uploads\\\/2016\\\/04\\\/Produkt_Header.jpg\",\"datePublished\":\"2016-04-20T18:31:24+00:00\",\"dateModified\":\"2024-08-15T08:39:04+00:00\",\"description\":\"Brosch\u00fcren der EMPURON Systeme f\u00fcr EVE - EMPURON VISUAL EFFICIENCY, C@RTAN, 3E, APP und EDM - Systembeschreibungen zum Download.\",\"breadcrumb\":{\"@id\":\"https:\\\/\\\/www.empuron.com\\\/index.php\\\/de\\\/broschueren\\\/#breadcrumb\"},\"inLanguage\":\"de\",\"potentialAction\":[{\"@type\":\"ReadAction\",\"target\":[\"https:\\\/\\\/www.empuron.com\\\/index.php\\\/de\\\/broschueren\\\/\"]}]},{\"@type\":\"ImageObject\",\"inLanguage\":\"de\",\"@id\":\"https:\\\/\\\/www.empuron.com\\\/index.php\\\/de\\\/broschueren\\\/#primaryimage\",\"url\":\"https:\\\/\\\/www.empuron.com\\\/wp-content\\\/uploads\\\/2016\\\/04\\\/Produkt_Header.jpg\",\"contentUrl\":\"https:\\\/\\\/www.empuron.com\\\/wp-content\\\/uploads\\\/2016\\\/04\\\/Produkt_Header.jpg\",\"width\":1600,\"height\":600,\"caption\":\"Conceptual background image made of images of server room leds blended together.\"},{\"@type\":\"BreadcrumbList\",\"@id\":\"https:\\\/\\\/www.empuron.com\\\/index.php\\\/de\\\/broschueren\\\/#breadcrumb\",\"itemListElement\":[{\"@type\":\"ListItem\",\"position\":1,\"name\":\"Startseite\",\"item\":\"https:\\\/\\\/www.empuron.com\\\/index.php\\\/de\\\/https-www-empuron-com-index-php-de-https-www-empuron-com-index-php-de-empuron-ueberlegenes-energiemanagement\\\/\"},{\"@type\":\"ListItem\",\"position\":2,\"name\":\"BROSCH\u00dcREN\"}]},{\"@type\":\"WebSite\",\"@id\":\"https:\\\/\\\/www.empuron.com\\\/#website\",\"url\":\"https:\\\/\\\/www.empuron.com\\\/\",\"name\":\"EMPURON\",\"description\":\"Specialised in Energy Intelligence Solutions\",\"publisher\":{\"@id\":\"https:\\\/\\\/www.empuron.com\\\/#organization\"},\"potentialAction\":[{\"@type\":\"SearchAction\",\"target\":{\"@type\":\"EntryPoint\",\"urlTemplate\":\"https:\\\/\\\/www.empuron.com\\\/?s={search_term_string}\"},\"query-input\":{\"@type\":\"PropertyValueSpecification\",\"valueRequired\":true,\"valueName\":\"search_term_string\"}}],\"inLanguage\":\"de\"},{\"@type\":\"Organization\",\"@id\":\"https:\\\/\\\/www.empuron.com\\\/#organization\",\"name\":\"EMPURON AG\",\"url\":\"https:\\\/\\\/www.empuron.com\\\/\",\"logo\":{\"@type\":\"ImageObject\",\"inLanguage\":\"de\",\"@id\":\"https:\\\/\\\/www.empuron.com\\\/#\\\/schema\\\/logo\\\/image\\\/\",\"url\":\"https:\\\/\\\/www.empuron.com\\\/wp-content\\\/uploads\\\/2017\\\/05\\\/Emp_Logo.png\",\"contentUrl\":\"https:\\\/\\\/www.empuron.com\\\/wp-content\\\/uploads\\\/2017\\\/05\\\/Emp_Logo.png\",\"width\":80,\"height\":80,\"caption\":\"EMPURON AG\"},\"image\":{\"@id\":\"https:\\\/\\\/www.empuron.com\\\/#\\\/schema\\\/logo\\\/image\\\/\"},\"sameAs\":[\"https:\\\/\\\/www.linkedin.com\\\/company\\\/2127395\\\/\"]}]}<\/script>\n<!-- \/ Yoast SEO Premium plugin. -->","yoast_head_json":{"title":"Brosch\u00fcren der EMPURON Systeme zum Download","description":"Brosch\u00fcren der EMPURON Systeme f\u00fcr EVE - EMPURON VISUAL EFFICIENCY, C@RTAN, 3E, APP und EDM - Systembeschreibungen zum Download.","robots":{"index":"index","follow":"follow","max-snippet":"max-snippet:-1","max-image-preview":"max-image-preview:large","max-video-preview":"max-video-preview:-1"},"canonical":"https:\/\/www.empuron.com\/index.php\/de\/broschueren\/","og_locale":"de_DE","og_type":"article","og_title":"BROSCH\u00dcREN","og_description":"Brosch\u00fcren der EMPURON Systeme f\u00fcr EVE - EMPURON VISUAL EFFICIENCY, C@RTAN, 3E, APP und EDM - Systembeschreibungen zum Download.","og_url":"https:\/\/www.empuron.com\/index.php\/de\/broschueren\/","og_site_name":"EMPURON","article_modified_time":"2024-08-15T08:39:04+00:00","og_image":[{"url":"https:\/\/www.empuron.com\/wp-content\/uploads\/2016\/04\/Produkt_Header.jpg","type":"","width":"","height":""}],"twitter_card":"summary_large_image","twitter_misc":{"Gesch\u00e4tzte Lesezeit":"2\u00a0Minuten"},"schema":{"@context":"https:\/\/schema.org","@graph":[{"@type":"WebPage","@id":"https:\/\/www.empuron.com\/index.php\/de\/broschueren\/","url":"https:\/\/www.empuron.com\/index.php\/de\/broschueren\/","name":"Brosch\u00fcren der EMPURON Systeme zum Download","isPartOf":{"@id":"https:\/\/www.empuron.com\/#website"},"primaryImageOfPage":{"@id":"https:\/\/www.empuron.com\/index.php\/de\/broschueren\/#primaryimage"},"image":{"@id":"https:\/\/www.empuron.com\/index.php\/de\/broschueren\/#primaryimage"},"thumbnailUrl":"https:\/\/www.empuron.com\/wp-content\/uploads\/2016\/04\/Produkt_Header.jpg","datePublished":"2016-04-20T18:31:24+00:00","dateModified":"2024-08-15T08:39:04+00:00","description":"Brosch\u00fcren der EMPURON Systeme f\u00fcr EVE - EMPURON VISUAL EFFICIENCY, C@RTAN, 3E, APP und EDM - Systembeschreibungen zum Download.","breadcrumb":{"@id":"https:\/\/www.empuron.com\/index.php\/de\/broschueren\/#breadcrumb"},"inLanguage":"de","potentialAction":[{"@type":"ReadAction","target":["https:\/\/www.empuron.com\/index.php\/de\/broschueren\/"]}]},{"@type":"ImageObject","inLanguage":"de","@id":"https:\/\/www.empuron.com\/index.php\/de\/broschueren\/#primaryimage","url":"https:\/\/www.empuron.com\/wp-content\/uploads\/2016\/04\/Produkt_Header.jpg","contentUrl":"https:\/\/www.empuron.com\/wp-content\/uploads\/2016\/04\/Produkt_Header.jpg","width":1600,"height":600,"caption":"Conceptual background image made of images of server room leds blended together."},{"@type":"BreadcrumbList","@id":"https:\/\/www.empuron.com\/index.php\/de\/broschueren\/#breadcrumb","itemListElement":[{"@type":"ListItem","position":1,"name":"Startseite","item":"https:\/\/www.empuron.com\/index.php\/de\/https-www-empuron-com-index-php-de-https-www-empuron-com-index-php-de-empuron-ueberlegenes-energiemanagement\/"},{"@type":"ListItem","position":2,"name":"BROSCH\u00dcREN"}]},{"@type":"WebSite","@id":"https:\/\/www.empuron.com\/#website","url":"https:\/\/www.empuron.com\/","name":"EMPURON","description":"Specialised in Energy Intelligence Solutions","publisher":{"@id":"https:\/\/www.empuron.com\/#organization"},"potentialAction":[{"@type":"SearchAction","target":{"@type":"EntryPoint","urlTemplate":"https:\/\/www.empuron.com\/?s={search_term_string}"},"query-input":{"@type":"PropertyValueSpecification","valueRequired":true,"valueName":"search_term_string"}}],"inLanguage":"de"},{"@type":"Organization","@id":"https:\/\/www.empuron.com\/#organization","name":"EMPURON AG","url":"https:\/\/www.empuron.com\/","logo":{"@type":"ImageObject","inLanguage":"de","@id":"https:\/\/www.empuron.com\/#\/schema\/logo\/image\/","url":"https:\/\/www.empuron.com\/wp-content\/uploads\/2017\/05\/Emp_Logo.png","contentUrl":"https:\/\/www.empuron.com\/wp-content\/uploads\/2017\/05\/Emp_Logo.png","width":80,"height":80,"caption":"EMPURON AG"},"image":{"@id":"https:\/\/www.empuron.com\/#\/schema\/logo\/image\/"},"sameAs":["https:\/\/www.linkedin.com\/company\/2127395\/"]}]}},"_links":{"self":[{"href":"https:\/\/www.empuron.com\/index.php\/wp-json\/wp\/v2\/pages\/41","targetHints":{"allow":["GET"]}}],"collection":[{"href":"https:\/\/www.empuron.com\/index.php\/wp-json\/wp\/v2\/pages"}],"about":[{"href":"https:\/\/www.empuron.com\/index.php\/wp-json\/wp\/v2\/types\/page"}],"author":[{"embeddable":true,"href":"https:\/\/www.empuron.com\/index.php\/wp-json\/wp\/v2\/users\/2"}],"replies":[{"embeddable":true,"href":"https:\/\/www.empuron.com\/index.php\/wp-json\/wp\/v2\/comments?post=41"}],"version-history":[{"count":64,"href":"https:\/\/www.empuron.com\/index.php\/wp-json\/wp\/v2\/pages\/41\/revisions"}],"predecessor-version":[{"id":2143,"href":"https:\/\/www.empuron.com\/index.php\/wp-json\/wp\/v2\/pages\/41\/revisions\/2143"}],"wp:attachment":[{"href":"https:\/\/www.empuron.com\/index.php\/wp-json\/wp\/v2\/media?parent=41"}],"curies":[{"name":"wp","href":"https:\/\/api.w.org\/{rel}","templated":true}]}}