{"id":5950,"date":"2020-07-29T11:03:25","date_gmt":"2020-07-29T09:03:25","guid":{"rendered":"https:\/\/www.empuron.com\/?page_id=5950"},"modified":"2024-08-15T10:41:18","modified_gmt":"2024-08-15T08:41:18","slug":"download-crtan-fuer-phoenixcontact-30-tage-demo","status":"publish","type":"page","link":"https:\/\/www.empuron.com\/index.php\/de\/download-crtan-fuer-phoenixcontact-30-tage-demo\/","title":{"rendered":"Download C@RTAN f\u00fcr PhoenixContact &#8211; 30 Tage Demo"},"content":{"rendered":"<div id=\"pl-5950\"  class=\"panel-layout\" ><div id=\"pg-5950-0\"  class=\"panel-grid panel-has-style\" ><div class=\"so-parallax siteorigin-panels-stretch panel-row-style panel-row-style-for-5950-0\" data-stretch-type=\"full\" ><img fetchpriority=\"high\" decoding=\"async\" width=\"1600\" height=\"600\" src=\"https:\/\/www.empuron.com\/wp-content\/uploads\/2016\/04\/Empuron_Shop.jpg\" class=\"attachment-full size-full\" alt=\"\" data-siteorigin-parallax=\"true\" loading=\"eager\" srcset=\"https:\/\/www.empuron.com\/wp-content\/uploads\/2016\/04\/Empuron_Shop.jpg 1600w, https:\/\/www.empuron.com\/wp-content\/uploads\/2016\/04\/Empuron_Shop-300x113.jpg 300w, https:\/\/www.empuron.com\/wp-content\/uploads\/2016\/04\/Empuron_Shop-1024x384.jpg 1024w\" sizes=\"(max-width: 1600px) 100vw, 1600px\" \/><div id=\"pgc-5950-0-0\"  class=\"panel-grid-cell\" ><div id=\"panel-5950-0-0-0\" class=\"so-panel widget_sow-editor panel-first-child panel-last-child\" data-index=\"0\" ><div\n\t\t\t\n\t\t\tclass=\"so-widget-sow-editor so-widget-sow-editor-base\"\n\t\t\t\n\t\t>\n<div class=\"siteorigin-widget-tinymce textwidget\">\n\t<h1 style=\"text-align: center;\"><img loading=\"lazy\" decoding=\"async\" class=\"aligncenter wp-image-1297 size-full\" src=\"https:\/\/www.empuron.com\/wp-content\/uploads\/2016\/06\/Download.png\" alt=\"\" width=\"80\" height=\"80\" \/><span style=\"color: #ffffff;\"><strong>Download C@RTAN<\/strong><\/span><\/h1>\n<\/div>\n<\/div><\/div><\/div><\/div><\/div><div id=\"pg-5950-1\"  class=\"panel-grid panel-has-style\" ><div class=\"siteorigin-panels-stretch panel-row-style panel-row-style-for-5950-1\" data-stretch-type=\"full\" ><div id=\"pgc-5950-1-0\"  class=\"panel-grid-cell\" ><div id=\"panel-5950-1-0-0\" class=\"so-panel widget_sow-image panel-first-child\" data-index=\"1\" ><div\n\t\t\t\n\t\t\tclass=\"so-widget-sow-image so-widget-sow-image-default-8b5b6f678277-5950\"\n\t\t\t data-overlay-enabled=\"1\" data-overlay-settings=\"{&quot;enabled_for_widgets&quot;:[&quot;sow-image&quot;,&quot;sow-image-grid&quot;,&quot;sow-simple-masonry&quot;],&quot;theme&quot;:&quot;&quot;,&quot;show_delay&quot;:300,&quot;overlay_color&quot;:&quot;#000000&quot;,&quot;overlay_opacity&quot;:0.8,&quot;overlay_position&quot;:&quot;bottom&quot;,&quot;overlay_size&quot;:0.3,&quot;desktop_show_trigger&quot;:&quot;hover&quot;,&quot;touch_show_trigger&quot;:&quot;touch&quot;,&quot;responsive_breakpoint&quot;:&quot;1024px&quot;,&quot;responsive_breakpoint_unit&quot;:&quot;px&quot;,&quot;overlay_animation&quot;:&quot;fade&quot;,&quot;overlay_animation_onscreen&quot;:false,&quot;font_family&quot;:&quot;&quot;,&quot;text_size&quot;:&quot;15px&quot;,&quot;text_size_unit&quot;:&quot;px&quot;,&quot;text_color&quot;:&quot;#fff&quot;,&quot;text_padding&quot;:&quot;22px 22px 22px 22px&quot;,&quot;text_position&quot;:&quot;middle&quot;,&quot;text_align&quot;:&quot;left&quot;,&quot;text_animation&quot;:&quot;&quot;}\"\n\t\t>\n<div class=\"sow-image-container\">\n\t\t<img \n\tsrc=\"https:\/\/www.empuron.com\/wp-content\/uploads\/2020\/01\/Phoenix_Contact_Logo-e1580313863828.jpg\" width=\"280\" height=\"69\" sizes=\"(max-width: 280px) 100vw, 280px\" title=\"Phoenix_Contac_Logo\" alt=\"PhoenixContact\" \t\tclass=\"so-widget-image\"\/>\n\t<\/div>\n\n<\/div><\/div><div id=\"panel-5950-1-0-1\" class=\"so-panel widget_sow-editor panel-last-child\" data-index=\"2\" ><div class=\"panel-widget-style panel-widget-style-for-5950-1-0-1\" ><div\n\t\t\t\n\t\t\tclass=\"so-widget-sow-editor so-widget-sow-editor-base\"\n\t\t\t\n\t\t>\n<div class=\"siteorigin-widget-tinymce textwidget\">\n\t<h2 style=\"text-align: left;\">F\u00fcr EMpro und EMlog von PhoenixContact<\/h2>\n<\/div>\n<\/div><\/div><\/div><\/div><div id=\"pgc-5950-1-1\"  class=\"panel-grid-cell\" ><div id=\"panel-5950-1-1-0\" class=\"so-panel widget_sow-editor panel-first-child panel-last-child\" data-index=\"3\" ><div class=\"panel-widget-style panel-widget-style-for-5950-1-1-0\" ><div\n\t\t\t\n\t\t\tclass=\"so-widget-sow-editor so-widget-sow-editor-base\"\n\t\t\t\n\t\t>\n<div class=\"siteorigin-widget-tinymce textwidget\">\n\t<h2 style=\"text-align: left;\">C@RTAN - Counter Realtime Analysis<\/h2>\n<ul>\n<li>einfach zu installieren, intuitiv zu bedienen<\/li>\n<li>Z\u00e4hler im Netzwerk automatisch finden<\/li>\n<li>kann von der EMPURON-Webpage geladen werden und eigenst\u00e4ndig installiert werden<\/li>\n<li>lightweight Programmsystem<\/li>\n<li>kann mit anderen Komponenten verbunden werden, bspw. mit der Cloudl\u00f6sung von EMPURON<\/li>\n<li>hat eine eigene Datenbank<\/li>\n<li>kann zuk\u00fcnftig zum Vergleich der Energiewerte vom Energieversorger verwendet werden.<\/li>\n<\/ul>\n<p>&nbsp;<\/p>\n<\/div>\n<\/div><\/div><\/div><\/div><\/div><\/div><div id=\"pg-5950-2\"  class=\"panel-grid panel-has-style\" ><div class=\"so-parallax siteorigin-panels-stretch panel-row-style panel-row-style-for-5950-2\" data-stretch-type=\"full\" ><img decoding=\"async\" width=\"1600\" height=\"1067\" src=\"https:\/\/www.empuron.com\/wp-content\/uploads\/2016\/04\/Empuron_Paper.jpg\" class=\"attachment-full size-full\" alt=\"\" data-siteorigin-parallax=\"true\" loading=\"eager\" srcset=\"https:\/\/www.empuron.com\/wp-content\/uploads\/2016\/04\/Empuron_Paper.jpg 1600w, https:\/\/www.empuron.com\/wp-content\/uploads\/2016\/04\/Empuron_Paper-300x200.jpg 300w, https:\/\/www.empuron.com\/wp-content\/uploads\/2016\/04\/Empuron_Paper-1024x683.jpg 1024w, https:\/\/www.empuron.com\/wp-content\/uploads\/2016\/04\/Empuron_Paper-600x400.jpg 600w, https:\/\/www.empuron.com\/wp-content\/uploads\/2016\/04\/Empuron_Paper-272x182.jpg 272w\" sizes=\"(max-width: 1600px) 100vw, 1600px\" \/><div id=\"pgc-5950-2-0\"  class=\"panel-grid-cell\" ><div id=\"panel-5950-2-0-0\" class=\"so-panel widget_sow-image panel-first-child panel-last-child\" data-index=\"4\" ><div class=\"panel-widget-style panel-widget-style-for-5950-2-0-0\" ><div\n\t\t\t\n\t\t\tclass=\"so-widget-sow-image so-widget-sow-image-default-3a2476c0e107-5950\"\n\t\t\t data-overlay-enabled=\"1\" data-overlay-settings=\"{&quot;enabled_for_widgets&quot;:[&quot;sow-image&quot;,&quot;sow-image-grid&quot;,&quot;sow-simple-masonry&quot;],&quot;theme&quot;:&quot;&quot;,&quot;show_delay&quot;:300,&quot;overlay_color&quot;:&quot;#000000&quot;,&quot;overlay_opacity&quot;:0.8,&quot;overlay_position&quot;:&quot;bottom&quot;,&quot;overlay_size&quot;:0.3,&quot;desktop_show_trigger&quot;:&quot;hover&quot;,&quot;touch_show_trigger&quot;:&quot;touch&quot;,&quot;responsive_breakpoint&quot;:&quot;1024px&quot;,&quot;responsive_breakpoint_unit&quot;:&quot;px&quot;,&quot;overlay_animation&quot;:&quot;fade&quot;,&quot;overlay_animation_onscreen&quot;:false,&quot;font_family&quot;:&quot;&quot;,&quot;text_size&quot;:&quot;15px&quot;,&quot;text_size_unit&quot;:&quot;px&quot;,&quot;text_color&quot;:&quot;#fff&quot;,&quot;text_padding&quot;:&quot;22px 22px 22px 22px&quot;,&quot;text_position&quot;:&quot;middle&quot;,&quot;text_align&quot;:&quot;left&quot;,&quot;text_animation&quot;:&quot;&quot;}\"\n\t\t>\n<div class=\"sow-image-container\">\n\t\t<img \n\tsrc=\"https:\/\/www.empuron.com\/wp-content\/uploads\/2020\/07\/Cartan_Logo_220-150x150.png\" width=\"150\" height=\"150\" srcset=\"https:\/\/www.empuron.com\/wp-content\/uploads\/2020\/07\/Cartan_Logo_220-150x150.png 150w, https:\/\/www.empuron.com\/wp-content\/uploads\/2020\/07\/Cartan_Logo_220.png 220w\" sizes=\"(max-width: 150px) 100vw, 150px\" alt=\"EMPURON C@RTAN\" \t\tclass=\"so-widget-image\"\/>\n\t<\/div>\n\n<\/div><\/div><\/div><\/div><div id=\"pgc-5950-2-1\"  class=\"panel-grid-cell\" ><div id=\"panel-5950-2-1-0\" class=\"so-panel widget_sow-editor panel-first-child panel-last-child\" data-index=\"5\" ><div class=\"panel-widget-style panel-widget-style-for-5950-2-1-0\" ><div\n\t\t\t\n\t\t\tclass=\"so-widget-sow-editor so-widget-sow-editor-base\"\n\t\t\t\n\t\t>\n<div class=\"siteorigin-widget-tinymce textwidget\">\n\t<h3 style=\"text-align: left;\">Senden Sie uns bitte Ihre Kontaktdaten f\u00fcr die Bereitstellung des Download-Links und der Installationsanweisungen:<\/h3>\n<div class=\"wpforms-container wpforms-container-full\" id=\"wpforms-6548\"><form id=\"wpforms-form-6548\" class=\"wpforms-validate wpforms-form\" data-formid=\"6548\" method=\"post\" enctype=\"multipart\/form-data\" action=\"\/index.php\/wp-json\/wp\/v2\/pages\/5950\" data-token=\"b78d666a9cfd8ac13094b2a4dbfbfffb\" data-token-time=\"1775913511\"><noscript class=\"wpforms-error-noscript\">Bitte aktiviere JavaScript in deinem Browser, um dieses Formular fertigzustellen.<\/noscript><div class=\"wpforms-field-container\"><div id=\"wpforms-6548-field_0-container\" class=\"wpforms-field wpforms-field-name\" data-field-id=\"0\"><label class=\"wpforms-field-label\" for=\"wpforms-6548-field_0\">Name <span class=\"wpforms-required-label\">*<\/span><\/label><input type=\"text\" id=\"wpforms-6548-field_0\" class=\"wpforms-field-medium wpforms-field-required\" name=\"wpforms[fields][0]\" required><\/div><div id=\"wpforms-6548-field_1-container\" class=\"wpforms-field wpforms-field-email\" data-field-id=\"1\"><label class=\"wpforms-field-label\" for=\"wpforms-6548-field_1\">E-Mail <span class=\"wpforms-required-label\">*<\/span><\/label><input type=\"email\" id=\"wpforms-6548-field_1\" class=\"wpforms-field-medium wpforms-field-required\" name=\"wpforms[fields][1]\" spellcheck=\"false\" required><\/div><div id=\"wpforms-6548-field_4-container\" class=\"wpforms-field wpforms-field-text\" data-field-id=\"4\"><label class=\"wpforms-field-label\" for=\"wpforms-6548-field_4\">Firma<\/label><input type=\"text\" id=\"wpforms-6548-field_4\" class=\"wpforms-field-medium\" name=\"wpforms[fields][4]\" ><\/div><div id=\"wpforms-6548-field_9-container\" class=\"wpforms-field wpforms-field-gdpr-checkbox\" data-field-id=\"9\"><label class=\"wpforms-field-label\">DSGVO-Einverst\u00e4ndnis <span class=\"wpforms-required-label\">*<\/span><\/label><ul id=\"wpforms-6548-field_9\" class=\"wpforms-field-required\"><li class=\"choice-1\"><input type=\"checkbox\" id=\"wpforms-6548-field_9_1\" name=\"wpforms[fields][9][]\" value=\"Ich willige ein, dass diese Website meine \u00fcbermittelten Informationen speichert, sodass meine Anfrage beantwortet werden kann.\" required ><label class=\"wpforms-field-label-inline\" for=\"wpforms-6548-field_9_1\">Ich willige ein, dass diese Website meine \u00fcbermittelten Informationen speichert, sodass meine Anfrage beantwortet werden kann.<\/label><\/li><\/ul><\/div><div id=\"wpforms-6548-field_13-container\" class=\"wpforms-field wpforms-field-checkbox\" data-field-id=\"13\"><label class=\"wpforms-field-label\">W\u00e4hlen Sie die Softwarekomponente <span class=\"wpforms-required-label\">*<\/span><\/label><ul id=\"wpforms-6548-field_13\" class=\"wpforms-field-required\"><li class=\"choice-1 depth-1\"><input type=\"checkbox\" id=\"wpforms-6548-field_13_1\" name=\"wpforms[fields][13][]\" value=\"C@RTAN\" required ><label class=\"wpforms-field-label-inline\" for=\"wpforms-6548-field_13_1\">C@RTAN<\/label><\/li><li class=\"choice-2 depth-1\"><input type=\"checkbox\" id=\"wpforms-6548-field_13_2\" name=\"wpforms[fields][13][]\" value=\"EMPURON EVE\" required ><label class=\"wpforms-field-label-inline\" for=\"wpforms-6548-field_13_2\">EMPURON EVE<\/label><\/li><\/ul><\/div><\/div><!-- .wpforms-field-container --><div class=\"wpforms-field wpforms-field-hp\"><label for=\"wpforms-6548-field-hp\" class=\"wpforms-field-label\">Email<\/label><input type=\"text\" name=\"wpforms[hp]\" id=\"wpforms-6548-field-hp\" class=\"wpforms-field-medium\"><\/div><div class=\"wpforms-submit-container\" ><input type=\"hidden\" name=\"wpforms[id]\" value=\"6548\"><input type=\"hidden\" name=\"page_title\" value=\"\"><input type=\"hidden\" name=\"page_url\" value=\"https:\/\/www.empuron.com\/index.php\/wp-json\/wp\/v2\/pages\/5950\"><input type=\"hidden\" name=\"url_referer\" value=\"\"><button type=\"submit\" name=\"wpforms[submit]\" id=\"wpforms-submit-6548\" class=\"wpforms-submit\" data-alt-text=\"Senden...\" data-submit-text=\"Absenden\" aria-live=\"assertive\" value=\"wpforms-submit\">Absenden<\/button><\/div><\/form><\/div>  <!-- .wpforms-container -->\n<\/div>\n<\/div><\/div><\/div><\/div><\/div><\/div><div id=\"pg-5950-3\"  class=\"panel-grid panel-no-style\" ><div id=\"pgc-5950-3-0\"  class=\"panel-grid-cell panel-grid-cell-empty\" ><\/div><\/div><div id=\"pg-5950-4\"  class=\"panel-grid panel-no-style\" ><div id=\"pgc-5950-4-0\"  class=\"panel-grid-cell\" ><div id=\"panel-5950-4-0-0\" class=\"so-panel widget_sow-editor panel-first-child panel-last-child\" data-index=\"6\" ><div\n\t\t\t\n\t\t\tclass=\"so-widget-sow-editor so-widget-sow-editor-base\"\n\t\t\t\n\t\t>\n<div class=\"siteorigin-widget-tinymce textwidget\">\n\t<p><!-- Global site tag (gtag.js) - Google Ads: 720993198 --><br \/>\n<script async src=\"https:\/\/www.googletagmanager.com\/gtag\/js?id=AW-720993198\"><\/script><br \/>\n<script>\n  window.dataLayer = window.dataLayer || [];\n  function gtag(){dataLayer.push(arguments);}\n  gtag('js', new Date());<\/p>\n<p>  gtag('config', 'AW-720993198');\n<\/script><\/p>\n<\/div>\n<\/div><\/div><\/div><\/div><\/div>","protected":false},"excerpt":{"rendered":"<p>Download C@RTAN F\u00fcr EMpro und EMlog von PhoenixContact C@RTAN &#8211; Counter Realtime Analysis einfach zu installieren, intuitiv zu bedienen Z\u00e4hler im Netzwerk automatisch finden kann von der EMPURON-Webpage geladen werden und eigenst\u00e4ndig installiert werden lightweight Programmsystem kann mit anderen Komponenten verbunden werden, bspw. mit der Cloudl\u00f6sung von EMPURON hat eine eigene Datenbank kann zuk\u00fcnftig zum [&hellip;]<\/p>\n","protected":false},"author":7,"featured_media":0,"parent":0,"menu_order":0,"comment_status":"closed","ping_status":"closed","template":"","meta":{"om_disable_all_campaigns":false,"footnotes":""},"class_list":["post-5950","page","type-page","status-publish","hentry"],"yoast_head":"<!-- This site is optimized with the Yoast SEO Premium plugin v18.5 (Yoast SEO v27.3) - https:\/\/yoast.com\/product\/yoast-seo-premium-wordpress\/ -->\n<title>Download C@RTAN f\u00fcr PhoenixContact - 30 Tage Demo &#8226; EMPURON<\/title>\n<meta name=\"description\" content=\"EMPURON\" \/>\n<meta name=\"robots\" content=\"index, follow, max-snippet:-1, max-image-preview:large, max-video-preview:-1\" \/>\n<link rel=\"canonical\" href=\"https:\/\/www.empuron.com\/index.php\/de\/download-crtan-fuer-phoenixcontact-30-tage-demo\/\" \/>\n<meta property=\"og:locale\" content=\"de_DE\" \/>\n<meta property=\"og:type\" content=\"article\" \/>\n<meta property=\"og:title\" content=\"Download C@RTAN f\u00fcr PhoenixContact - 30 Tage Demo\" \/>\n<meta property=\"og:description\" content=\"EMPURON\" \/>\n<meta property=\"og:url\" content=\"https:\/\/www.empuron.com\/index.php\/de\/download-crtan-fuer-phoenixcontact-30-tage-demo\/\" \/>\n<meta property=\"og:site_name\" content=\"EMPURON\" \/>\n<meta property=\"article:modified_time\" content=\"2024-08-15T08:41:18+00:00\" \/>\n<meta property=\"og:image\" content=\"https:\/\/www.empuron.com\/wp-content\/uploads\/2016\/04\/Empuron_Shop.jpg\" \/>\n<meta name=\"twitter:card\" content=\"summary_large_image\" \/>\n<meta name=\"twitter:label1\" content=\"Gesch\u00e4tzte Lesezeit\" \/>\n\t<meta name=\"twitter:data1\" content=\"2\u00a0Minuten\" \/>\n<script type=\"application\/ld+json\" class=\"yoast-schema-graph\">{\"@context\":\"https:\\\/\\\/schema.org\",\"@graph\":[{\"@type\":\"WebPage\",\"@id\":\"https:\\\/\\\/www.empuron.com\\\/index.php\\\/de\\\/download-crtan-fuer-phoenixcontact-30-tage-demo\\\/\",\"url\":\"https:\\\/\\\/www.empuron.com\\\/index.php\\\/de\\\/download-crtan-fuer-phoenixcontact-30-tage-demo\\\/\",\"name\":\"Download C@RTAN f\u00fcr PhoenixContact - 30 Tage Demo &#8226; EMPURON\",\"isPartOf\":{\"@id\":\"https:\\\/\\\/www.empuron.com\\\/#website\"},\"primaryImageOfPage\":{\"@id\":\"https:\\\/\\\/www.empuron.com\\\/index.php\\\/de\\\/download-crtan-fuer-phoenixcontact-30-tage-demo\\\/#primaryimage\"},\"image\":{\"@id\":\"https:\\\/\\\/www.empuron.com\\\/index.php\\\/de\\\/download-crtan-fuer-phoenixcontact-30-tage-demo\\\/#primaryimage\"},\"thumbnailUrl\":\"https:\\\/\\\/www.empuron.com\\\/wp-content\\\/uploads\\\/2016\\\/04\\\/Empuron_Shop.jpg\",\"datePublished\":\"2020-07-29T09:03:25+00:00\",\"dateModified\":\"2024-08-15T08:41:18+00:00\",\"description\":\"EMPURON\",\"breadcrumb\":{\"@id\":\"https:\\\/\\\/www.empuron.com\\\/index.php\\\/de\\\/download-crtan-fuer-phoenixcontact-30-tage-demo\\\/#breadcrumb\"},\"inLanguage\":\"de\",\"potentialAction\":[{\"@type\":\"ReadAction\",\"target\":[\"https:\\\/\\\/www.empuron.com\\\/index.php\\\/de\\\/download-crtan-fuer-phoenixcontact-30-tage-demo\\\/\"]}]},{\"@type\":\"ImageObject\",\"inLanguage\":\"de\",\"@id\":\"https:\\\/\\\/www.empuron.com\\\/index.php\\\/de\\\/download-crtan-fuer-phoenixcontact-30-tage-demo\\\/#primaryimage\",\"url\":\"https:\\\/\\\/www.empuron.com\\\/wp-content\\\/uploads\\\/2016\\\/04\\\/Empuron_Shop.jpg\",\"contentUrl\":\"https:\\\/\\\/www.empuron.com\\\/wp-content\\\/uploads\\\/2016\\\/04\\\/Empuron_Shop.jpg\",\"width\":1600,\"height\":600},{\"@type\":\"BreadcrumbList\",\"@id\":\"https:\\\/\\\/www.empuron.com\\\/index.php\\\/de\\\/download-crtan-fuer-phoenixcontact-30-tage-demo\\\/#breadcrumb\",\"itemListElement\":[{\"@type\":\"ListItem\",\"position\":1,\"name\":\"Startseite\",\"item\":\"https:\\\/\\\/www.empuron.com\\\/index.php\\\/de\\\/https-www-empuron-com-index-php-de-https-www-empuron-com-index-php-de-empuron-ueberlegenes-energiemanagement\\\/\"},{\"@type\":\"ListItem\",\"position\":2,\"name\":\"Download C@RTAN f\u00fcr PhoenixContact &#8211; 30 Tage Demo\"}]},{\"@type\":\"WebSite\",\"@id\":\"https:\\\/\\\/www.empuron.com\\\/#website\",\"url\":\"https:\\\/\\\/www.empuron.com\\\/\",\"name\":\"EMPURON\",\"description\":\"Specialised in Energy Intelligence Solutions\",\"publisher\":{\"@id\":\"https:\\\/\\\/www.empuron.com\\\/#organization\"},\"potentialAction\":[{\"@type\":\"SearchAction\",\"target\":{\"@type\":\"EntryPoint\",\"urlTemplate\":\"https:\\\/\\\/www.empuron.com\\\/?s={search_term_string}\"},\"query-input\":{\"@type\":\"PropertyValueSpecification\",\"valueRequired\":true,\"valueName\":\"search_term_string\"}}],\"inLanguage\":\"de\"},{\"@type\":\"Organization\",\"@id\":\"https:\\\/\\\/www.empuron.com\\\/#organization\",\"name\":\"EMPURON AG\",\"url\":\"https:\\\/\\\/www.empuron.com\\\/\",\"logo\":{\"@type\":\"ImageObject\",\"inLanguage\":\"de\",\"@id\":\"https:\\\/\\\/www.empuron.com\\\/#\\\/schema\\\/logo\\\/image\\\/\",\"url\":\"https:\\\/\\\/www.empuron.com\\\/wp-content\\\/uploads\\\/2017\\\/05\\\/Emp_Logo.png\",\"contentUrl\":\"https:\\\/\\\/www.empuron.com\\\/wp-content\\\/uploads\\\/2017\\\/05\\\/Emp_Logo.png\",\"width\":80,\"height\":80,\"caption\":\"EMPURON AG\"},\"image\":{\"@id\":\"https:\\\/\\\/www.empuron.com\\\/#\\\/schema\\\/logo\\\/image\\\/\"},\"sameAs\":[\"https:\\\/\\\/www.linkedin.com\\\/company\\\/2127395\\\/\"]}]}<\/script>\n<!-- \/ Yoast SEO Premium plugin. -->","yoast_head_json":{"title":"Download C@RTAN f\u00fcr PhoenixContact - 30 Tage Demo &#8226; EMPURON","description":"EMPURON","robots":{"index":"index","follow":"follow","max-snippet":"max-snippet:-1","max-image-preview":"max-image-preview:large","max-video-preview":"max-video-preview:-1"},"canonical":"https:\/\/www.empuron.com\/index.php\/de\/download-crtan-fuer-phoenixcontact-30-tage-demo\/","og_locale":"de_DE","og_type":"article","og_title":"Download C@RTAN f\u00fcr PhoenixContact - 30 Tage Demo","og_description":"EMPURON","og_url":"https:\/\/www.empuron.com\/index.php\/de\/download-crtan-fuer-phoenixcontact-30-tage-demo\/","og_site_name":"EMPURON","article_modified_time":"2024-08-15T08:41:18+00:00","og_image":[{"url":"https:\/\/www.empuron.com\/wp-content\/uploads\/2016\/04\/Empuron_Shop.jpg","type":"","width":"","height":""}],"twitter_card":"summary_large_image","twitter_misc":{"Gesch\u00e4tzte Lesezeit":"2\u00a0Minuten"},"schema":{"@context":"https:\/\/schema.org","@graph":[{"@type":"WebPage","@id":"https:\/\/www.empuron.com\/index.php\/de\/download-crtan-fuer-phoenixcontact-30-tage-demo\/","url":"https:\/\/www.empuron.com\/index.php\/de\/download-crtan-fuer-phoenixcontact-30-tage-demo\/","name":"Download C@RTAN f\u00fcr PhoenixContact - 30 Tage Demo &#8226; EMPURON","isPartOf":{"@id":"https:\/\/www.empuron.com\/#website"},"primaryImageOfPage":{"@id":"https:\/\/www.empuron.com\/index.php\/de\/download-crtan-fuer-phoenixcontact-30-tage-demo\/#primaryimage"},"image":{"@id":"https:\/\/www.empuron.com\/index.php\/de\/download-crtan-fuer-phoenixcontact-30-tage-demo\/#primaryimage"},"thumbnailUrl":"https:\/\/www.empuron.com\/wp-content\/uploads\/2016\/04\/Empuron_Shop.jpg","datePublished":"2020-07-29T09:03:25+00:00","dateModified":"2024-08-15T08:41:18+00:00","description":"EMPURON","breadcrumb":{"@id":"https:\/\/www.empuron.com\/index.php\/de\/download-crtan-fuer-phoenixcontact-30-tage-demo\/#breadcrumb"},"inLanguage":"de","potentialAction":[{"@type":"ReadAction","target":["https:\/\/www.empuron.com\/index.php\/de\/download-crtan-fuer-phoenixcontact-30-tage-demo\/"]}]},{"@type":"ImageObject","inLanguage":"de","@id":"https:\/\/www.empuron.com\/index.php\/de\/download-crtan-fuer-phoenixcontact-30-tage-demo\/#primaryimage","url":"https:\/\/www.empuron.com\/wp-content\/uploads\/2016\/04\/Empuron_Shop.jpg","contentUrl":"https:\/\/www.empuron.com\/wp-content\/uploads\/2016\/04\/Empuron_Shop.jpg","width":1600,"height":600},{"@type":"BreadcrumbList","@id":"https:\/\/www.empuron.com\/index.php\/de\/download-crtan-fuer-phoenixcontact-30-tage-demo\/#breadcrumb","itemListElement":[{"@type":"ListItem","position":1,"name":"Startseite","item":"https:\/\/www.empuron.com\/index.php\/de\/https-www-empuron-com-index-php-de-https-www-empuron-com-index-php-de-empuron-ueberlegenes-energiemanagement\/"},{"@type":"ListItem","position":2,"name":"Download C@RTAN f\u00fcr PhoenixContact &#8211; 30 Tage Demo"}]},{"@type":"WebSite","@id":"https:\/\/www.empuron.com\/#website","url":"https:\/\/www.empuron.com\/","name":"EMPURON","description":"Specialised in Energy Intelligence Solutions","publisher":{"@id":"https:\/\/www.empuron.com\/#organization"},"potentialAction":[{"@type":"SearchAction","target":{"@type":"EntryPoint","urlTemplate":"https:\/\/www.empuron.com\/?s={search_term_string}"},"query-input":{"@type":"PropertyValueSpecification","valueRequired":true,"valueName":"search_term_string"}}],"inLanguage":"de"},{"@type":"Organization","@id":"https:\/\/www.empuron.com\/#organization","name":"EMPURON AG","url":"https:\/\/www.empuron.com\/","logo":{"@type":"ImageObject","inLanguage":"de","@id":"https:\/\/www.empuron.com\/#\/schema\/logo\/image\/","url":"https:\/\/www.empuron.com\/wp-content\/uploads\/2017\/05\/Emp_Logo.png","contentUrl":"https:\/\/www.empuron.com\/wp-content\/uploads\/2017\/05\/Emp_Logo.png","width":80,"height":80,"caption":"EMPURON AG"},"image":{"@id":"https:\/\/www.empuron.com\/#\/schema\/logo\/image\/"},"sameAs":["https:\/\/www.linkedin.com\/company\/2127395\/"]}]}},"_links":{"self":[{"href":"https:\/\/www.empuron.com\/index.php\/wp-json\/wp\/v2\/pages\/5950","targetHints":{"allow":["GET"]}}],"collection":[{"href":"https:\/\/www.empuron.com\/index.php\/wp-json\/wp\/v2\/pages"}],"about":[{"href":"https:\/\/www.empuron.com\/index.php\/wp-json\/wp\/v2\/types\/page"}],"author":[{"embeddable":true,"href":"https:\/\/www.empuron.com\/index.php\/wp-json\/wp\/v2\/users\/7"}],"replies":[{"embeddable":true,"href":"https:\/\/www.empuron.com\/index.php\/wp-json\/wp\/v2\/comments?post=5950"}],"version-history":[{"count":33,"href":"https:\/\/www.empuron.com\/index.php\/wp-json\/wp\/v2\/pages\/5950\/revisions"}],"predecessor-version":[{"id":6583,"href":"https:\/\/www.empuron.com\/index.php\/wp-json\/wp\/v2\/pages\/5950\/revisions\/6583"}],"wp:attachment":[{"href":"https:\/\/www.empuron.com\/index.php\/wp-json\/wp\/v2\/media?parent=5950"}],"curies":[{"name":"wp","href":"https:\/\/api.w.org\/{rel}","templated":true}]}}