{"id":73,"date":"2016-04-22T07:00:28","date_gmt":"2016-04-22T07:00:28","guid":{"rendered":"https:\/\/www.ambpower.com\/?page_id=73"},"modified":"2020-02-05T14:28:59","modified_gmt":"2020-02-05T12:28:59","slug":"app-energiemanagement-mit-applikationen","status":"publish","type":"page","link":"https:\/\/www.empuron.com\/index.php\/de\/app-energiemanagement-mit-applikationen\/","title":{"rendered":"APP"},"content":{"rendered":"<div id=\"pl-73\"  class=\"panel-layout\" ><div id=\"pg-73-0\"  class=\"panel-grid panel-has-style\" ><div class=\"so-parallax siteorigin-panels-stretch panel-row-style panel-row-style-for-73-0\" data-stretch-type=\"full\" ><img fetchpriority=\"high\" decoding=\"async\" width=\"1600\" height=\"600\" src=\"https:\/\/www.empuron.com\/wp-content\/uploads\/2016\/04\/APP_Header-1.jpg\" class=\"attachment-full size-full\" alt=\"\" data-siteorigin-parallax=\"true\" loading=\"eager\" srcset=\"https:\/\/www.empuron.com\/wp-content\/uploads\/2016\/04\/APP_Header-1.jpg 1600w, https:\/\/www.empuron.com\/wp-content\/uploads\/2016\/04\/APP_Header-1-300x113.jpg 300w, https:\/\/www.empuron.com\/wp-content\/uploads\/2016\/04\/APP_Header-1-1024x384.jpg 1024w\" sizes=\"(max-width: 1600px) 100vw, 1600px\" \/><div id=\"pgc-73-0-0\"  class=\"panel-grid-cell\" ><div id=\"panel-73-0-0-0\" class=\"so-panel widget_sow-editor panel-first-child panel-last-child\" data-index=\"0\" ><div\n\t\t\t\n\t\t\tclass=\"so-widget-sow-editor so-widget-sow-editor-base\"\n\t\t\t\n\t\t>\n<div class=\"siteorigin-widget-tinymce textwidget\">\n\t<p><!-- Global site tag (gtag.js) - Google Ads: 720993198 --><br \/>\n<script async src=\"https:\/\/www.googletagmanager.com\/gtag\/js?id=AW-720993198\"><\/script><br \/>\n<script>\n  window.dataLayer = window.dataLayer || [];\n  function gtag(){dataLayer.push(arguments);}\n  gtag('js', new Date());<\/p>\n<p>  gtag('config', 'AW-720993198');\n<\/script><br \/>\n<script>\/\/ < ![CDATA[\n\/\/ < ![CDATA[\n\/\/ < ![CDATA[ (function(i,s,o,g,r,a,m){i['GoogleAnalyticsObject']=r;i[r]=i[r]||function(){ (i[r].q=i[r].q||[]).push(arguments)},i[r].l=1*new Date();a=s.createElement(o), m=s.getElementsByTagName(o)[0];a.async=1;a.src=g;m.parentNode.insertBefore(a,m) })(window,document,'script','https:\/\/www.google-analytics.com\/analytics.js','ga'); ga('create', 'UA-72778852-6', 'auto'); ga('send', 'pageview'); \/\/ ]]><\/script><\/p>\n<h2 class=\"aligncenter\" style=\"text-align: center;\"><span style=\"color: #ffffff;\"><img loading=\"lazy\" decoding=\"async\" class=\"aligncenter wp-image-1553 size-full\" src=\"https:\/\/www.empuron.com\/wp-content\/uploads\/2016\/04\/APP_Icon_mini.png\" alt=\"APP_Icon_mini\" width=\"130\" height=\"130\" \/><\/span><span style=\"color: #f9b000;\">APP \u2013 ENERGIEMANAGEMENT MIT APPLIKATIONEN<\/span><\/h2>\n<\/div>\n<\/div><\/div><\/div><\/div><\/div><div id=\"pg-73-1\"  class=\"panel-grid panel-no-style\" ><div id=\"pgc-73-1-0\"  class=\"panel-grid-cell\" ><div id=\"panel-73-1-0-0\" class=\"so-panel widget_sow-editor panel-first-child panel-last-child\" data-index=\"1\" ><div\n\t\t\t\n\t\t\tclass=\"so-widget-sow-editor so-widget-sow-editor-base\"\n\t\t\t\n\t\t>\n<div class=\"siteorigin-widget-tinymce textwidget\">\n\t<h2 style=\"text-align: left;\">Energiemanagement mit Applikationen erg\u00e4nzen und optimieren<\/h2>\n<\/div>\n<\/div><\/div><\/div><\/div><div id=\"pg-73-2\"  class=\"panel-grid panel-no-style\" ><div id=\"pgc-73-2-0\"  class=\"panel-grid-cell\" ><div id=\"panel-73-2-0-0\" class=\"so-panel widget_sow-editor panel-first-child panel-last-child\" data-index=\"2\" ><div\n\t\t\t\n\t\t\tclass=\"so-widget-sow-editor so-widget-sow-editor-base\"\n\t\t\t\n\t\t>\n<div class=\"siteorigin-widget-tinymce textwidget\">\n\t<p style=\"text-align: left;\">EMPURON bietet mit seinen L\u00f6sungen innovative Technologien, um Energiemanagementsysteme durch App-Erweiterungen langfristig gestaltbar zu halten, wie dies vom Handy-Markt bekannt ist. Einzelne Module lassen sich nach Bedarf nachr\u00fcsten oder aktualisieren. Dies wird selbstverst\u00e4ndlich unter Einhaltung von strengen Sicherheitsrichtlinien vollzogen.<\/p>\n<p style=\"text-align: left;\">Im Metering stellt EMPURON Hardware und <a href=\"https:\/\/www.empuron.com\/index.php\/de\/eve-empuron-visual-efficiency\/\">Software<\/a> f\u00fcr die Erfassung von Z\u00e4hlern unterschiedlicher Hersteller bereit. Beispielsweise erm\u00f6glicht Meter2SCADA die hochzyklische Auslesung von Z\u00e4hlern unter Verwendung der Protokolle IEC 1107, DLMS oder Modbus.<\/p>\n<p style=\"text-align: left;\">Durch das umfassende Integrationssystem schafft es EMPURON, ann\u00e4hernd alle am Markt befindlichen Protokolle und Formate auf eine Plattform zu bringen und einheitlich zu verarbeiten. Gleichzeitig kann ein EMPURON-System vor Ort oder zentral als Datengateway f\u00fcr die integrierten Formate dienen.<\/p>\n<\/div>\n<\/div><\/div><\/div><div id=\"pgc-73-2-1\"  class=\"panel-grid-cell\" ><div id=\"panel-73-2-1-0\" class=\"so-panel widget_sow-image panel-first-child panel-last-child\" data-index=\"3\" ><div\n\t\t\t\n\t\t\tclass=\"so-widget-sow-image so-widget-sow-image-default-8b5b6f678277-73\"\n\t\t\t data-overlay-enabled=\"1\" data-overlay-settings=\"{&quot;enabled_for_widgets&quot;:[&quot;sow-image&quot;,&quot;sow-image-grid&quot;,&quot;sow-simple-masonry&quot;],&quot;theme&quot;:&quot;&quot;,&quot;show_delay&quot;:300,&quot;overlay_color&quot;:&quot;#000000&quot;,&quot;overlay_opacity&quot;:0.8,&quot;overlay_position&quot;:&quot;bottom&quot;,&quot;overlay_size&quot;:0.3,&quot;desktop_show_trigger&quot;:&quot;hover&quot;,&quot;touch_show_trigger&quot;:&quot;touch&quot;,&quot;responsive_breakpoint&quot;:&quot;1024px&quot;,&quot;responsive_breakpoint_unit&quot;:&quot;px&quot;,&quot;overlay_animation&quot;:&quot;fade&quot;,&quot;overlay_animation_onscreen&quot;:false,&quot;font_family&quot;:&quot;&quot;,&quot;text_size&quot;:&quot;15px&quot;,&quot;text_size_unit&quot;:&quot;px&quot;,&quot;text_color&quot;:&quot;#fff&quot;,&quot;text_padding&quot;:&quot;22px 22px 22px 22px&quot;,&quot;text_position&quot;:&quot;middle&quot;,&quot;text_align&quot;:&quot;left&quot;,&quot;text_animation&quot;:&quot;&quot;}\"\n\t\t>\n<div class=\"sow-image-container\">\n\t\t<img \n\tsrc=\"https:\/\/www.empuron.com\/wp-content\/uploads\/2016\/04\/APP_Energiemanagement.jpg\" width=\"640\" height=\"480\" srcset=\"https:\/\/www.empuron.com\/wp-content\/uploads\/2016\/04\/APP_Energiemanagement.jpg 640w, https:\/\/www.empuron.com\/wp-content\/uploads\/2016\/04\/APP_Energiemanagement-300x225.jpg 300w\" sizes=\"(max-width: 640px) 100vw, 640px\" alt=\"APP \u2013 ENERGIEMANAGEMENT MIT APPLIKATIONEN\" \t\tclass=\"so-widget-image\"\/>\n\t<\/div>\n\n<\/div><\/div><\/div><\/div><div id=\"pg-73-3\"  class=\"panel-grid panel-no-style\" ><div id=\"pgc-73-3-0\"  class=\"panel-grid-cell\" ><div id=\"panel-73-3-0-0\" class=\"so-panel widget_ink-accordion panel-first-child\" data-index=\"4\" ><div\n\t\t\t\n\t\t\tclass=\"so-widget-ink-accordion so-widget-ink-accordion-accordion-9dd3e2248d1e-73\"\n\t\t\t\n\t\t>\n<div class=\"iw-so-accordion-plain iw-so-accordion\">\n\n\t\n\t\t<div class=\"iw-so-acc-item\"  id=\"toggle-1-1\">\n\n\t\t\t<a href=\"#\" class=\"iw-so-acc-title iw-text-left\">\n\t\t\t\tAPP-BASIERTE GATEWAYS\t\t\t\t<span class=\"iw-so-tgl-open\"><span class=\"sow-icon-genericons\" data-sow-icon=\"&#xf431;\"\n\t\tstyle=\"font-size: 2em; color: right\" \n\t\taria-hidden=\"true\"><\/span><\/span>\n\t\t\t\t<span class=\"iw-so-tgl-close\"><span class=\"sow-icon-genericons\" data-sow-icon=\"&#xf405;\"\n\t\tstyle=\"font-size: 2em; color: right\" \n\t\taria-hidden=\"true\"><\/span><\/span>\n\t\t\t<\/a>\n\n\t\t\t<div class=\"iw-so-acc-content\">\n\t\t\t\t<p style=\"text-align: left;\">Auf Basis der EMPURON Gateway-Plattformen k\u00f6nnen einzelne Energiemanagement-Funktionen und Interfaces bei Bedarf erg\u00e4nzt oder erweitert werden - vergleichbar mit der Technologie, wie sie bei Mobiltelefonen vorzufinden ist. Zusammen mit den Data-Warehouse und Algorithmen der k\u00fcnstlichen Intelligenz bei EMPURON-Systemen ergeben sich mit der APP-Technologie variable und modellierbare L\u00f6sungen.<\/p>\n\t\t\t<\/div>\n\n\t\t<\/div>\n\n\t\t\n\t\n\t\t<div class=\"iw-so-acc-item\"  id=\"toggle-1-2\">\n\n\t\t\t<a href=\"#\" class=\"iw-so-acc-title iw-text-left\">\n\t\t\t\tDISPLAY SOLUTIONS\t\t\t\t<span class=\"iw-so-tgl-open\"><span class=\"sow-icon-genericons\" data-sow-icon=\"&#xf431;\"\n\t\tstyle=\"font-size: 2em; color: right\" \n\t\taria-hidden=\"true\"><\/span><\/span>\n\t\t\t\t<span class=\"iw-so-tgl-close\"><span class=\"sow-icon-genericons\" data-sow-icon=\"&#xf405;\"\n\t\tstyle=\"font-size: 2em; color: right\" \n\t\taria-hidden=\"true\"><\/span><\/span>\n\t\t\t<\/a>\n\n\t\t\t<div class=\"iw-so-acc-content\">\n\t\t\t\t<p style=\"text-align: left;\">EMPURON Display Solutions erm\u00f6glichen eine animierte Darstellung von Informationen zu energetischen Prozessen. Der Aufbau der selbstlaufenden Pr\u00e4sentationsdisplays l\u00e4sst sich frei gestalten. Sind mehrere Anlagen oder Standorte \u00fcber eine Datenbasis erfasst, kann eine beliebige Zusammenstellung der Informationen zur Darstellung gebracht werden. Dazu lassen sich f\u00fcr unterschiedliche Display-Orte auch unterschiedliche Displays realisieren.<\/p>\n\t\t\t<\/div>\n\n\t\t<\/div>\n\n\t\t\n\t\n\t\t<div class=\"iw-so-acc-item\"  id=\"toggle-1-3\">\n\n\t\t\t<a href=\"#\" class=\"iw-so-acc-title iw-text-left\">\n\t\t\t\tMETERING ANWENDUNGEN\t\t\t\t<span class=\"iw-so-tgl-open\"><span class=\"sow-icon-genericons\" data-sow-icon=\"&#xf431;\"\n\t\tstyle=\"font-size: 2em; color: right\" \n\t\taria-hidden=\"true\"><\/span><\/span>\n\t\t\t\t<span class=\"iw-so-tgl-close\"><span class=\"sow-icon-genericons\" data-sow-icon=\"&#xf405;\"\n\t\tstyle=\"font-size: 2em; color: right\" \n\t\taria-hidden=\"true\"><\/span><\/span>\n\t\t\t<\/a>\n\n\t\t\t<div class=\"iw-so-acc-content\">\n\t\t\t\t<p style=\"text-align: left;\">EMPURON verf\u00fcgt \u00fcber eine Reihe von Komponenten f\u00fcr das Metering und die Metering-Datenpr\u00e4sentation:<\/p>\n<p style=\"text-align: left;\">\u2022 METER2SCADA: Hochzyklisch Z\u00e4hlerst\u00e4nde mit dem EMPURON Grid Gateway<br \/>\u00a0\u00a0 \u00fcber die Schnittstellen IEC 1107, Modbus und DLMS transferieren<br \/>\u2022 Z\u00e4hlwertportale: Erfassen von Z\u00e4hlwerten in EMPURON EVE, Reporting und Web-Interface (Portalplattform)<\/p>\n\t\t\t<\/div>\n\n\t\t<\/div>\n\n\t\t\n\t\n<\/div>\n<\/div><\/div><div id=\"panel-73-3-0-1\" class=\"so-panel widget_sow-editor\" data-index=\"5\" ><div\n\t\t\t\n\t\t\tclass=\"so-widget-sow-editor so-widget-sow-editor-base\"\n\t\t\t\n\t\t>\n<div class=\"siteorigin-widget-tinymce textwidget\">\n\t<h2 style=\"text-align: left;\">Umfassende Informationsbereitstellung<\/h2>\n<p style=\"text-align: left;\">Auf Basis unterschiedlicher Software- und Hardwarmodule erfolgt die Informationsbereitstellung bei EMPURON-Systemen:<\/p>\n<p style=\"text-align: left;\"><strong><span style=\"color: #808080;\">\u2022\u00a0<\/span>HTTPD f\u00fcr Siemens SINAUT Spectrum und Spectrum Power<\/strong><br \/><strong><span style=\"color: #808080;\">\u2022\u00a0<\/span>Grid Gateway<\/strong><br \/><strong><span style=\"color: #808080;\">\u2022\u00a0<\/span>Multi-Protokoll Interface Systeme<\/strong><br \/><strong><span style=\"color: #808080;\">\u2022\u00a0<\/span>PLC und RTU Subsysteme<\/strong><br \/><strong><span style=\"color: #808080;\">\u2022\u00a0<\/span>Extract Transfer und Load Subsysteme (ETL)<\/strong><\/p>\n<\/div>\n<\/div><\/div><div id=\"panel-73-3-0-2\" class=\"so-panel widget_sow-image panel-last-child\" data-index=\"6\" ><div\n\t\t\t\n\t\t\tclass=\"so-widget-sow-image so-widget-sow-image-default-c67d20f9f743-73\"\n\t\t\t data-overlay-enabled=\"1\" data-overlay-settings=\"{&quot;enabled_for_widgets&quot;:[&quot;sow-image&quot;,&quot;sow-image-grid&quot;,&quot;sow-simple-masonry&quot;],&quot;theme&quot;:&quot;&quot;,&quot;show_delay&quot;:300,&quot;overlay_color&quot;:&quot;#000000&quot;,&quot;overlay_opacity&quot;:0.8,&quot;overlay_position&quot;:&quot;bottom&quot;,&quot;overlay_size&quot;:0.3,&quot;desktop_show_trigger&quot;:&quot;hover&quot;,&quot;touch_show_trigger&quot;:&quot;touch&quot;,&quot;responsive_breakpoint&quot;:&quot;1024px&quot;,&quot;responsive_breakpoint_unit&quot;:&quot;px&quot;,&quot;overlay_animation&quot;:&quot;fade&quot;,&quot;overlay_animation_onscreen&quot;:false,&quot;font_family&quot;:&quot;&quot;,&quot;text_size&quot;:&quot;15px&quot;,&quot;text_size_unit&quot;:&quot;px&quot;,&quot;text_color&quot;:&quot;#fff&quot;,&quot;text_padding&quot;:&quot;22px 22px 22px 22px&quot;,&quot;text_position&quot;:&quot;middle&quot;,&quot;text_align&quot;:&quot;left&quot;,&quot;text_animation&quot;:&quot;&quot;}\"\n\t\t>\n<div class=\"sow-image-container\">\n\t\t<img \n\tsrc=\"https:\/\/www.empuron.com\/wp-content\/uploads\/2016\/04\/Empuron_Multiprotokoll_APP_ora.jpg\" width=\"1024\" height=\"768\" srcset=\"https:\/\/www.empuron.com\/wp-content\/uploads\/2016\/04\/Empuron_Multiprotokoll_APP_ora.jpg 1024w, https:\/\/www.empuron.com\/wp-content\/uploads\/2016\/04\/Empuron_Multiprotokoll_APP_ora-300x225.jpg 300w\" sizes=\"(max-width: 1024px) 100vw, 1024px\" alt=\"EMPURON Integration \" \t\tclass=\"so-widget-image\"\/>\n\t<\/div>\n\n<\/div><\/div><\/div><\/div><div id=\"pg-73-4\"  class=\"panel-grid panel-has-style\" ><div class=\"siteorigin-panels-stretch panel-row-style panel-row-style-for-73-4\" data-stretch-type=\"full\" ><div id=\"pgc-73-4-0\"  class=\"panel-grid-cell\" ><div id=\"panel-73-4-0-0\" class=\"so-panel widget_sow-editor panel-first-child panel-last-child\" data-index=\"7\" ><div\n\t\t\t\n\t\t\tclass=\"so-widget-sow-editor so-widget-sow-editor-base\"\n\t\t\t\n\t\t>\n<div class=\"siteorigin-widget-tinymce textwidget\">\n\t<h2 style=\"text-align: left;\"><span id=\"aui_3_4_0_1_1654\">EMPURON Grid Gateway &amp; <\/span> <span id=\"aui_3_4_0_1_1654\"> Meter2SCADA <\/span><\/h2>\n<p style=\"text-align: left;\">Multifunktions-Gateway mit den Funktionen eines Daten-Konzentrators und Protokoll-Konverters. Aufgabenstellungen: Isolierte Segmente von verteilten Leitsystemen miteinander zu verbinden, Datenverarbeitung in Echtzeit mit Hilfe von SPS-Algorithmen. Das EMPURON Grid Gateway hat die F\u00e4higkeit, Daten von verschiedenen Ger\u00e4ten auf verschiedenen \u00dcbertragungsleitungen und mit heterogenen Protokollen zu sammeln.<\/p>\n<p style=\"text-align: left;\">Alle gesammelten und verarbeiteten Daten k\u00f6nnen visuell in einer lokalen HMI (Touchscreen) zusammengestellt und gleichzeitig an ein \u00fcbergeordnetes Remote-SCADA-System \u00fcbertragen werden. Meter2SCADA ist eines der m\u00f6glichen Einsatzgebiete.<\/p>\n<\/div>\n<\/div><\/div><\/div><div id=\"pgc-73-4-1\"  class=\"panel-grid-cell\" ><div id=\"panel-73-4-1-0\" class=\"so-panel widget_sow-image panel-first-child panel-last-child\" data-index=\"8\" ><div\n\t\t\t\n\t\t\tclass=\"so-widget-sow-image so-widget-sow-image-default-c67d20f9f743-73\"\n\t\t\t data-overlay-enabled=\"1\" data-overlay-settings=\"{&quot;enabled_for_widgets&quot;:[&quot;sow-image&quot;,&quot;sow-image-grid&quot;,&quot;sow-simple-masonry&quot;],&quot;theme&quot;:&quot;&quot;,&quot;show_delay&quot;:300,&quot;overlay_color&quot;:&quot;#000000&quot;,&quot;overlay_opacity&quot;:0.8,&quot;overlay_position&quot;:&quot;bottom&quot;,&quot;overlay_size&quot;:0.3,&quot;desktop_show_trigger&quot;:&quot;hover&quot;,&quot;touch_show_trigger&quot;:&quot;touch&quot;,&quot;responsive_breakpoint&quot;:&quot;1024px&quot;,&quot;responsive_breakpoint_unit&quot;:&quot;px&quot;,&quot;overlay_animation&quot;:&quot;fade&quot;,&quot;overlay_animation_onscreen&quot;:false,&quot;font_family&quot;:&quot;&quot;,&quot;text_size&quot;:&quot;15px&quot;,&quot;text_size_unit&quot;:&quot;px&quot;,&quot;text_color&quot;:&quot;#fff&quot;,&quot;text_padding&quot;:&quot;22px 22px 22px 22px&quot;,&quot;text_position&quot;:&quot;middle&quot;,&quot;text_align&quot;:&quot;left&quot;,&quot;text_animation&quot;:&quot;&quot;}\"\n\t\t>\n<div class=\"sow-image-container\">\n\t\t<img \n\tsrc=\"https:\/\/www.empuron.com\/wp-content\/uploads\/2016\/05\/EMP_GG.png\" width=\"600\" height=\"300\" srcset=\"https:\/\/www.empuron.com\/wp-content\/uploads\/2016\/05\/EMP_GG.png 600w, https:\/\/www.empuron.com\/wp-content\/uploads\/2016\/05\/EMP_GG-300x150.png 300w\" sizes=\"(max-width: 600px) 100vw, 600px\" alt=\"EMPURON Grid Gateway &amp; Meter2SCADA\" \t\tclass=\"so-widget-image\"\/>\n\t<\/div>\n\n<\/div><\/div><\/div><\/div><\/div><\/div>","protected":false},"excerpt":{"rendered":"<p>APP \u2013 ENERGIEMANAGEMENT MIT APPLIKATIONEN Energiemanagement mit Applikationen erg\u00e4nzen und optimieren<\/p>\n","protected":false},"author":2,"featured_media":0,"parent":0,"menu_order":0,"comment_status":"closed","ping_status":"closed","template":"","meta":{"om_disable_all_campaigns":false,"footnotes":""},"class_list":["post-73","page","type-page","status-publish","hentry"],"yoast_head":"<!-- This site is optimized with the Yoast SEO Premium plugin v18.5 (Yoast SEO v27.3) - https:\/\/yoast.com\/product\/yoast-seo-premium-wordpress\/ -->\n<title>APPLIKATIONEN F\u00dcR ENERGIEMANAGEMENT - APP<\/title>\n<meta name=\"description\" content=\"APP \u2013 ENERGIEMANAGEMENT MIT APPLIKATIONEN erg\u00e4nzen und optimieren. EMPURON L\u00f6sungen - mit Apps gestaltbare Energiemanagementsysteme\" \/>\n<meta name=\"robots\" content=\"index, follow, max-snippet:-1, max-image-preview:large, max-video-preview:-1\" \/>\n<link rel=\"canonical\" href=\"https:\/\/www.empuron.com\/index.php\/de\/app-energiemanagement-mit-applikationen\/\" \/>\n<meta property=\"og:locale\" content=\"de_DE\" \/>\n<meta property=\"og:type\" content=\"article\" \/>\n<meta property=\"og:title\" content=\"APP\" \/>\n<meta property=\"og:description\" content=\"APP \u2013 ENERGIEMANAGEMENT MIT APPLIKATIONEN erg\u00e4nzen und optimieren. EMPURON L\u00f6sungen - mit Apps gestaltbare Energiemanagementsysteme\" \/>\n<meta property=\"og:url\" content=\"https:\/\/www.empuron.com\/index.php\/de\/app-energiemanagement-mit-applikationen\/\" \/>\n<meta property=\"og:site_name\" content=\"EMPURON\" \/>\n<meta property=\"article:modified_time\" content=\"2020-02-05T12:28:59+00:00\" \/>\n<meta property=\"og:image\" content=\"https:\/\/www.empuron.com\/wp-content\/uploads\/2016\/04\/APP_Icon_mini.png\" \/>\n<meta name=\"twitter:card\" content=\"summary_large_image\" \/>\n<meta name=\"twitter:label1\" content=\"Gesch\u00e4tzte Lesezeit\" \/>\n\t<meta name=\"twitter:data1\" content=\"1\u00a0Minute\" \/>\n<script type=\"application\/ld+json\" class=\"yoast-schema-graph\">{\"@context\":\"https:\\\/\\\/schema.org\",\"@graph\":[{\"@type\":\"WebPage\",\"@id\":\"https:\\\/\\\/www.empuron.com\\\/index.php\\\/de\\\/app-energiemanagement-mit-applikationen\\\/\",\"url\":\"https:\\\/\\\/www.empuron.com\\\/index.php\\\/de\\\/app-energiemanagement-mit-applikationen\\\/\",\"name\":\"APPLIKATIONEN F\u00dcR ENERGIEMANAGEMENT - APP\",\"isPartOf\":{\"@id\":\"https:\\\/\\\/www.empuron.com\\\/#website\"},\"primaryImageOfPage\":{\"@id\":\"https:\\\/\\\/www.empuron.com\\\/index.php\\\/de\\\/app-energiemanagement-mit-applikationen\\\/#primaryimage\"},\"image\":{\"@id\":\"https:\\\/\\\/www.empuron.com\\\/index.php\\\/de\\\/app-energiemanagement-mit-applikationen\\\/#primaryimage\"},\"thumbnailUrl\":\"https:\\\/\\\/www.empuron.com\\\/wp-content\\\/uploads\\\/2016\\\/04\\\/APP_Icon_mini.png\",\"datePublished\":\"2016-04-22T07:00:28+00:00\",\"dateModified\":\"2020-02-05T12:28:59+00:00\",\"description\":\"APP \u2013 ENERGIEMANAGEMENT MIT APPLIKATIONEN erg\u00e4nzen und optimieren. EMPURON L\u00f6sungen - mit Apps gestaltbare Energiemanagementsysteme\",\"breadcrumb\":{\"@id\":\"https:\\\/\\\/www.empuron.com\\\/index.php\\\/de\\\/app-energiemanagement-mit-applikationen\\\/#breadcrumb\"},\"inLanguage\":\"de\",\"potentialAction\":[{\"@type\":\"ReadAction\",\"target\":[\"https:\\\/\\\/www.empuron.com\\\/index.php\\\/de\\\/app-energiemanagement-mit-applikationen\\\/\"]}]},{\"@type\":\"ImageObject\",\"inLanguage\":\"de\",\"@id\":\"https:\\\/\\\/www.empuron.com\\\/index.php\\\/de\\\/app-energiemanagement-mit-applikationen\\\/#primaryimage\",\"url\":\"https:\\\/\\\/www.empuron.com\\\/wp-content\\\/uploads\\\/2016\\\/04\\\/APP_Icon_mini.png\",\"contentUrl\":\"https:\\\/\\\/www.empuron.com\\\/wp-content\\\/uploads\\\/2016\\\/04\\\/APP_Icon_mini.png\",\"width\":130,\"height\":130},{\"@type\":\"BreadcrumbList\",\"@id\":\"https:\\\/\\\/www.empuron.com\\\/index.php\\\/de\\\/app-energiemanagement-mit-applikationen\\\/#breadcrumb\",\"itemListElement\":[{\"@type\":\"ListItem\",\"position\":1,\"name\":\"Startseite\",\"item\":\"https:\\\/\\\/www.empuron.com\\\/index.php\\\/de\\\/https-www-empuron-com-index-php-de-https-www-empuron-com-index-php-de-empuron-ueberlegenes-energiemanagement\\\/\"},{\"@type\":\"ListItem\",\"position\":2,\"name\":\"APP\"}]},{\"@type\":\"WebSite\",\"@id\":\"https:\\\/\\\/www.empuron.com\\\/#website\",\"url\":\"https:\\\/\\\/www.empuron.com\\\/\",\"name\":\"EMPURON\",\"description\":\"Specialised in Energy Intelligence Solutions\",\"publisher\":{\"@id\":\"https:\\\/\\\/www.empuron.com\\\/#organization\"},\"potentialAction\":[{\"@type\":\"SearchAction\",\"target\":{\"@type\":\"EntryPoint\",\"urlTemplate\":\"https:\\\/\\\/www.empuron.com\\\/?s={search_term_string}\"},\"query-input\":{\"@type\":\"PropertyValueSpecification\",\"valueRequired\":true,\"valueName\":\"search_term_string\"}}],\"inLanguage\":\"de\"},{\"@type\":\"Organization\",\"@id\":\"https:\\\/\\\/www.empuron.com\\\/#organization\",\"name\":\"EMPURON AG\",\"url\":\"https:\\\/\\\/www.empuron.com\\\/\",\"logo\":{\"@type\":\"ImageObject\",\"inLanguage\":\"de\",\"@id\":\"https:\\\/\\\/www.empuron.com\\\/#\\\/schema\\\/logo\\\/image\\\/\",\"url\":\"https:\\\/\\\/www.empuron.com\\\/wp-content\\\/uploads\\\/2017\\\/05\\\/Emp_Logo.png\",\"contentUrl\":\"https:\\\/\\\/www.empuron.com\\\/wp-content\\\/uploads\\\/2017\\\/05\\\/Emp_Logo.png\",\"width\":80,\"height\":80,\"caption\":\"EMPURON AG\"},\"image\":{\"@id\":\"https:\\\/\\\/www.empuron.com\\\/#\\\/schema\\\/logo\\\/image\\\/\"},\"sameAs\":[\"https:\\\/\\\/www.linkedin.com\\\/company\\\/2127395\\\/\"]}]}<\/script>\n<!-- \/ Yoast SEO Premium plugin. -->","yoast_head_json":{"title":"APPLIKATIONEN F\u00dcR ENERGIEMANAGEMENT - APP","description":"APP \u2013 ENERGIEMANAGEMENT MIT APPLIKATIONEN erg\u00e4nzen und optimieren. EMPURON L\u00f6sungen - mit Apps gestaltbare Energiemanagementsysteme","robots":{"index":"index","follow":"follow","max-snippet":"max-snippet:-1","max-image-preview":"max-image-preview:large","max-video-preview":"max-video-preview:-1"},"canonical":"https:\/\/www.empuron.com\/index.php\/de\/app-energiemanagement-mit-applikationen\/","og_locale":"de_DE","og_type":"article","og_title":"APP","og_description":"APP \u2013 ENERGIEMANAGEMENT MIT APPLIKATIONEN erg\u00e4nzen und optimieren. EMPURON L\u00f6sungen - mit Apps gestaltbare Energiemanagementsysteme","og_url":"https:\/\/www.empuron.com\/index.php\/de\/app-energiemanagement-mit-applikationen\/","og_site_name":"EMPURON","article_modified_time":"2020-02-05T12:28:59+00:00","og_image":[{"url":"https:\/\/www.empuron.com\/wp-content\/uploads\/2016\/04\/APP_Icon_mini.png","type":"","width":"","height":""}],"twitter_card":"summary_large_image","twitter_misc":{"Gesch\u00e4tzte Lesezeit":"1\u00a0Minute"},"schema":{"@context":"https:\/\/schema.org","@graph":[{"@type":"WebPage","@id":"https:\/\/www.empuron.com\/index.php\/de\/app-energiemanagement-mit-applikationen\/","url":"https:\/\/www.empuron.com\/index.php\/de\/app-energiemanagement-mit-applikationen\/","name":"APPLIKATIONEN F\u00dcR ENERGIEMANAGEMENT - APP","isPartOf":{"@id":"https:\/\/www.empuron.com\/#website"},"primaryImageOfPage":{"@id":"https:\/\/www.empuron.com\/index.php\/de\/app-energiemanagement-mit-applikationen\/#primaryimage"},"image":{"@id":"https:\/\/www.empuron.com\/index.php\/de\/app-energiemanagement-mit-applikationen\/#primaryimage"},"thumbnailUrl":"https:\/\/www.empuron.com\/wp-content\/uploads\/2016\/04\/APP_Icon_mini.png","datePublished":"2016-04-22T07:00:28+00:00","dateModified":"2020-02-05T12:28:59+00:00","description":"APP \u2013 ENERGIEMANAGEMENT MIT APPLIKATIONEN erg\u00e4nzen und optimieren. EMPURON L\u00f6sungen - mit Apps gestaltbare Energiemanagementsysteme","breadcrumb":{"@id":"https:\/\/www.empuron.com\/index.php\/de\/app-energiemanagement-mit-applikationen\/#breadcrumb"},"inLanguage":"de","potentialAction":[{"@type":"ReadAction","target":["https:\/\/www.empuron.com\/index.php\/de\/app-energiemanagement-mit-applikationen\/"]}]},{"@type":"ImageObject","inLanguage":"de","@id":"https:\/\/www.empuron.com\/index.php\/de\/app-energiemanagement-mit-applikationen\/#primaryimage","url":"https:\/\/www.empuron.com\/wp-content\/uploads\/2016\/04\/APP_Icon_mini.png","contentUrl":"https:\/\/www.empuron.com\/wp-content\/uploads\/2016\/04\/APP_Icon_mini.png","width":130,"height":130},{"@type":"BreadcrumbList","@id":"https:\/\/www.empuron.com\/index.php\/de\/app-energiemanagement-mit-applikationen\/#breadcrumb","itemListElement":[{"@type":"ListItem","position":1,"name":"Startseite","item":"https:\/\/www.empuron.com\/index.php\/de\/https-www-empuron-com-index-php-de-https-www-empuron-com-index-php-de-empuron-ueberlegenes-energiemanagement\/"},{"@type":"ListItem","position":2,"name":"APP"}]},{"@type":"WebSite","@id":"https:\/\/www.empuron.com\/#website","url":"https:\/\/www.empuron.com\/","name":"EMPURON","description":"Specialised in Energy Intelligence Solutions","publisher":{"@id":"https:\/\/www.empuron.com\/#organization"},"potentialAction":[{"@type":"SearchAction","target":{"@type":"EntryPoint","urlTemplate":"https:\/\/www.empuron.com\/?s={search_term_string}"},"query-input":{"@type":"PropertyValueSpecification","valueRequired":true,"valueName":"search_term_string"}}],"inLanguage":"de"},{"@type":"Organization","@id":"https:\/\/www.empuron.com\/#organization","name":"EMPURON AG","url":"https:\/\/www.empuron.com\/","logo":{"@type":"ImageObject","inLanguage":"de","@id":"https:\/\/www.empuron.com\/#\/schema\/logo\/image\/","url":"https:\/\/www.empuron.com\/wp-content\/uploads\/2017\/05\/Emp_Logo.png","contentUrl":"https:\/\/www.empuron.com\/wp-content\/uploads\/2017\/05\/Emp_Logo.png","width":80,"height":80,"caption":"EMPURON AG"},"image":{"@id":"https:\/\/www.empuron.com\/#\/schema\/logo\/image\/"},"sameAs":["https:\/\/www.linkedin.com\/company\/2127395\/"]}]}},"_links":{"self":[{"href":"https:\/\/www.empuron.com\/index.php\/wp-json\/wp\/v2\/pages\/73","targetHints":{"allow":["GET"]}}],"collection":[{"href":"https:\/\/www.empuron.com\/index.php\/wp-json\/wp\/v2\/pages"}],"about":[{"href":"https:\/\/www.empuron.com\/index.php\/wp-json\/wp\/v2\/types\/page"}],"author":[{"embeddable":true,"href":"https:\/\/www.empuron.com\/index.php\/wp-json\/wp\/v2\/users\/2"}],"replies":[{"embeddable":true,"href":"https:\/\/www.empuron.com\/index.php\/wp-json\/wp\/v2\/comments?post=73"}],"version-history":[{"count":83,"href":"https:\/\/www.empuron.com\/index.php\/wp-json\/wp\/v2\/pages\/73\/revisions"}],"predecessor-version":[{"id":3248,"href":"https:\/\/www.empuron.com\/index.php\/wp-json\/wp\/v2\/pages\/73\/revisions\/3248"}],"wp:attachment":[{"href":"https:\/\/www.empuron.com\/index.php\/wp-json\/wp\/v2\/media?parent=73"}],"curies":[{"name":"wp","href":"https:\/\/api.w.org\/{rel}","templated":true}]}}